{"id":44,"date":"2023-08-01T13:48:32","date_gmt":"2023-08-01T13:48:32","guid":{"rendered":"http:\/\/hausarzt-brackenheim.de\/?page_id=44"},"modified":"2024-08-06T08:39:51","modified_gmt":"2024-08-06T08:39:51","slug":"impressum-html","status":"publish","type":"page","link":"https:\/\/hausarzt-brackenheim.de\/home.html\/impressum-html","title":{"rendered":"Impressum"},"content":{"rendered":"\t\t<div data-elementor-type=\"wp-page\" data-elementor-id=\"44\" class=\"elementor elementor-44\" data-elementor-post-type=\"page\">\n\t\t\t\t\t\t<section class=\"elementor-section elementor-top-section elementor-element elementor-element-0d7467f elementor-reverse-tablet elementor-reverse-mobile elementor-section-boxed elementor-section-height-default elementor-section-height-default\" data-id=\"0d7467f\" data-element_type=\"section\" data-e-type=\"section\">\n\t\t\t\t\t\t<div class=\"elementor-container elementor-column-gap-default\">\n\t\t\t\t\t<div class=\"elementor-column elementor-col-100 elementor-top-column elementor-element elementor-element-fe8421d\" data-id=\"fe8421d\" data-element_type=\"column\" data-e-type=\"column\">\n\t\t\t<div class=\"elementor-widget-wrap elementor-element-populated\">\n\t\t\t\t\t\t<div class=\"elementor-element elementor-element-c95cfa0 elementor-widget-tablet__width-initial elementor-widget elementor-widget-heading\" data-id=\"c95cfa0\" data-element_type=\"widget\" data-e-type=\"widget\" data-widget_type=\"heading.default\">\n\t\t\t\t<div class=\"elementor-widget-container\">\n\t\t\t\t\t<h1 class=\"elementor-heading-title elementor-size-default\">Impressum<\/h1>\t\t\t\t<\/div>\n\t\t\t\t<\/div>\n\t\t\t\t<div class=\"elementor-element elementor-element-0f81518 elementor-widget-tablet__width-initial elementor-widget elementor-widget-heading\" data-id=\"0f81518\" data-element_type=\"widget\" data-e-type=\"widget\" data-widget_type=\"heading.default\">\n\t\t\t\t<div class=\"elementor-widget-container\">\n\t\t\t\t\t<h2 class=\"elementor-heading-title elementor-size-default\">Informationen gem\u00e4\u00df \u00a7 5 TMG<\/h2>\t\t\t\t<\/div>\n\t\t\t\t<\/div>\n\t\t\t\t<div class=\"elementor-element elementor-element-245e2b9 elementor-widget elementor-widget-text-editor\" data-id=\"245e2b9\" data-element_type=\"widget\" data-e-type=\"widget\" data-widget_type=\"text-editor.default\">\n\t\t\t\t<div class=\"elementor-widget-container\">\n\t\t\t\t\t\t\t\t\t<p class=\"tx-webcredit-name\">Gemeinschaftpraxis Frau Schirrmann, Frau Dr. Stellzig-Ullrich, Frau Dr. Froihofer, Herr Dr. Schirrmann <br \/>\u00c4rztinnen f\u00fcr Allgemeinmedizin und Facharzt Innere Medizin<br \/><br \/><\/p><p class=\"tx-webcredit-address\">Austra\u00dfe 30<br \/>74336 Brackenheim<br \/>Deutschland<br \/><br \/><\/p><p>Telefon: (0 71 35) 65 28<br \/>Telefax: (0 71 35) 80 46<br \/><br \/><\/p><p>E-Mail: <a href=\"mailto:team@hausarzt-brackenheim.de\">team@hausarzt-brackenheim.de<\/a><br \/><br \/><\/p><p><b>Zust\u00e4ndige \u00c4rztekammer<\/b><br \/>Landes\u00e4rztekammer Baden-W\u00fcrttemberg <a href=\"http:\/\/www.aerztekammer-bw.de\">www.aerztekammer-bw.de<\/a> <br \/>Jahnstra\u00dfe\u00a040 <br \/>70597\u00a0Stuttgart<br \/><br \/><\/p><p><b>Zust\u00e4ndige Kassen\u00e4rztliche Vereinigung:<\/b><br \/>Kassen\u00e4rztliche Vereinigung Baden-W\u00fcrttemberg <a href=\"http:\/\/www.kvbawue.de\">www.kvbawue.de<\/a> <br \/>Albstadtweg\u00a011 <br \/>70567\u00a0Stuttgart<br \/><br \/><\/p><p><b>Berufsbezeichnung<\/b><br \/>\u00c4rztinnen f\u00fcr Allgemeinmedizin<br \/><br \/><\/p><p><b>Berufsrechtliche Regelungen:<\/b><br \/>Die Berufsordnung ist zu beziehen, beziehungsweise einzusehen bei der zust\u00e4ndigen \u00c4rztekammer <a href=\"http:\/\/www.aerztekammer-bw.de\">www.aerztekammer-bw.de<\/a><br \/><br \/><\/p><p><b>Redaktionell verantwortlich:<\/b><br \/>Frau Dr. Stellzig-Ullrich<br \/><br \/><\/p><p><b> Konzept, ScreenDesign, Inhalte <\/b> <br \/><a href=\"http:\/\/www.cmxs.de\">cmxs<\/a>, Karlsruhe<br \/><br \/><\/p><p>Alle Rechte vorbehalten<\/p>\t\t\t\t\t\t\t\t<\/div>\n\t\t\t\t<\/div>\n\t\t\t\t<div class=\"elementor-element elementor-element-700c4d8 elementor-widget-tablet__width-initial elementor-widget elementor-widget-heading\" data-id=\"700c4d8\" data-element_type=\"widget\" data-e-type=\"widget\" data-widget_type=\"heading.default\">\n\t\t\t\t<div class=\"elementor-widget-container\">\n\t\t\t\t\t<h2 class=\"elementor-heading-title elementor-size-default\">RECHTLICHER HINWEIS\n<\/h2>\t\t\t\t<\/div>\n\t\t\t\t<\/div>\n\t\t\t\t<div class=\"elementor-element elementor-element-93bcc6b elementor-widget elementor-widget-text-editor\" data-id=\"93bcc6b\" data-element_type=\"widget\" data-e-type=\"widget\" data-widget_type=\"text-editor.default\">\n\t\t\t\t<div class=\"elementor-widget-container\">\n\t\t\t\t\t\t\t\t\t<h5>INHALT DES ONLINE-ANGEBOTES<\/h5><p>Die auf unseren Internetseiten zur Verf\u00fcgung gestellten Inhalte sind unseres Erachtens verl\u00e4sslich und sorgf\u00e4ltig erarbeitet. Wir \u00fcbernehmen jedoch keine Gew\u00e4hrleistung f\u00fcr die Vollst\u00e4ndigkeit, Richtigkeit und Genauigkeit s\u00e4mtlicher Inhalte auf den Webseiten. Wir \u00fcbernehmen keinerlei Gew\u00e4hr f\u00fcr die Aktualit\u00e4t, Korrektheit, Vollst\u00e4ndigkeit oder Qualit\u00e4t der bereitgestellten Informationen. Haftungsanspr\u00fcche gegen den Autor, welche sich auf Sch\u00e4den materieller oder ideeller Art beziehen, die durch die Nutzung oder Nichtnutzung der dargebotenen Informationen bzw. durch die Nutzung fehlerhafter und unvollst\u00e4ndiger Informationen verursacht wurden, sind grunds\u00e4tzlich ausgeschlossen, sofern seitens des Autors kein nachweislich vors\u00e4tzliches oder grob fahrl\u00e4ssiges Verschulden vorliegt.<\/p><p>Die auf unserer Homepage f\u00fcr Sie bereitgestellten\u00a0<strong>Gesundheitsinformationen<\/strong>\u00a0d\u00fcrfen weder als Ersatz f\u00fcr professionelle Beratung und\/oder Behandlung durch approbierte \u00c4rzte und Zahn\u00e4rzte angesehen werden, noch d\u00fcrfen aufgrund der Informationen eigenst\u00e4ndig Diagnosen gestellt oder Behandlungen begonnen oder abgesetzt werden. Beachten Sie bitte, dass unsere Gesundheitsinformationen nicht den Arztbesuch ersetzen.<\/p><p>Alle Angebote sind frei bleibend und unverbindlich. Wir behalten es uns ausdr\u00fccklich vor, Teile der Seiten oder das gesamte Angebot ohne gesonderte Ank\u00fcndigung zu ver\u00e4ndern, zu erg\u00e4nzen, zu l\u00f6schen oder die Ver\u00f6ffentlichung zeitweise oder endg\u00fcltig einzustellen.<\/p><h5>VERWEISE UND LINKS<\/h5><p>Trotz sorgf\u00e4ltiger Kontrolle externer Links \u00fcbernehmen wir keine Haftung f\u00fcr deren Inhalte. F\u00fcr den Inhalt verlinkter Stellen sind ausschlie\u00dflich deren Betreiber verantwortlich. Bei direkten oder indirekten Verweisen auf fremde Internet-Seiten (&#8222;Links&#8220;), die au\u00dferhalb des Verantwortungsbereiches des Autors liegen, w\u00fcrde eine Haftungsverpflichtung ausschlie\u00dflich in dem Fall in Kraft treten, in dem wir von den Inhalten Kenntnis h\u00e4tten und es uns technisch m\u00f6glich und zumutbar w\u00e4re, die Nutzung im Falle rechtswidriger Inhalte zu verhindern. Wir erkl\u00e4ren hiermit ausdr\u00fccklich, dass zum Zeitpunkt der Link-Setzung keine illegalen Inhalte auf den zu verlinkenden Seiten erkennbar waren. Auf die aktuelle und zuk\u00fcnftige Gestaltung, die Inhalte oder die Urheberschaft der gelinkten\/verkn\u00fcpften Seiten haben wir keinerlei Einfluss. Deshalb distanzieren wir uns hiermit ausdr\u00fccklich von allen Inhalten aller gelinkten\/verkn\u00fcpften Seiten, die nach der Link-Setzung ver\u00e4ndert wurden. Diese Feststellung gilt f\u00fcr alle innerhalb des eigenen Internet-Angebotes gesetzten Links und Verweise sowie f\u00fcr Fremdeintr\u00e4ge in vom Autor eingerichteten G\u00e4steb\u00fcchern, Diskussionsforen und Mailing-Listen. F\u00fcr illegale, fehlerhafte oder unvollst\u00e4ndige Inhalte und insbesondere f\u00fcr Sch\u00e4den, die aus der Nutzung oder Nichtnutzung solcherart dargebotenen Informationen entstehen, haftet allein der Anbieter der Seite, auf welche verwiesen wurde, nicht derjenige, der \u00fcber Links auf die jeweilige Ver\u00f6ffentlichung lediglich verweist.<\/p><h5>URHEBER- UND KENNZEICHENRECHT<\/h5><p>Wir sind bestrebt, in allen Publikationen die Urheberrechte der verwendeten Grafiken, Tondokumente, Videosequenzen und Texte zu beachten, selbst erstellte Grafiken, Tondokumente, Videosequenzen und Texte zu nutzen oder auf lizenzfreie Grafiken, Tondokumente, Videosequenzen und Texte zur\u00fcckzugreifen. Alle innerhalb des Internet-Angebotes genannten und ggf. durch Dritte gesch\u00fctzten Marken- und Warenzeichen unterliegen uneingeschr\u00e4nkt den Bestimmungen des jeweils g\u00fcltigen Kennzeichenrechts und den Besitzrechten der jeweiligen eingetragenen Eigent\u00fcmer. Allein aufgrund der blo\u00dfen Nennung ist nicht der Schluss zu ziehen, dass Markenzeichen nicht durch Rechte Dritter gesch\u00fctzt sind! Das Copyright f\u00fcr ver\u00f6ffentlichte, vom Autor selbst erstellte Objekte bleibt allein beim Autor der Seiten. Eine Vervielf\u00e4ltigung oder Verwendung solcher Grafiken, Tondokumente, Videosequenzen und Texte in anderen elektronischen oder gedruckten Publikationen ist ohne ausdr\u00fcckliche Zustimmung des Autors nicht gestattet.<\/p><h5>STREITBEILEGUNGSVERFAHREN<\/h5><p>Wir nehmen nicht an einem Streitbeilegungsverfahren vor einer Verbraucherschlichtungsstelle teil.<\/p><h5>HINWEIS ZUM ALLGEMEINEN GLEICHBEHANDLUNGSGESETZ (AGG)<\/h5><p>Aus Gr\u00fcnden der leichteren Lesbarkeit wird auf eine geschlechterspezifische Differenzierung verzichtet. Entsprechende Begriffe gelten im Sinne der Gleichbehandlung f\u00fcr alle Geschlechter.<\/p><h5>COPYRIGHT<\/h5><h5>Vervielf\u00e4ltigung der hier ver\u00f6ffentlichten Inhalte und Grafiken nur mit ausdr\u00fccklicher schriftlicher Genehmigung.<\/h5><h5>BILDNACHWEIS<\/h5><p>iStock: 1014086894 \u2013\u00a0<a class=\"photographer cWU9wH5uj9cM5CMFEMVC\" href=\"https:\/\/www.istockphoto.com\/de\/portfolio\/SuriyawutSuriya?mediatype=photography\" data-testid=\"photographer\"><span class=\"LnOLJ4WPBg1pjxPKMDBE\">Suriyawut Suriya<\/span><\/a><\/p><p>iStock: 1484428004 \u2013\u00a0<a class=\"photographer cWU9wH5uj9cM5CMFEMVC\" href=\"https:\/\/www.istockphoto.com\/de\/portfolio\/DjoleKrstic?mediatype=photography\" data-testid=\"photographer\"><span class=\"LnOLJ4WPBg1pjxPKMDBE\">Djordje Krstic<\/span><\/a><\/p><p>iStock: 537603310 \u2013\u00a0<a class=\"photographer cWU9wH5uj9cM5CMFEMVC\" href=\"https:\/\/www.istockphoto.com\/de\/portfolio\/kzenon?mediatype=photography\" data-testid=\"photographer\"><span class=\"LnOLJ4WPBg1pjxPKMDBE\">kzenon<\/span><\/a><\/p><p>iStock: 1208397353 \u2013\u00a0<a class=\"photographer cWU9wH5uj9cM5CMFEMVC\" href=\"https:\/\/www.istockphoto.com\/de\/portfolio\/fizkes?mediatype=photography\" data-testid=\"photographer\"><span class=\"LnOLJ4WPBg1pjxPKMDBE\">fizkes<\/span><\/a><\/p><p>iStock: 611173902 \u2013\u00a0<a class=\"photographer cWU9wH5uj9cM5CMFEMVC\" href=\"https:\/\/www.istockphoto.com\/de\/portfolio\/FamVeld?mediatype=photography\" data-testid=\"photographer\"><span class=\"LnOLJ4WPBg1pjxPKMDBE\">FamVeld<\/span><\/a><\/p><p>iStock: 1176484190 \u2013\u00a0<a class=\"photographer cWU9wH5uj9cM5CMFEMVC\" href=\"https:\/\/www.istockphoto.com\/de\/portfolio\/doble-d?mediatype=photography\" data-testid=\"photographer\"><span class=\"LnOLJ4WPBg1pjxPKMDBE\">doble-d<\/span><\/a><\/p><p>iStock: 537952495 \u2013\u00a0<a class=\"photographer cWU9wH5uj9cM5CMFEMVC\" href=\"https:\/\/www.istockphoto.com\/de\/portfolio\/vgajic?mediatype=photography\" data-testid=\"photographer\"><span class=\"LnOLJ4WPBg1pjxPKMDBE\">vgajic<\/span><\/a><\/p><p>iStock: 1460745702 \u2013\u00a0<a class=\"photographer cWU9wH5uj9cM5CMFEMVC\" href=\"https:\/\/www.istockphoto.com\/de\/portfolio\/Pekic?mediatype=photography\" data-testid=\"photographer\"><span class=\"LnOLJ4WPBg1pjxPKMDBE\">Pekic<\/span><\/a><\/p><p>iStock: 909903256 \u2013\u00a0<a class=\"photographer cWU9wH5uj9cM5CMFEMVC\" href=\"https:\/\/www.istockphoto.com\/de\/portfolio\/demaerre?mediatype=photography\" data-testid=\"photographer\"><span class=\"LnOLJ4WPBg1pjxPKMDBE\">demaerre<\/span><\/a><\/p><p>iStock: 1324653833 \u2013\u00a0<a class=\"photographer cWU9wH5uj9cM5CMFEMVC\" href=\"https:\/\/www.istockphoto.com\/de\/portfolio\/skynesher?mediatype=photography\" data-testid=\"photographer\"><span class=\"LnOLJ4WPBg1pjxPKMDBE\">skynesher<\/span><\/a><\/p><p>iStock: 839318532 \u2013\u00a0<a class=\"photographer cWU9wH5uj9cM5CMFEMVC\" href=\"https:\/\/www.istockphoto.com\/de\/portfolio\/thomasandreas?mediatype=photography\" data-testid=\"photographer\"><span class=\"LnOLJ4WPBg1pjxPKMDBE\">thomasandreas<\/span><\/a><\/p><p>iStock: 1425501591 \u2013\u00a0<a class=\"photographer cWU9wH5uj9cM5CMFEMVC\" href=\"https:\/\/www.istockphoto.com\/de\/portfolio\/Darunechka?mediatype=photography\" data-testid=\"photographer\"><span class=\"LnOLJ4WPBg1pjxPKMDBE\">peakSTOCK<\/span><\/a><\/p><p>iStock: 913784822 \u2013\u00a0<a class=\"photographer cWU9wH5uj9cM5CMFEMVC\" href=\"https:\/\/www.istockphoto.com\/de\/portfolio\/Morsa?mediatype=photography\" data-testid=\"photographer\"><span class=\"LnOLJ4WPBg1pjxPKMDBE\">Morsa Images<\/span><\/a><\/p><p>iStock: 842459892 \u2013\u00a0<a class=\"photographer cWU9wH5uj9cM5CMFEMVC\" href=\"https:\/\/www.istockphoto.com\/de\/portfolio\/SARINYAPINNGAM?mediatype=photography\" data-testid=\"photographer\"><span class=\"LnOLJ4WPBg1pjxPKMDBE\">SARINYAPINNGAM<\/span><\/a><\/p>\t\t\t\t\t\t\t\t<\/div>\n\t\t\t\t<\/div>\n\t\t\t\t\t<\/div>\n\t\t<\/div>\n\t\t\t\t\t<\/div>\n\t\t<\/section>\n\t\t\t\t<\/div>\n\t\t","protected":false},"excerpt":{"rendered":"<p>Impressum Informationen gem\u00e4\u00df \u00a7 5 TMG Gemeinschaftpraxis Frau Schirrmann, Frau Dr. Stellzig-Ullrich, Frau Dr. Froihofer, Herr Dr. Schirrmann \u00c4rztinnen f\u00fcr Allgemeinmedizin und Facharzt Innere Medizin Austra\u00dfe 3074336 BrackenheimDeutschland Telefon: (0 71 35) 65 28Telefax: (0 71 35) 80 46 E-Mail: team@hausarzt-brackenheim.de Zust\u00e4ndige \u00c4rztekammerLandes\u00e4rztekammer Baden-W\u00fcrttemberg www.aerztekammer-bw.de Jahnstra\u00dfe\u00a040 70597\u00a0Stuttgart Zust\u00e4ndige Kassen\u00e4rztliche Vereinigung:Kassen\u00e4rztliche Vereinigung Baden-W\u00fcrttemberg www.kvbawue.de Albstadtweg\u00a011 70567\u00a0Stuttgart [&hellip;]<\/p>\n","protected":false},"author":1,"featured_media":0,"parent":0,"menu_order":100,"comment_status":"closed","ping_status":"closed","template":"","meta":{"footnotes":""},"class_list":["post-44","page","type-page","status-publish","hentry"],"yoast_head":"<!-- This site is optimized with the Yoast SEO plugin v27.3 - https:\/\/yoast.com\/product\/yoast-seo-wordpress\/ -->\n<title>Impressum &#8226; Hausarztpraxis Brackenheim<\/title>\n<meta name=\"robots\" content=\"noindex, follow\" \/>\n<meta property=\"og:locale\" content=\"de_DE\" \/>\n<meta property=\"og:type\" content=\"article\" \/>\n<meta property=\"og:title\" content=\"Impressum &#8226; Hausarztpraxis Brackenheim\" \/>\n<meta property=\"og:description\" content=\"Impressum Informationen gem\u00e4\u00df \u00a7 5 TMG Gemeinschaftpraxis Frau Schirrmann, Frau Dr. Stellzig-Ullrich, Frau Dr. Froihofer, Herr Dr. Schirrmann \u00c4rztinnen f\u00fcr Allgemeinmedizin und Facharzt Innere Medizin Austra\u00dfe 3074336 BrackenheimDeutschland Telefon: (0 71 35) 65 28Telefax: (0 71 35) 80 46 E-Mail: team@hausarzt-brackenheim.de Zust\u00e4ndige \u00c4rztekammerLandes\u00e4rztekammer Baden-W\u00fcrttemberg www.aerztekammer-bw.de Jahnstra\u00dfe\u00a040 70597\u00a0Stuttgart Zust\u00e4ndige Kassen\u00e4rztliche Vereinigung:Kassen\u00e4rztliche Vereinigung Baden-W\u00fcrttemberg www.kvbawue.de Albstadtweg\u00a011 70567\u00a0Stuttgart [&hellip;]\" \/>\n<meta property=\"og:url\" content=\"https:\/\/hausarzt-brackenheim.de\/home.html\/impressum-html\" \/>\n<meta property=\"og:site_name\" content=\"Hausarztpraxis Brackenheim\" \/>\n<meta property=\"article:modified_time\" content=\"2024-08-06T08:39:51+00:00\" \/>\n<meta property=\"og:image\" content=\"https:\/\/hausarzt-brackenheim.de\/wp-content\/uploads\/2024\/07\/hausarztpraxis-schirrmann-stellzig-websitebild-logo.jpg\" \/>\n\t<meta property=\"og:image:width\" content=\"1200\" \/>\n\t<meta property=\"og:image:height\" content=\"675\" \/>\n\t<meta property=\"og:image:type\" content=\"image\/jpeg\" \/>\n<meta name=\"twitter:card\" content=\"summary_large_image\" \/>\n<meta name=\"twitter:label1\" content=\"Gesch\u00e4tzte Lesezeit\" \/>\n\t<meta name=\"twitter:data1\" content=\"4\u00a0Minuten\" \/>\n<script type=\"application\/ld+json\" class=\"yoast-schema-graph\">{\"@context\":\"https:\\\/\\\/schema.org\",\"@graph\":[{\"@type\":\"WebPage\",\"@id\":\"https:\\\/\\\/hausarzt-brackenheim.de\\\/home.html\\\/impressum-html\",\"url\":\"https:\\\/\\\/hausarzt-brackenheim.de\\\/home.html\\\/impressum-html\",\"name\":\"Impressum &#8226; Hausarztpraxis Brackenheim\",\"isPartOf\":{\"@id\":\"https:\\\/\\\/hausarzt-brackenheim.de\\\/home.html\\\/#website\"},\"datePublished\":\"2023-08-01T13:48:32+00:00\",\"dateModified\":\"2024-08-06T08:39:51+00:00\",\"breadcrumb\":{\"@id\":\"https:\\\/\\\/hausarzt-brackenheim.de\\\/home.html\\\/impressum-html#breadcrumb\"},\"inLanguage\":\"de\",\"potentialAction\":[{\"@type\":\"ReadAction\",\"target\":[\"https:\\\/\\\/hausarzt-brackenheim.de\\\/home.html\\\/impressum-html\"]}]},{\"@type\":\"BreadcrumbList\",\"@id\":\"https:\\\/\\\/hausarzt-brackenheim.de\\\/home.html\\\/impressum-html#breadcrumb\",\"itemListElement\":[{\"@type\":\"ListItem\",\"position\":1,\"name\":\"Home\",\"item\":\"https:\\\/\\\/hausarzt-brackenheim.de\\\/home.html\\\/\"},{\"@type\":\"ListItem\",\"position\":2,\"name\":\"Impressum\"}]},{\"@type\":\"WebSite\",\"@id\":\"https:\\\/\\\/hausarzt-brackenheim.de\\\/home.html\\\/#website\",\"url\":\"https:\\\/\\\/hausarzt-brackenheim.de\\\/home.html\\\/\",\"name\":\"Hausarztpraxis Brackenheim\",\"description\":\"Dr. med. Stellzig-Ullrich | Dr. med. Froihofer | Dr. med. Schirrmann | Frau Schirrmann\",\"publisher\":{\"@id\":\"https:\\\/\\\/hausarzt-brackenheim.de\\\/home.html\\\/#organization\"},\"alternateName\":\"Hausarzt in Brackenheim\",\"potentialAction\":[{\"@type\":\"SearchAction\",\"target\":{\"@type\":\"EntryPoint\",\"urlTemplate\":\"https:\\\/\\\/hausarzt-brackenheim.de\\\/home.html\\\/?s={search_term_string}\"},\"query-input\":{\"@type\":\"PropertyValueSpecification\",\"valueRequired\":true,\"valueName\":\"search_term_string\"}}],\"inLanguage\":\"de\"},{\"@type\":\"Organization\",\"@id\":\"https:\\\/\\\/hausarzt-brackenheim.de\\\/home.html\\\/#organization\",\"name\":\"Hausarztpraxis Brackenheim\",\"url\":\"https:\\\/\\\/hausarzt-brackenheim.de\\\/home.html\\\/\",\"logo\":{\"@type\":\"ImageObject\",\"inLanguage\":\"de\",\"@id\":\"https:\\\/\\\/hausarzt-brackenheim.de\\\/home.html\\\/#\\\/schema\\\/logo\\\/image\\\/\",\"url\":\"https:\\\/\\\/hausarzt-brackenheim.de\\\/wp-content\\\/uploads\\\/2023\\\/07\\\/favicon-Schirrmann-Stellzig.png\",\"contentUrl\":\"https:\\\/\\\/hausarzt-brackenheim.de\\\/wp-content\\\/uploads\\\/2023\\\/07\\\/favicon-Schirrmann-Stellzig.png\",\"width\":512,\"height\":512,\"caption\":\"Hausarztpraxis Brackenheim\"},\"image\":{\"@id\":\"https:\\\/\\\/hausarzt-brackenheim.de\\\/home.html\\\/#\\\/schema\\\/logo\\\/image\\\/\"}}]}<\/script>\n<!-- \/ Yoast SEO plugin. -->","yoast_head_json":{"title":"Impressum &#8226; Hausarztpraxis Brackenheim","robots":{"index":"noindex","follow":"follow"},"og_locale":"de_DE","og_type":"article","og_title":"Impressum &#8226; Hausarztpraxis Brackenheim","og_description":"Impressum Informationen gem\u00e4\u00df \u00a7 5 TMG Gemeinschaftpraxis Frau Schirrmann, Frau Dr. Stellzig-Ullrich, Frau Dr. Froihofer, Herr Dr. Schirrmann \u00c4rztinnen f\u00fcr Allgemeinmedizin und Facharzt Innere Medizin Austra\u00dfe 3074336 BrackenheimDeutschland Telefon: (0 71 35) 65 28Telefax: (0 71 35) 80 46 E-Mail: team@hausarzt-brackenheim.de Zust\u00e4ndige \u00c4rztekammerLandes\u00e4rztekammer Baden-W\u00fcrttemberg www.aerztekammer-bw.de Jahnstra\u00dfe\u00a040 70597\u00a0Stuttgart Zust\u00e4ndige Kassen\u00e4rztliche Vereinigung:Kassen\u00e4rztliche Vereinigung Baden-W\u00fcrttemberg www.kvbawue.de Albstadtweg\u00a011 70567\u00a0Stuttgart [&hellip;]","og_url":"https:\/\/hausarzt-brackenheim.de\/home.html\/impressum-html","og_site_name":"Hausarztpraxis Brackenheim","article_modified_time":"2024-08-06T08:39:51+00:00","og_image":[{"width":1200,"height":675,"url":"https:\/\/hausarzt-brackenheim.de\/wp-content\/uploads\/2024\/07\/hausarztpraxis-schirrmann-stellzig-websitebild-logo.jpg","type":"image\/jpeg"}],"twitter_card":"summary_large_image","twitter_misc":{"Gesch\u00e4tzte Lesezeit":"4\u00a0Minuten"},"schema":{"@context":"https:\/\/schema.org","@graph":[{"@type":"WebPage","@id":"https:\/\/hausarzt-brackenheim.de\/home.html\/impressum-html","url":"https:\/\/hausarzt-brackenheim.de\/home.html\/impressum-html","name":"Impressum &#8226; Hausarztpraxis Brackenheim","isPartOf":{"@id":"https:\/\/hausarzt-brackenheim.de\/home.html\/#website"},"datePublished":"2023-08-01T13:48:32+00:00","dateModified":"2024-08-06T08:39:51+00:00","breadcrumb":{"@id":"https:\/\/hausarzt-brackenheim.de\/home.html\/impressum-html#breadcrumb"},"inLanguage":"de","potentialAction":[{"@type":"ReadAction","target":["https:\/\/hausarzt-brackenheim.de\/home.html\/impressum-html"]}]},{"@type":"BreadcrumbList","@id":"https:\/\/hausarzt-brackenheim.de\/home.html\/impressum-html#breadcrumb","itemListElement":[{"@type":"ListItem","position":1,"name":"Home","item":"https:\/\/hausarzt-brackenheim.de\/home.html\/"},{"@type":"ListItem","position":2,"name":"Impressum"}]},{"@type":"WebSite","@id":"https:\/\/hausarzt-brackenheim.de\/home.html\/#website","url":"https:\/\/hausarzt-brackenheim.de\/home.html\/","name":"Hausarztpraxis Brackenheim","description":"Dr. med. Stellzig-Ullrich | Dr. med. Froihofer | Dr. med. Schirrmann | Frau Schirrmann","publisher":{"@id":"https:\/\/hausarzt-brackenheim.de\/home.html\/#organization"},"alternateName":"Hausarzt in Brackenheim","potentialAction":[{"@type":"SearchAction","target":{"@type":"EntryPoint","urlTemplate":"https:\/\/hausarzt-brackenheim.de\/home.html\/?s={search_term_string}"},"query-input":{"@type":"PropertyValueSpecification","valueRequired":true,"valueName":"search_term_string"}}],"inLanguage":"de"},{"@type":"Organization","@id":"https:\/\/hausarzt-brackenheim.de\/home.html\/#organization","name":"Hausarztpraxis Brackenheim","url":"https:\/\/hausarzt-brackenheim.de\/home.html\/","logo":{"@type":"ImageObject","inLanguage":"de","@id":"https:\/\/hausarzt-brackenheim.de\/home.html\/#\/schema\/logo\/image\/","url":"https:\/\/hausarzt-brackenheim.de\/wp-content\/uploads\/2023\/07\/favicon-Schirrmann-Stellzig.png","contentUrl":"https:\/\/hausarzt-brackenheim.de\/wp-content\/uploads\/2023\/07\/favicon-Schirrmann-Stellzig.png","width":512,"height":512,"caption":"Hausarztpraxis Brackenheim"},"image":{"@id":"https:\/\/hausarzt-brackenheim.de\/home.html\/#\/schema\/logo\/image\/"}}]}},"_links":{"self":[{"href":"https:\/\/hausarzt-brackenheim.de\/home.html\/wp-json\/wp\/v2\/pages\/44","targetHints":{"allow":["GET"]}}],"collection":[{"href":"https:\/\/hausarzt-brackenheim.de\/home.html\/wp-json\/wp\/v2\/pages"}],"about":[{"href":"https:\/\/hausarzt-brackenheim.de\/home.html\/wp-json\/wp\/v2\/types\/page"}],"author":[{"embeddable":true,"href":"https:\/\/hausarzt-brackenheim.de\/home.html\/wp-json\/wp\/v2\/users\/1"}],"replies":[{"embeddable":true,"href":"https:\/\/hausarzt-brackenheim.de\/home.html\/wp-json\/wp\/v2\/comments?post=44"}],"version-history":[{"count":10,"href":"https:\/\/hausarzt-brackenheim.de\/home.html\/wp-json\/wp\/v2\/pages\/44\/revisions"}],"predecessor-version":[{"id":930,"href":"https:\/\/hausarzt-brackenheim.de\/home.html\/wp-json\/wp\/v2\/pages\/44\/revisions\/930"}],"wp:attachment":[{"href":"https:\/\/hausarzt-brackenheim.de\/home.html\/wp-json\/wp\/v2\/media?parent=44"}],"curies":[{"name":"wp","href":"https:\/\/api.w.org\/{rel}","templated":true}]}}