{"id":34,"date":"2023-08-01T13:45:50","date_gmt":"2023-08-01T13:45:50","guid":{"rendered":"http:\/\/hausarzt-brackenheim.de\/?page_id=34"},"modified":"2025-05-28T12:46:41","modified_gmt":"2025-05-28T12:46:41","slug":"verbeamtung","status":"publish","type":"page","link":"https:\/\/hausarzt-brackenheim.de\/home.html\/unsere-leistungen\/verbeamtung","title":{"rendered":"Verbeamtung"},"content":{"rendered":"\t\t<div data-elementor-type=\"wp-page\" data-elementor-id=\"34\" class=\"elementor elementor-34\" data-elementor-post-type=\"page\">\n\t\t\t\t\t\t<section class=\"elementor-section elementor-top-section elementor-element elementor-element-2c41eee elementor-section-full_width elementor-section-height-min-height elementor-section-items-stretch elementor-section-content-bottom elementor-section-height-default\" data-id=\"2c41eee\" data-element_type=\"section\" data-e-type=\"section\" data-settings=\"{&quot;background_background&quot;:&quot;classic&quot;}\">\n\t\t\t\t\t\t<div class=\"elementor-container elementor-column-gap-no\">\n\t\t\t\t\t<div class=\"elementor-column elementor-col-50 elementor-top-column elementor-element elementor-element-e51e269\" data-id=\"e51e269\" data-element_type=\"column\" data-e-type=\"column\" data-settings=\"{&quot;background_background&quot;:&quot;slideshow&quot;,&quot;background_slideshow_gallery&quot;:[{&quot;id&quot;:640,&quot;url&quot;:&quot;http:\\\/\\\/hausarzt-brackenheim.de\\\/wp-content\\\/uploads\\\/2023\\\/12\\\/Hausarztpraxis-Schirrmann-Stellzig-Leistungen-Verbeamtung-iStock-842459892.jpg&quot;}],&quot;background_slideshow_loop&quot;:&quot;yes&quot;,&quot;background_slideshow_slide_duration&quot;:5000,&quot;background_slideshow_slide_transition&quot;:&quot;fade&quot;,&quot;background_slideshow_transition_duration&quot;:500}\">\n\t\t\t<div class=\"elementor-widget-wrap\">\n\t\t\t\t\t\t\t<\/div>\n\t\t<\/div>\n\t\t\t\t<div class=\"elementor-column elementor-col-50 elementor-top-column elementor-element elementor-element-1097e33 elementor-hidden-tablet elementor-hidden-mobile\" data-id=\"1097e33\" data-element_type=\"column\" data-e-type=\"column\">\n\t\t\t<div class=\"elementor-widget-wrap elementor-element-populated\">\n\t\t\t\t\t\t<div class=\"elementor-element elementor-element-fb80448 animated-slow elementor-invisible elementor-widget elementor-widget-image\" data-id=\"fb80448\" data-element_type=\"widget\" data-e-type=\"widget\" data-settings=\"{&quot;_animation&quot;:&quot;fadeInRight&quot;}\" data-widget_type=\"image.default\">\n\t\t\t\t<div class=\"elementor-widget-container\">\n\t\t\t\t\t\t\t\t\t\t\t\t\t\t\t<img decoding=\"async\" src=\"https:\/\/hausarzt-brackenheim.de\/wp-content\/uploads\/2023\/10\/Hausarztpraxis-Schirrmann-Stellzig-Leistungen-Icon_Verbeamtung-tuerkis.svg\" title=\"Hausarztpraxis-Schirrmann-Stellzig-Leistungen-Icon_Verbeamtung-tuerkis\" alt=\"Hausarztpraxis-Schirrmann-Stellzig-Leistungen-Icon_Verbeamtung-tuerkis\" loading=\"lazy\" \/>\t\t\t\t\t\t\t\t\t\t\t\t\t\t\t<\/div>\n\t\t\t\t<\/div>\n\t\t\t\t\t<\/div>\n\t\t<\/div>\n\t\t\t\t\t<\/div>\n\t\t<\/section>\n\t\t\t\t<section class=\"elementor-section elementor-top-section elementor-element elementor-element-73332bf elementor-reverse-tablet elementor-reverse-mobile elementor-section-boxed elementor-section-height-default elementor-section-height-default\" data-id=\"73332bf\" data-element_type=\"section\" data-e-type=\"section\">\n\t\t\t\t\t\t<div class=\"elementor-container elementor-column-gap-default\">\n\t\t\t\t\t<div class=\"elementor-column elementor-col-50 elementor-top-column elementor-element elementor-element-f3e1093\" data-id=\"f3e1093\" data-element_type=\"column\" data-e-type=\"column\">\n\t\t\t<div class=\"elementor-widget-wrap elementor-element-populated\">\n\t\t\t\t\t\t<div class=\"elementor-element elementor-element-5bc4a9b elementor-widget-tablet__width-initial elementor-widget elementor-widget-heading\" data-id=\"5bc4a9b\" data-element_type=\"widget\" data-e-type=\"widget\" data-widget_type=\"heading.default\">\n\t\t\t\t<div class=\"elementor-widget-container\">\n\t\t\t\t\t<h1 class=\"elementor-heading-title elementor-size-default\">Verbeamtung<\/h1>\t\t\t\t<\/div>\n\t\t\t\t<\/div>\n\t\t\t\t<div class=\"elementor-element elementor-element-8245c65 elementor-widget-tablet__width-initial elementor-widget elementor-widget-heading\" data-id=\"8245c65\" data-element_type=\"widget\" data-e-type=\"widget\" data-widget_type=\"heading.default\">\n\t\t\t\t<div class=\"elementor-widget-container\">\n\t\t\t\t\t<h2 class=\"elementor-heading-title elementor-size-default\">Gesundheitspr\u00fcfung vor Verbeamtung<\/h2>\t\t\t\t<\/div>\n\t\t\t\t<\/div>\n\t\t\t\t<div class=\"elementor-element elementor-element-9ce6428 elementor-widget elementor-widget-text-editor\" data-id=\"9ce6428\" data-element_type=\"widget\" data-e-type=\"widget\" data-widget_type=\"text-editor.default\">\n\t\t\t\t<div class=\"elementor-widget-container\">\n\t\t\t\t\t\t\t\t\t<p>In unserer Praxis kann die Gesundheitspr\u00fcfung vor Verbeamtung durchgef\u00fchrt werden. Dies beinhaltet eine umfassende Untersuchung und umfasst ggf. verschiedene Tests wie Blut- und Urintests, Seh- und H\u00f6rtests, BMI-Berechnung, Blutdruckmessung, Ruhe-EKG und eine Ganzk\u00f6rperuntersuchung.<\/p>\n<p>Die Kosten f\u00fcr diese Untersuchung werden nicht von den gesetzlichen Krankenkassen \u00fcbernommen.<\/p>\t\t\t\t\t\t\t\t<\/div>\n\t\t\t\t<\/div>\n\t\t\t\t\t<\/div>\n\t\t<\/div>\n\t\t\t\t<div class=\"elementor-column elementor-col-50 elementor-top-column elementor-element elementor-element-55541a9 elementor-hidden-tablet elementor-hidden-mobile\" data-id=\"55541a9\" data-element_type=\"column\" data-e-type=\"column\">\n\t\t\t<div class=\"elementor-widget-wrap elementor-element-populated\">\n\t\t\t\t\t\t<div class=\"elementor-element elementor-element-1223 elementor-nav-menu--dropdown-none elementor-widget elementor-widget-global elementor-global-1223 elementor-widget-nav-menu\" data-id=\"1223\" data-element_type=\"widget\" data-e-type=\"widget\" data-settings=\"{&quot;layout&quot;:&quot;vertical&quot;,&quot;submenu_icon&quot;:{&quot;value&quot;:&quot;fas fa-caret-down&quot;,&quot;library&quot;:&quot;fa-solid&quot;}}\" data-widget_type=\"nav-menu.default\">\n\t\t\t\t<div class=\"elementor-widget-container\">\n\t\t\t\t\t\t\t\t<nav aria-label=\"Men\u00fc\" class=\"elementor-nav-menu--main elementor-nav-menu__container elementor-nav-menu--layout-vertical e--pointer-none\">\n\t\t\t\t<ul id=\"menu-1-1223\" class=\"elementor-nav-menu sm-vertical\"><li class=\"menu-item menu-item-type-post_type menu-item-object-page menu-item-1206\"><a href=\"https:\/\/hausarzt-brackenheim.de\/home.html\/unsere-leistungen\" class=\"elementor-item\"><h3 style=\"color:#478994\">Unsere Leistungen<\/h3><\/a><\/li>\n<li class=\"menu-item menu-item-type-post_type menu-item-object-page menu-item-1207\"><a href=\"https:\/\/hausarzt-brackenheim.de\/home.html\/unsere-leistungen\/lunge\" class=\"elementor-item\">Lunge<\/a><\/li>\n<li class=\"menu-item menu-item-type-post_type menu-item-object-page menu-item-1208\"><a href=\"https:\/\/hausarzt-brackenheim.de\/home.html\/unsere-leistungen\/chirurgie\" class=\"elementor-item\">Chirurgie<\/a><\/li>\n<li class=\"menu-item menu-item-type-post_type menu-item-object-page menu-item-1209\"><a href=\"https:\/\/hausarzt-brackenheim.de\/home.html\/unsere-leistungen\/sonografie-ultraschalluntersuchung\" class=\"elementor-item\">Sonografie<\/a><\/li>\n<li class=\"menu-item menu-item-type-post_type menu-item-object-page menu-item-1210\"><a href=\"https:\/\/hausarzt-brackenheim.de\/home.html\/unsere-leistungen\/stoffwechselerkrankungen\" class=\"elementor-item\">Stoffwechselerkrankungen<\/a><\/li>\n<li class=\"menu-item menu-item-type-post_type menu-item-object-page menu-item-1211\"><a href=\"https:\/\/hausarzt-brackenheim.de\/home.html\/unsere-leistungen\/herz-kreislauf-erkrankungen\" class=\"elementor-item\">Herz-Kreislauf-Erkrankungen<\/a><\/li>\n<li class=\"menu-item menu-item-type-post_type menu-item-object-page menu-item-1212\"><a href=\"https:\/\/hausarzt-brackenheim.de\/home.html\/unsere-leistungen\/palliativmedizin\" class=\"elementor-item\">Palliativmedizin<\/a><\/li>\n<li class=\"menu-item menu-item-type-post_type menu-item-object-page menu-item-1213\"><a href=\"https:\/\/hausarzt-brackenheim.de\/home.html\/unsere-leistungen\/suchtmedizin\" class=\"elementor-item\">Suchtmedizin<\/a><\/li>\n<li class=\"menu-item menu-item-type-post_type menu-item-object-page menu-item-1214\"><a href=\"https:\/\/hausarzt-brackenheim.de\/home.html\/unsere-leistungen\/vorsorgeuntersuchungen\" class=\"elementor-item\">Vorsorgeuntersuchungen<\/a><\/li>\n<li class=\"menu-item menu-item-type-post_type menu-item-object-page menu-item-1215\"><a href=\"https:\/\/hausarzt-brackenheim.de\/home.html\/unsere-leistungen\/verbeamtung-2\" class=\"elementor-item\">Gelbfieberimpfung<\/a><\/li>\n<li class=\"menu-item menu-item-type-post_type menu-item-object-page menu-item-1216\"><a href=\"https:\/\/hausarzt-brackenheim.de\/home.html\/unsere-leistungen\/verbeamtung\" class=\"elementor-item\">Verbeamtung<\/a><\/li>\n<li class=\"menu-item menu-item-type-post_type menu-item-object-page menu-item-1261\"><a href=\"https:\/\/hausarzt-brackenheim.de\/home.html\/barrierefreiheit\" class=\"elementor-item\">Barrierefreiheit<\/a><\/li>\n<li class=\"menu-item menu-item-type-post_type menu-item-object-page menu-item-1313\"><a href=\"https:\/\/hausarzt-brackenheim.de\/home.html\/stellenangebote\" class=\"elementor-item\">Stellenangebote<\/a><\/li>\n<\/ul>\t\t\t<\/nav>\n\t\t\t\t\t\t<nav class=\"elementor-nav-menu--dropdown elementor-nav-menu__container\" aria-hidden=\"true\">\n\t\t\t\t<ul id=\"menu-2-1223\" class=\"elementor-nav-menu sm-vertical\"><li class=\"menu-item menu-item-type-post_type menu-item-object-page menu-item-1206\"><a href=\"https:\/\/hausarzt-brackenheim.de\/home.html\/unsere-leistungen\" class=\"elementor-item\" tabindex=\"-1\"><h3 style=\"color:#478994\">Unsere Leistungen<\/h3><\/a><\/li>\n<li class=\"menu-item menu-item-type-post_type menu-item-object-page menu-item-1207\"><a href=\"https:\/\/hausarzt-brackenheim.de\/home.html\/unsere-leistungen\/lunge\" class=\"elementor-item\" tabindex=\"-1\">Lunge<\/a><\/li>\n<li class=\"menu-item menu-item-type-post_type menu-item-object-page menu-item-1208\"><a href=\"https:\/\/hausarzt-brackenheim.de\/home.html\/unsere-leistungen\/chirurgie\" class=\"elementor-item\" tabindex=\"-1\">Chirurgie<\/a><\/li>\n<li class=\"menu-item menu-item-type-post_type menu-item-object-page menu-item-1209\"><a href=\"https:\/\/hausarzt-brackenheim.de\/home.html\/unsere-leistungen\/sonografie-ultraschalluntersuchung\" class=\"elementor-item\" tabindex=\"-1\">Sonografie<\/a><\/li>\n<li class=\"menu-item menu-item-type-post_type menu-item-object-page menu-item-1210\"><a href=\"https:\/\/hausarzt-brackenheim.de\/home.html\/unsere-leistungen\/stoffwechselerkrankungen\" class=\"elementor-item\" tabindex=\"-1\">Stoffwechselerkrankungen<\/a><\/li>\n<li class=\"menu-item menu-item-type-post_type menu-item-object-page menu-item-1211\"><a href=\"https:\/\/hausarzt-brackenheim.de\/home.html\/unsere-leistungen\/herz-kreislauf-erkrankungen\" class=\"elementor-item\" tabindex=\"-1\">Herz-Kreislauf-Erkrankungen<\/a><\/li>\n<li class=\"menu-item menu-item-type-post_type menu-item-object-page menu-item-1212\"><a href=\"https:\/\/hausarzt-brackenheim.de\/home.html\/unsere-leistungen\/palliativmedizin\" class=\"elementor-item\" tabindex=\"-1\">Palliativmedizin<\/a><\/li>\n<li class=\"menu-item menu-item-type-post_type menu-item-object-page menu-item-1213\"><a href=\"https:\/\/hausarzt-brackenheim.de\/home.html\/unsere-leistungen\/suchtmedizin\" class=\"elementor-item\" tabindex=\"-1\">Suchtmedizin<\/a><\/li>\n<li class=\"menu-item menu-item-type-post_type menu-item-object-page menu-item-1214\"><a href=\"https:\/\/hausarzt-brackenheim.de\/home.html\/unsere-leistungen\/vorsorgeuntersuchungen\" class=\"elementor-item\" tabindex=\"-1\">Vorsorgeuntersuchungen<\/a><\/li>\n<li class=\"menu-item menu-item-type-post_type menu-item-object-page menu-item-1215\"><a href=\"https:\/\/hausarzt-brackenheim.de\/home.html\/unsere-leistungen\/verbeamtung-2\" class=\"elementor-item\" tabindex=\"-1\">Gelbfieberimpfung<\/a><\/li>\n<li class=\"menu-item menu-item-type-post_type menu-item-object-page menu-item-1216\"><a href=\"https:\/\/hausarzt-brackenheim.de\/home.html\/unsere-leistungen\/verbeamtung\" class=\"elementor-item\" tabindex=\"-1\">Verbeamtung<\/a><\/li>\n<li class=\"menu-item menu-item-type-post_type menu-item-object-page menu-item-1261\"><a href=\"https:\/\/hausarzt-brackenheim.de\/home.html\/barrierefreiheit\" class=\"elementor-item\" tabindex=\"-1\">Barrierefreiheit<\/a><\/li>\n<li class=\"menu-item menu-item-type-post_type menu-item-object-page menu-item-1313\"><a href=\"https:\/\/hausarzt-brackenheim.de\/home.html\/stellenangebote\" class=\"elementor-item\" tabindex=\"-1\">Stellenangebote<\/a><\/li>\n<\/ul>\t\t\t<\/nav>\n\t\t\t\t\t\t<\/div>\n\t\t\t\t<\/div>\n\t\t\t\t\t<\/div>\n\t\t<\/div>\n\t\t\t\t\t<\/div>\n\t\t<\/section>\n\t\t\t\t<\/div>\n\t\t","protected":false},"excerpt":{"rendered":"<p>Verbeamtung Gesundheitspr\u00fcfung vor Verbeamtung In unserer Praxis kann die Gesundheitspr\u00fcfung vor Verbeamtung durchgef\u00fchrt werden. Dies beinhaltet eine umfassende Untersuchung und umfasst ggf. verschiedene Tests wie Blut- und Urintests, Seh- und H\u00f6rtests, BMI-Berechnung, Blutdruckmessung, Ruhe-EKG und eine Ganzk\u00f6rperuntersuchung. Die Kosten f\u00fcr diese Untersuchung werden nicht von den gesetzlichen Krankenkassen \u00fcbernommen.<\/p>\n","protected":false},"author":1,"featured_media":0,"parent":24,"menu_order":50,"comment_status":"closed","ping_status":"closed","template":"","meta":{"footnotes":""},"class_list":["post-34","page","type-page","status-publish","hentry"],"yoast_head":"<!-- This site is optimized with the Yoast SEO plugin v27.3 - https:\/\/yoast.com\/product\/yoast-seo-wordpress\/ -->\n<title>Verbeamtung &#8226; Hausarztpraxis Brackenheim<\/title>\n<meta name=\"robots\" content=\"index, follow, max-snippet:-1, max-image-preview:large, max-video-preview:-1\" \/>\n<link rel=\"canonical\" href=\"https:\/\/hausarzt-brackenheim.de\/home.html\/unsere-leistungen\/verbeamtung\" \/>\n<meta property=\"og:locale\" content=\"de_DE\" \/>\n<meta property=\"og:type\" content=\"article\" \/>\n<meta property=\"og:title\" content=\"Verbeamtung &#8226; Hausarztpraxis Brackenheim\" \/>\n<meta property=\"og:description\" content=\"Verbeamtung Gesundheitspr\u00fcfung vor Verbeamtung In unserer Praxis kann die Gesundheitspr\u00fcfung vor Verbeamtung durchgef\u00fchrt werden. Dies beinhaltet eine umfassende Untersuchung und umfasst ggf. verschiedene Tests wie Blut- und Urintests, Seh- und H\u00f6rtests, BMI-Berechnung, Blutdruckmessung, Ruhe-EKG und eine Ganzk\u00f6rperuntersuchung. Die Kosten f\u00fcr diese Untersuchung werden nicht von den gesetzlichen Krankenkassen \u00fcbernommen.\" \/>\n<meta property=\"og:url\" content=\"https:\/\/hausarzt-brackenheim.de\/home.html\/unsere-leistungen\/verbeamtung\" \/>\n<meta property=\"og:site_name\" content=\"Hausarztpraxis Brackenheim\" \/>\n<meta property=\"article:modified_time\" content=\"2025-05-28T12:46:41+00:00\" \/>\n<meta property=\"og:image\" content=\"https:\/\/hausarzt-brackenheim.de\/wp-content\/uploads\/2023\/10\/Hausarztpraxis-Schirrmann-Stellzig-Leistungen-Icon_Verbeamtung-tuerkis.svg\" \/>\n<meta name=\"twitter:card\" content=\"summary_large_image\" \/>\n<meta name=\"twitter:label1\" content=\"Gesch\u00e4tzte Lesezeit\" \/>\n\t<meta name=\"twitter:data1\" content=\"1\u00a0Minute\" \/>\n<script type=\"application\/ld+json\" class=\"yoast-schema-graph\">{\"@context\":\"https:\\\/\\\/schema.org\",\"@graph\":[{\"@type\":\"WebPage\",\"@id\":\"https:\\\/\\\/hausarzt-brackenheim.de\\\/home.html\\\/unsere-leistungen\\\/verbeamtung\",\"url\":\"https:\\\/\\\/hausarzt-brackenheim.de\\\/home.html\\\/unsere-leistungen\\\/verbeamtung\",\"name\":\"Verbeamtung &#8226; Hausarztpraxis Brackenheim\",\"isPartOf\":{\"@id\":\"https:\\\/\\\/hausarzt-brackenheim.de\\\/home.html\\\/#website\"},\"primaryImageOfPage\":{\"@id\":\"https:\\\/\\\/hausarzt-brackenheim.de\\\/home.html\\\/unsere-leistungen\\\/verbeamtung#primaryimage\"},\"image\":{\"@id\":\"https:\\\/\\\/hausarzt-brackenheim.de\\\/home.html\\\/unsere-leistungen\\\/verbeamtung#primaryimage\"},\"thumbnailUrl\":\"https:\\\/\\\/hausarzt-brackenheim.de\\\/wp-content\\\/uploads\\\/2023\\\/10\\\/Hausarztpraxis-Schirrmann-Stellzig-Leistungen-Icon_Verbeamtung-tuerkis.svg\",\"datePublished\":\"2023-08-01T13:45:50+00:00\",\"dateModified\":\"2025-05-28T12:46:41+00:00\",\"breadcrumb\":{\"@id\":\"https:\\\/\\\/hausarzt-brackenheim.de\\\/home.html\\\/unsere-leistungen\\\/verbeamtung#breadcrumb\"},\"inLanguage\":\"de\",\"potentialAction\":[{\"@type\":\"ReadAction\",\"target\":[\"https:\\\/\\\/hausarzt-brackenheim.de\\\/home.html\\\/unsere-leistungen\\\/verbeamtung\"]}]},{\"@type\":\"ImageObject\",\"inLanguage\":\"de\",\"@id\":\"https:\\\/\\\/hausarzt-brackenheim.de\\\/home.html\\\/unsere-leistungen\\\/verbeamtung#primaryimage\",\"url\":\"https:\\\/\\\/hausarzt-brackenheim.de\\\/wp-content\\\/uploads\\\/2023\\\/10\\\/Hausarztpraxis-Schirrmann-Stellzig-Leistungen-Icon_Verbeamtung-tuerkis.svg\",\"contentUrl\":\"https:\\\/\\\/hausarzt-brackenheim.de\\\/wp-content\\\/uploads\\\/2023\\\/10\\\/Hausarztpraxis-Schirrmann-Stellzig-Leistungen-Icon_Verbeamtung-tuerkis.svg\"},{\"@type\":\"BreadcrumbList\",\"@id\":\"https:\\\/\\\/hausarzt-brackenheim.de\\\/home.html\\\/unsere-leistungen\\\/verbeamtung#breadcrumb\",\"itemListElement\":[{\"@type\":\"ListItem\",\"position\":1,\"name\":\"Home\",\"item\":\"https:\\\/\\\/hausarzt-brackenheim.de\\\/home.html\\\/\"},{\"@type\":\"ListItem\",\"position\":2,\"name\":\"Unsere Leistungen\",\"item\":\"https:\\\/\\\/hausarzt-brackenheim.de\\\/home.html\\\/unsere-leistungen\"},{\"@type\":\"ListItem\",\"position\":3,\"name\":\"Verbeamtung\"}]},{\"@type\":\"WebSite\",\"@id\":\"https:\\\/\\\/hausarzt-brackenheim.de\\\/home.html\\\/#website\",\"url\":\"https:\\\/\\\/hausarzt-brackenheim.de\\\/home.html\\\/\",\"name\":\"Hausarztpraxis Brackenheim\",\"description\":\"Dr. med. Stellzig-Ullrich | Dr. med. Froihofer | Dr. med. Schirrmann | Frau Schirrmann\",\"publisher\":{\"@id\":\"https:\\\/\\\/hausarzt-brackenheim.de\\\/home.html\\\/#organization\"},\"alternateName\":\"Hausarzt in Brackenheim\",\"potentialAction\":[{\"@type\":\"SearchAction\",\"target\":{\"@type\":\"EntryPoint\",\"urlTemplate\":\"https:\\\/\\\/hausarzt-brackenheim.de\\\/home.html\\\/?s={search_term_string}\"},\"query-input\":{\"@type\":\"PropertyValueSpecification\",\"valueRequired\":true,\"valueName\":\"search_term_string\"}}],\"inLanguage\":\"de\"},{\"@type\":\"Organization\",\"@id\":\"https:\\\/\\\/hausarzt-brackenheim.de\\\/home.html\\\/#organization\",\"name\":\"Hausarztpraxis Brackenheim\",\"url\":\"https:\\\/\\\/hausarzt-brackenheim.de\\\/home.html\\\/\",\"logo\":{\"@type\":\"ImageObject\",\"inLanguage\":\"de\",\"@id\":\"https:\\\/\\\/hausarzt-brackenheim.de\\\/home.html\\\/#\\\/schema\\\/logo\\\/image\\\/\",\"url\":\"https:\\\/\\\/hausarzt-brackenheim.de\\\/wp-content\\\/uploads\\\/2023\\\/07\\\/favicon-Schirrmann-Stellzig.png\",\"contentUrl\":\"https:\\\/\\\/hausarzt-brackenheim.de\\\/wp-content\\\/uploads\\\/2023\\\/07\\\/favicon-Schirrmann-Stellzig.png\",\"width\":512,\"height\":512,\"caption\":\"Hausarztpraxis Brackenheim\"},\"image\":{\"@id\":\"https:\\\/\\\/hausarzt-brackenheim.de\\\/home.html\\\/#\\\/schema\\\/logo\\\/image\\\/\"}}]}<\/script>\n<!-- \/ Yoast SEO plugin. -->","yoast_head_json":{"title":"Verbeamtung &#8226; Hausarztpraxis Brackenheim","robots":{"index":"index","follow":"follow","max-snippet":"max-snippet:-1","max-image-preview":"max-image-preview:large","max-video-preview":"max-video-preview:-1"},"canonical":"https:\/\/hausarzt-brackenheim.de\/home.html\/unsere-leistungen\/verbeamtung","og_locale":"de_DE","og_type":"article","og_title":"Verbeamtung &#8226; Hausarztpraxis Brackenheim","og_description":"Verbeamtung Gesundheitspr\u00fcfung vor Verbeamtung In unserer Praxis kann die Gesundheitspr\u00fcfung vor Verbeamtung durchgef\u00fchrt werden. Dies beinhaltet eine umfassende Untersuchung und umfasst ggf. verschiedene Tests wie Blut- und Urintests, Seh- und H\u00f6rtests, BMI-Berechnung, Blutdruckmessung, Ruhe-EKG und eine Ganzk\u00f6rperuntersuchung. Die Kosten f\u00fcr diese Untersuchung werden nicht von den gesetzlichen Krankenkassen \u00fcbernommen.","og_url":"https:\/\/hausarzt-brackenheim.de\/home.html\/unsere-leistungen\/verbeamtung","og_site_name":"Hausarztpraxis Brackenheim","article_modified_time":"2025-05-28T12:46:41+00:00","og_image":[{"url":"https:\/\/hausarzt-brackenheim.de\/wp-content\/uploads\/2023\/10\/Hausarztpraxis-Schirrmann-Stellzig-Leistungen-Icon_Verbeamtung-tuerkis.svg","type":"","width":"","height":""}],"twitter_card":"summary_large_image","twitter_misc":{"Gesch\u00e4tzte Lesezeit":"1\u00a0Minute"},"schema":{"@context":"https:\/\/schema.org","@graph":[{"@type":"WebPage","@id":"https:\/\/hausarzt-brackenheim.de\/home.html\/unsere-leistungen\/verbeamtung","url":"https:\/\/hausarzt-brackenheim.de\/home.html\/unsere-leistungen\/verbeamtung","name":"Verbeamtung &#8226; Hausarztpraxis Brackenheim","isPartOf":{"@id":"https:\/\/hausarzt-brackenheim.de\/home.html\/#website"},"primaryImageOfPage":{"@id":"https:\/\/hausarzt-brackenheim.de\/home.html\/unsere-leistungen\/verbeamtung#primaryimage"},"image":{"@id":"https:\/\/hausarzt-brackenheim.de\/home.html\/unsere-leistungen\/verbeamtung#primaryimage"},"thumbnailUrl":"https:\/\/hausarzt-brackenheim.de\/wp-content\/uploads\/2023\/10\/Hausarztpraxis-Schirrmann-Stellzig-Leistungen-Icon_Verbeamtung-tuerkis.svg","datePublished":"2023-08-01T13:45:50+00:00","dateModified":"2025-05-28T12:46:41+00:00","breadcrumb":{"@id":"https:\/\/hausarzt-brackenheim.de\/home.html\/unsere-leistungen\/verbeamtung#breadcrumb"},"inLanguage":"de","potentialAction":[{"@type":"ReadAction","target":["https:\/\/hausarzt-brackenheim.de\/home.html\/unsere-leistungen\/verbeamtung"]}]},{"@type":"ImageObject","inLanguage":"de","@id":"https:\/\/hausarzt-brackenheim.de\/home.html\/unsere-leistungen\/verbeamtung#primaryimage","url":"https:\/\/hausarzt-brackenheim.de\/wp-content\/uploads\/2023\/10\/Hausarztpraxis-Schirrmann-Stellzig-Leistungen-Icon_Verbeamtung-tuerkis.svg","contentUrl":"https:\/\/hausarzt-brackenheim.de\/wp-content\/uploads\/2023\/10\/Hausarztpraxis-Schirrmann-Stellzig-Leistungen-Icon_Verbeamtung-tuerkis.svg"},{"@type":"BreadcrumbList","@id":"https:\/\/hausarzt-brackenheim.de\/home.html\/unsere-leistungen\/verbeamtung#breadcrumb","itemListElement":[{"@type":"ListItem","position":1,"name":"Home","item":"https:\/\/hausarzt-brackenheim.de\/home.html\/"},{"@type":"ListItem","position":2,"name":"Unsere Leistungen","item":"https:\/\/hausarzt-brackenheim.de\/home.html\/unsere-leistungen"},{"@type":"ListItem","position":3,"name":"Verbeamtung"}]},{"@type":"WebSite","@id":"https:\/\/hausarzt-brackenheim.de\/home.html\/#website","url":"https:\/\/hausarzt-brackenheim.de\/home.html\/","name":"Hausarztpraxis Brackenheim","description":"Dr. med. Stellzig-Ullrich | Dr. med. Froihofer | Dr. med. Schirrmann | Frau Schirrmann","publisher":{"@id":"https:\/\/hausarzt-brackenheim.de\/home.html\/#organization"},"alternateName":"Hausarzt in Brackenheim","potentialAction":[{"@type":"SearchAction","target":{"@type":"EntryPoint","urlTemplate":"https:\/\/hausarzt-brackenheim.de\/home.html\/?s={search_term_string}"},"query-input":{"@type":"PropertyValueSpecification","valueRequired":true,"valueName":"search_term_string"}}],"inLanguage":"de"},{"@type":"Organization","@id":"https:\/\/hausarzt-brackenheim.de\/home.html\/#organization","name":"Hausarztpraxis Brackenheim","url":"https:\/\/hausarzt-brackenheim.de\/home.html\/","logo":{"@type":"ImageObject","inLanguage":"de","@id":"https:\/\/hausarzt-brackenheim.de\/home.html\/#\/schema\/logo\/image\/","url":"https:\/\/hausarzt-brackenheim.de\/wp-content\/uploads\/2023\/07\/favicon-Schirrmann-Stellzig.png","contentUrl":"https:\/\/hausarzt-brackenheim.de\/wp-content\/uploads\/2023\/07\/favicon-Schirrmann-Stellzig.png","width":512,"height":512,"caption":"Hausarztpraxis Brackenheim"},"image":{"@id":"https:\/\/hausarzt-brackenheim.de\/home.html\/#\/schema\/logo\/image\/"}}]}},"_links":{"self":[{"href":"https:\/\/hausarzt-brackenheim.de\/home.html\/wp-json\/wp\/v2\/pages\/34","targetHints":{"allow":["GET"]}}],"collection":[{"href":"https:\/\/hausarzt-brackenheim.de\/home.html\/wp-json\/wp\/v2\/pages"}],"about":[{"href":"https:\/\/hausarzt-brackenheim.de\/home.html\/wp-json\/wp\/v2\/types\/page"}],"author":[{"embeddable":true,"href":"https:\/\/hausarzt-brackenheim.de\/home.html\/wp-json\/wp\/v2\/users\/1"}],"replies":[{"embeddable":true,"href":"https:\/\/hausarzt-brackenheim.de\/home.html\/wp-json\/wp\/v2\/comments?post=34"}],"version-history":[{"count":26,"href":"https:\/\/hausarzt-brackenheim.de\/home.html\/wp-json\/wp\/v2\/pages\/34\/revisions"}],"predecessor-version":[{"id":1255,"href":"https:\/\/hausarzt-brackenheim.de\/home.html\/wp-json\/wp\/v2\/pages\/34\/revisions\/1255"}],"up":[{"embeddable":true,"href":"https:\/\/hausarzt-brackenheim.de\/home.html\/wp-json\/wp\/v2\/pages\/24"}],"wp:attachment":[{"href":"https:\/\/hausarzt-brackenheim.de\/home.html\/wp-json\/wp\/v2\/media?parent=34"}],"curies":[{"name":"wp","href":"https:\/\/api.w.org\/{rel}","templated":true}]}}