{"id":22,"date":"2023-08-01T13:43:48","date_gmt":"2023-08-01T13:43:48","guid":{"rendered":"http:\/\/hausarzt-brackenheim.de\/?page_id=22"},"modified":"2023-12-05T12:24:48","modified_gmt":"2023-12-05T12:24:48","slug":"praxisimpressionen","status":"publish","type":"page","link":"https:\/\/hausarzt-brackenheim.de\/home.html\/ueber-uns-html\/praxisimpressionen","title":{"rendered":"Praxisimpressionen"},"content":{"rendered":"\t\t<div data-elementor-type=\"wp-page\" data-elementor-id=\"22\" class=\"elementor elementor-22\" data-elementor-post-type=\"page\">\n\t\t\t\t<div class=\"elementor-element elementor-element-dc32cc8 e-flex e-con-boxed e-con e-parent\" data-id=\"dc32cc8\" data-element_type=\"container\" data-e-type=\"container\">\n\t\t\t\t\t<div class=\"e-con-inner\">\n\t\t\t\t<div class=\"elementor-element elementor-element-bbcded6 elementor-widget elementor-widget-text-editor\" data-id=\"bbcded6\" data-element_type=\"widget\" data-e-type=\"widget\" data-widget_type=\"text-editor.default\">\n\t\t\t\t<div class=\"elementor-widget-container\">\n\t\t\t\t\t\t\t\t\t<h1>Praxis\u00adimpressionen<\/h1>\n<p>An dieser Stelle m\u00f6chten wir Sie durch unsere modernen Praxisr\u00e4umlichkeiten begleiten und Ihnen bereits vor Ihrem ersten Praxisbesuch einen kleinen Rundgang erm\u00f6glichen.<\/p><p><br><\/p>\n<p>Wir freuen uns auf Sie!<\/p>\t\t\t\t\t\t\t\t<\/div>\n\t\t\t\t<\/div>\n\t\t\t\t<div class=\"elementor-element elementor-element-95fb552 elementor-widget elementor-widget-gallery\" data-id=\"95fb552\" data-element_type=\"widget\" data-e-type=\"widget\" data-settings=\"{&quot;columns&quot;:3,&quot;gap&quot;:{&quot;unit&quot;:&quot;px&quot;,&quot;size&quot;:15,&quot;sizes&quot;:[]},&quot;lazyload&quot;:&quot;yes&quot;,&quot;gallery_layout&quot;:&quot;grid&quot;,&quot;columns_tablet&quot;:2,&quot;columns_mobile&quot;:1,&quot;gap_tablet&quot;:{&quot;unit&quot;:&quot;px&quot;,&quot;size&quot;:10,&quot;sizes&quot;:[]},&quot;gap_mobile&quot;:{&quot;unit&quot;:&quot;px&quot;,&quot;size&quot;:10,&quot;sizes&quot;:[]},&quot;link_to&quot;:&quot;file&quot;,&quot;aspect_ratio&quot;:&quot;3:2&quot;,&quot;overlay_background&quot;:&quot;yes&quot;,&quot;content_hover_animation&quot;:&quot;fade-in&quot;}\" data-widget_type=\"gallery.default\">\n\t\t\t\t<div class=\"elementor-widget-container\">\n\t\t\t\t\t\t\t<div class=\"elementor-gallery__container\">\n\t\t\t\t\t\t\t<a class=\"e-gallery-item elementor-gallery-item elementor-animated-content\" href=\"https:\/\/hausarzt-brackenheim.de\/wp-content\/uploads\/2023\/10\/Hausarztpraxis-Schirrmann-Stellzig-Home-Teaser-Impression01.jpeg\" data-elementor-open-lightbox=\"yes\" data-elementor-lightbox-slideshow=\"95fb552\" data-elementor-lightbox-title=\"Hausarztpraxis-Schirrmann-Stellzig-Home-Teaser-Impression01\" data-e-action-hash=\"#elementor-action%3Aaction%3Dlightbox%26settings%3DeyJpZCI6NDE0LCJ1cmwiOiJodHRwczpcL1wvaGF1c2FyenQtYnJhY2tlbmhlaW0uZGVcL3dwLWNvbnRlbnRcL3VwbG9hZHNcLzIwMjNcLzEwXC9IYXVzYXJ6dHByYXhpcy1TY2hpcnJtYW5uLVN0ZWxsemlnLUhvbWUtVGVhc2VyLUltcHJlc3Npb24wMS5qcGVnIiwic2xpZGVzaG93IjoiOTVmYjU1MiJ9\">\n\t\t\t\t\t<div class=\"e-gallery-image elementor-gallery-item__image\" data-thumbnail=\"https:\/\/hausarzt-brackenheim.de\/wp-content\/uploads\/2023\/10\/Hausarztpraxis-Schirrmann-Stellzig-Home-Teaser-Impression01.jpeg\" data-width=\"1600\" data-height=\"1067\" aria-label=\"\" role=\"img\" ><\/div>\n\t\t\t\t\t\t\t\t\t\t\t<div class=\"elementor-gallery-item__overlay\"><\/div>\n\t\t\t\t\t\t\t\t\t\t\t\t\t\t<\/a>\n\t\t\t\t\t\t\t<a class=\"e-gallery-item elementor-gallery-item elementor-animated-content\" href=\"https:\/\/hausarzt-brackenheim.de\/wp-content\/uploads\/2023\/10\/Hausarztpraxis-Schirrmann-Stellzig-Home-Teaser-Impression02.jpeg\" data-elementor-open-lightbox=\"yes\" data-elementor-lightbox-slideshow=\"95fb552\" data-elementor-lightbox-title=\"Hausarztpraxis-Schirrmann-Stellzig-Home-Teaser-Impression02\" data-e-action-hash=\"#elementor-action%3Aaction%3Dlightbox%26settings%3DeyJpZCI6NDE1LCJ1cmwiOiJodHRwczpcL1wvaGF1c2FyenQtYnJhY2tlbmhlaW0uZGVcL3dwLWNvbnRlbnRcL3VwbG9hZHNcLzIwMjNcLzEwXC9IYXVzYXJ6dHByYXhpcy1TY2hpcnJtYW5uLVN0ZWxsemlnLUhvbWUtVGVhc2VyLUltcHJlc3Npb24wMi5qcGVnIiwic2xpZGVzaG93IjoiOTVmYjU1MiJ9\">\n\t\t\t\t\t<div class=\"e-gallery-image elementor-gallery-item__image\" data-thumbnail=\"https:\/\/hausarzt-brackenheim.de\/wp-content\/uploads\/2023\/10\/Hausarztpraxis-Schirrmann-Stellzig-Home-Teaser-Impression02.jpeg\" data-width=\"1600\" data-height=\"1067\" aria-label=\"\" role=\"img\" ><\/div>\n\t\t\t\t\t\t\t\t\t\t\t<div class=\"elementor-gallery-item__overlay\"><\/div>\n\t\t\t\t\t\t\t\t\t\t\t\t\t\t<\/a>\n\t\t\t\t\t\t\t<a class=\"e-gallery-item elementor-gallery-item elementor-animated-content\" href=\"https:\/\/hausarzt-brackenheim.de\/wp-content\/uploads\/2023\/10\/Hausarztpraxis-Schirrmann-Stellzig-Home-Teaser-Impression03.jpeg\" data-elementor-open-lightbox=\"yes\" data-elementor-lightbox-slideshow=\"95fb552\" data-elementor-lightbox-title=\"Hausarztpraxis-Schirrmann-Stellzig-Home-Teaser-Impression03\" data-e-action-hash=\"#elementor-action%3Aaction%3Dlightbox%26settings%3DeyJpZCI6NDE2LCJ1cmwiOiJodHRwczpcL1wvaGF1c2FyenQtYnJhY2tlbmhlaW0uZGVcL3dwLWNvbnRlbnRcL3VwbG9hZHNcLzIwMjNcLzEwXC9IYXVzYXJ6dHByYXhpcy1TY2hpcnJtYW5uLVN0ZWxsemlnLUhvbWUtVGVhc2VyLUltcHJlc3Npb24wMy5qcGVnIiwic2xpZGVzaG93IjoiOTVmYjU1MiJ9\">\n\t\t\t\t\t<div class=\"e-gallery-image elementor-gallery-item__image\" data-thumbnail=\"https:\/\/hausarzt-brackenheim.de\/wp-content\/uploads\/2023\/10\/Hausarztpraxis-Schirrmann-Stellzig-Home-Teaser-Impression03.jpeg\" data-width=\"1600\" data-height=\"1067\" aria-label=\"\" role=\"img\" ><\/div>\n\t\t\t\t\t\t\t\t\t\t\t<div class=\"elementor-gallery-item__overlay\"><\/div>\n\t\t\t\t\t\t\t\t\t\t\t\t\t\t<\/a>\n\t\t\t\t\t\t\t<a class=\"e-gallery-item elementor-gallery-item elementor-animated-content\" href=\"https:\/\/hausarzt-brackenheim.de\/wp-content\/uploads\/2023\/10\/Hausarztpraxis-Schirrmann-Stellzig-Home-Teaser-Impression04.jpeg\" data-elementor-open-lightbox=\"yes\" data-elementor-lightbox-slideshow=\"95fb552\" data-elementor-lightbox-title=\"Hausarztpraxis-Schirrmann-Stellzig-Home-Teaser-Impression04\" data-e-action-hash=\"#elementor-action%3Aaction%3Dlightbox%26settings%3DeyJpZCI6NDE3LCJ1cmwiOiJodHRwczpcL1wvaGF1c2FyenQtYnJhY2tlbmhlaW0uZGVcL3dwLWNvbnRlbnRcL3VwbG9hZHNcLzIwMjNcLzEwXC9IYXVzYXJ6dHByYXhpcy1TY2hpcnJtYW5uLVN0ZWxsemlnLUhvbWUtVGVhc2VyLUltcHJlc3Npb24wNC5qcGVnIiwic2xpZGVzaG93IjoiOTVmYjU1MiJ9\">\n\t\t\t\t\t<div class=\"e-gallery-image elementor-gallery-item__image\" data-thumbnail=\"https:\/\/hausarzt-brackenheim.de\/wp-content\/uploads\/2023\/10\/Hausarztpraxis-Schirrmann-Stellzig-Home-Teaser-Impression04.jpeg\" data-width=\"1600\" data-height=\"1067\" aria-label=\"\" role=\"img\" ><\/div>\n\t\t\t\t\t\t\t\t\t\t\t<div class=\"elementor-gallery-item__overlay\"><\/div>\n\t\t\t\t\t\t\t\t\t\t\t\t\t\t<\/a>\n\t\t\t\t\t\t\t<a class=\"e-gallery-item elementor-gallery-item elementor-animated-content\" href=\"https:\/\/hausarzt-brackenheim.de\/wp-content\/uploads\/2023\/10\/Hausarztpraxis-Schirrmann-Stellzig-Home-Teaser-Impression05.jpeg\" data-elementor-open-lightbox=\"yes\" data-elementor-lightbox-slideshow=\"95fb552\" data-elementor-lightbox-title=\"Hausarztpraxis-Schirrmann-Stellzig-Home-Teaser-Impression05\" data-e-action-hash=\"#elementor-action%3Aaction%3Dlightbox%26settings%3DeyJpZCI6NDE4LCJ1cmwiOiJodHRwczpcL1wvaGF1c2FyenQtYnJhY2tlbmhlaW0uZGVcL3dwLWNvbnRlbnRcL3VwbG9hZHNcLzIwMjNcLzEwXC9IYXVzYXJ6dHByYXhpcy1TY2hpcnJtYW5uLVN0ZWxsemlnLUhvbWUtVGVhc2VyLUltcHJlc3Npb24wNS5qcGVnIiwic2xpZGVzaG93IjoiOTVmYjU1MiJ9\">\n\t\t\t\t\t<div class=\"e-gallery-image elementor-gallery-item__image\" data-thumbnail=\"https:\/\/hausarzt-brackenheim.de\/wp-content\/uploads\/2023\/10\/Hausarztpraxis-Schirrmann-Stellzig-Home-Teaser-Impression05.jpeg\" data-width=\"1600\" data-height=\"1067\" aria-label=\"\" role=\"img\" ><\/div>\n\t\t\t\t\t\t\t\t\t\t\t<div class=\"elementor-gallery-item__overlay\"><\/div>\n\t\t\t\t\t\t\t\t\t\t\t\t\t\t<\/a>\n\t\t\t\t\t\t\t<a class=\"e-gallery-item elementor-gallery-item elementor-animated-content\" href=\"https:\/\/hausarzt-brackenheim.de\/wp-content\/uploads\/2023\/10\/Hausarztpraxis-Schirrmann-Stellzig-Home-Teaser-Impression06.jpeg\" data-elementor-open-lightbox=\"yes\" data-elementor-lightbox-slideshow=\"95fb552\" data-elementor-lightbox-title=\"Hausarztpraxis-Schirrmann-Stellzig-Home-Teaser-Impression06\" data-e-action-hash=\"#elementor-action%3Aaction%3Dlightbox%26settings%3DeyJpZCI6NDE5LCJ1cmwiOiJodHRwczpcL1wvaGF1c2FyenQtYnJhY2tlbmhlaW0uZGVcL3dwLWNvbnRlbnRcL3VwbG9hZHNcLzIwMjNcLzEwXC9IYXVzYXJ6dHByYXhpcy1TY2hpcnJtYW5uLVN0ZWxsemlnLUhvbWUtVGVhc2VyLUltcHJlc3Npb24wNi5qcGVnIiwic2xpZGVzaG93IjoiOTVmYjU1MiJ9\">\n\t\t\t\t\t<div class=\"e-gallery-image elementor-gallery-item__image\" data-thumbnail=\"https:\/\/hausarzt-brackenheim.de\/wp-content\/uploads\/2023\/10\/Hausarztpraxis-Schirrmann-Stellzig-Home-Teaser-Impression06.jpeg\" data-width=\"1600\" data-height=\"1067\" aria-label=\"\" role=\"img\" ><\/div>\n\t\t\t\t\t\t\t\t\t\t\t<div class=\"elementor-gallery-item__overlay\"><\/div>\n\t\t\t\t\t\t\t\t\t\t\t\t\t\t<\/a>\n\t\t\t\t\t\t\t<a class=\"e-gallery-item elementor-gallery-item elementor-animated-content\" href=\"https:\/\/hausarzt-brackenheim.de\/wp-content\/uploads\/2023\/10\/Hausarztpraxis-Schirrmann-Stellzig-Home-Teaser-Impression07.jpeg\" data-elementor-open-lightbox=\"yes\" data-elementor-lightbox-slideshow=\"95fb552\" data-elementor-lightbox-title=\"Hausarztpraxis-Schirrmann-Stellzig-Home-Teaser-Impression07\" data-e-action-hash=\"#elementor-action%3Aaction%3Dlightbox%26settings%3DeyJpZCI6NDIwLCJ1cmwiOiJodHRwczpcL1wvaGF1c2FyenQtYnJhY2tlbmhlaW0uZGVcL3dwLWNvbnRlbnRcL3VwbG9hZHNcLzIwMjNcLzEwXC9IYXVzYXJ6dHByYXhpcy1TY2hpcnJtYW5uLVN0ZWxsemlnLUhvbWUtVGVhc2VyLUltcHJlc3Npb24wNy5qcGVnIiwic2xpZGVzaG93IjoiOTVmYjU1MiJ9\">\n\t\t\t\t\t<div class=\"e-gallery-image elementor-gallery-item__image\" data-thumbnail=\"https:\/\/hausarzt-brackenheim.de\/wp-content\/uploads\/2023\/10\/Hausarztpraxis-Schirrmann-Stellzig-Home-Teaser-Impression07.jpeg\" data-width=\"1600\" data-height=\"1067\" aria-label=\"\" role=\"img\" ><\/div>\n\t\t\t\t\t\t\t\t\t\t\t<div class=\"elementor-gallery-item__overlay\"><\/div>\n\t\t\t\t\t\t\t\t\t\t\t\t\t\t<\/a>\n\t\t\t\t\t\t\t<a class=\"e-gallery-item elementor-gallery-item elementor-animated-content\" href=\"https:\/\/hausarzt-brackenheim.de\/wp-content\/uploads\/2023\/10\/Hausarztpraxis-Schirrmann-Stellzig-Home-Teaser-Impression08.jpeg\" data-elementor-open-lightbox=\"yes\" data-elementor-lightbox-slideshow=\"95fb552\" data-elementor-lightbox-title=\"Hausarztpraxis-Schirrmann-Stellzig-Home-Teaser-Impression08\" data-e-action-hash=\"#elementor-action%3Aaction%3Dlightbox%26settings%3DeyJpZCI6NDIxLCJ1cmwiOiJodHRwczpcL1wvaGF1c2FyenQtYnJhY2tlbmhlaW0uZGVcL3dwLWNvbnRlbnRcL3VwbG9hZHNcLzIwMjNcLzEwXC9IYXVzYXJ6dHByYXhpcy1TY2hpcnJtYW5uLVN0ZWxsemlnLUhvbWUtVGVhc2VyLUltcHJlc3Npb24wOC5qcGVnIiwic2xpZGVzaG93IjoiOTVmYjU1MiJ9\">\n\t\t\t\t\t<div class=\"e-gallery-image elementor-gallery-item__image\" data-thumbnail=\"https:\/\/hausarzt-brackenheim.de\/wp-content\/uploads\/2023\/10\/Hausarztpraxis-Schirrmann-Stellzig-Home-Teaser-Impression08.jpeg\" data-width=\"1600\" data-height=\"1067\" aria-label=\"\" role=\"img\" ><\/div>\n\t\t\t\t\t\t\t\t\t\t\t<div class=\"elementor-gallery-item__overlay\"><\/div>\n\t\t\t\t\t\t\t\t\t\t\t\t\t\t<\/a>\n\t\t\t\t\t\t\t<a class=\"e-gallery-item elementor-gallery-item elementor-animated-content\" href=\"https:\/\/hausarzt-brackenheim.de\/wp-content\/uploads\/2023\/10\/Hausarztpraxis-Schirrmann-Stellzig-Home-Teaser-Impression09.jpeg\" data-elementor-open-lightbox=\"yes\" data-elementor-lightbox-slideshow=\"95fb552\" data-elementor-lightbox-title=\"Hausarztpraxis-Schirrmann-Stellzig-Home-Teaser-Impression09\" data-e-action-hash=\"#elementor-action%3Aaction%3Dlightbox%26settings%3DeyJpZCI6NDIyLCJ1cmwiOiJodHRwczpcL1wvaGF1c2FyenQtYnJhY2tlbmhlaW0uZGVcL3dwLWNvbnRlbnRcL3VwbG9hZHNcLzIwMjNcLzEwXC9IYXVzYXJ6dHByYXhpcy1TY2hpcnJtYW5uLVN0ZWxsemlnLUhvbWUtVGVhc2VyLUltcHJlc3Npb24wOS5qcGVnIiwic2xpZGVzaG93IjoiOTVmYjU1MiJ9\">\n\t\t\t\t\t<div class=\"e-gallery-image elementor-gallery-item__image\" data-thumbnail=\"https:\/\/hausarzt-brackenheim.de\/wp-content\/uploads\/2023\/10\/Hausarztpraxis-Schirrmann-Stellzig-Home-Teaser-Impression09.jpeg\" data-width=\"1600\" data-height=\"1067\" aria-label=\"\" role=\"img\" ><\/div>\n\t\t\t\t\t\t\t\t\t\t\t<div class=\"elementor-gallery-item__overlay\"><\/div>\n\t\t\t\t\t\t\t\t\t\t\t\t\t\t<\/a>\n\t\t\t\t\t<\/div>\n\t\t\t\t\t<\/div>\n\t\t\t\t<\/div>\n\t\t\t\t\t<\/div>\n\t\t\t\t<\/div>\n\t\t\t\t<\/div>\n\t\t","protected":false},"excerpt":{"rendered":"<p>Praxis\u00adimpressionen An dieser Stelle m\u00f6chten wir Sie durch unsere modernen Praxisr\u00e4umlichkeiten begleiten und Ihnen bereits vor Ihrem ersten Praxisbesuch einen kleinen Rundgang erm\u00f6glichen. Wir freuen uns auf Sie!<\/p>\n","protected":false},"author":1,"featured_media":0,"parent":10,"menu_order":50,"comment_status":"closed","ping_status":"closed","template":"","meta":{"footnotes":""},"class_list":["post-22","page","type-page","status-publish","hentry"],"yoast_head":"<!-- This site is optimized with the Yoast SEO plugin v27.3 - https:\/\/yoast.com\/product\/yoast-seo-wordpress\/ -->\n<title>Praxisimpressionen &#8226; Hausarztpraxis Brackenheim<\/title>\n<meta name=\"robots\" content=\"index, follow, max-snippet:-1, max-image-preview:large, max-video-preview:-1\" \/>\n<link rel=\"canonical\" href=\"https:\/\/hausarzt-brackenheim.de\/home.html\/ueber-uns-html\/praxisimpressionen\" \/>\n<meta property=\"og:locale\" content=\"de_DE\" \/>\n<meta property=\"og:type\" content=\"article\" \/>\n<meta property=\"og:title\" content=\"Praxisimpressionen &#8226; Hausarztpraxis Brackenheim\" \/>\n<meta property=\"og:description\" content=\"Praxis\u00adimpressionen An dieser Stelle m\u00f6chten wir Sie durch unsere modernen Praxisr\u00e4umlichkeiten begleiten und Ihnen bereits vor Ihrem ersten Praxisbesuch einen kleinen Rundgang erm\u00f6glichen. Wir freuen uns auf Sie!\" \/>\n<meta property=\"og:url\" content=\"https:\/\/hausarzt-brackenheim.de\/home.html\/ueber-uns-html\/praxisimpressionen\" \/>\n<meta property=\"og:site_name\" content=\"Hausarztpraxis Brackenheim\" \/>\n<meta property=\"article:modified_time\" content=\"2023-12-05T12:24:48+00:00\" \/>\n<meta property=\"og:image\" content=\"https:\/\/hausarzt-brackenheim.de\/wp-content\/uploads\/2024\/07\/hausarztpraxis-schirrmann-stellzig-websitebild-logo.jpg\" \/>\n\t<meta property=\"og:image:width\" content=\"1200\" \/>\n\t<meta property=\"og:image:height\" content=\"675\" \/>\n\t<meta property=\"og:image:type\" content=\"image\/jpeg\" \/>\n<meta name=\"twitter:card\" content=\"summary_large_image\" \/>\n<meta name=\"twitter:label1\" content=\"Gesch\u00e4tzte Lesezeit\" \/>\n\t<meta name=\"twitter:data1\" content=\"1\u00a0Minute\" \/>\n<script type=\"application\/ld+json\" class=\"yoast-schema-graph\">{\"@context\":\"https:\\\/\\\/schema.org\",\"@graph\":[{\"@type\":\"WebPage\",\"@id\":\"https:\\\/\\\/hausarzt-brackenheim.de\\\/home.html\\\/ueber-uns-html\\\/praxisimpressionen\",\"url\":\"https:\\\/\\\/hausarzt-brackenheim.de\\\/home.html\\\/ueber-uns-html\\\/praxisimpressionen\",\"name\":\"Praxisimpressionen &#8226; Hausarztpraxis Brackenheim\",\"isPartOf\":{\"@id\":\"https:\\\/\\\/hausarzt-brackenheim.de\\\/home.html\\\/#website\"},\"datePublished\":\"2023-08-01T13:43:48+00:00\",\"dateModified\":\"2023-12-05T12:24:48+00:00\",\"breadcrumb\":{\"@id\":\"https:\\\/\\\/hausarzt-brackenheim.de\\\/home.html\\\/ueber-uns-html\\\/praxisimpressionen#breadcrumb\"},\"inLanguage\":\"de\",\"potentialAction\":[{\"@type\":\"ReadAction\",\"target\":[\"https:\\\/\\\/hausarzt-brackenheim.de\\\/home.html\\\/ueber-uns-html\\\/praxisimpressionen\"]}]},{\"@type\":\"BreadcrumbList\",\"@id\":\"https:\\\/\\\/hausarzt-brackenheim.de\\\/home.html\\\/ueber-uns-html\\\/praxisimpressionen#breadcrumb\",\"itemListElement\":[{\"@type\":\"ListItem\",\"position\":1,\"name\":\"Home\",\"item\":\"https:\\\/\\\/hausarzt-brackenheim.de\\\/home.html\\\/\"},{\"@type\":\"ListItem\",\"position\":2,\"name\":\"\u00dcber uns\",\"item\":\"https:\\\/\\\/hausarzt-brackenheim.de\\\/home.html\\\/ueber-uns-html\"},{\"@type\":\"ListItem\",\"position\":3,\"name\":\"Praxisimpressionen\"}]},{\"@type\":\"WebSite\",\"@id\":\"https:\\\/\\\/hausarzt-brackenheim.de\\\/home.html\\\/#website\",\"url\":\"https:\\\/\\\/hausarzt-brackenheim.de\\\/home.html\\\/\",\"name\":\"Hausarztpraxis Brackenheim\",\"description\":\"Dr. med. Stellzig-Ullrich | Dr. med. Froihofer | Dr. med. Schirrmann | Frau Schirrmann\",\"publisher\":{\"@id\":\"https:\\\/\\\/hausarzt-brackenheim.de\\\/home.html\\\/#organization\"},\"alternateName\":\"Hausarzt in Brackenheim\",\"potentialAction\":[{\"@type\":\"SearchAction\",\"target\":{\"@type\":\"EntryPoint\",\"urlTemplate\":\"https:\\\/\\\/hausarzt-brackenheim.de\\\/home.html\\\/?s={search_term_string}\"},\"query-input\":{\"@type\":\"PropertyValueSpecification\",\"valueRequired\":true,\"valueName\":\"search_term_string\"}}],\"inLanguage\":\"de\"},{\"@type\":\"Organization\",\"@id\":\"https:\\\/\\\/hausarzt-brackenheim.de\\\/home.html\\\/#organization\",\"name\":\"Hausarztpraxis Brackenheim\",\"url\":\"https:\\\/\\\/hausarzt-brackenheim.de\\\/home.html\\\/\",\"logo\":{\"@type\":\"ImageObject\",\"inLanguage\":\"de\",\"@id\":\"https:\\\/\\\/hausarzt-brackenheim.de\\\/home.html\\\/#\\\/schema\\\/logo\\\/image\\\/\",\"url\":\"https:\\\/\\\/hausarzt-brackenheim.de\\\/wp-content\\\/uploads\\\/2023\\\/07\\\/favicon-Schirrmann-Stellzig.png\",\"contentUrl\":\"https:\\\/\\\/hausarzt-brackenheim.de\\\/wp-content\\\/uploads\\\/2023\\\/07\\\/favicon-Schirrmann-Stellzig.png\",\"width\":512,\"height\":512,\"caption\":\"Hausarztpraxis Brackenheim\"},\"image\":{\"@id\":\"https:\\\/\\\/hausarzt-brackenheim.de\\\/home.html\\\/#\\\/schema\\\/logo\\\/image\\\/\"}}]}<\/script>\n<!-- \/ Yoast SEO plugin. -->","yoast_head_json":{"title":"Praxisimpressionen &#8226; Hausarztpraxis Brackenheim","robots":{"index":"index","follow":"follow","max-snippet":"max-snippet:-1","max-image-preview":"max-image-preview:large","max-video-preview":"max-video-preview:-1"},"canonical":"https:\/\/hausarzt-brackenheim.de\/home.html\/ueber-uns-html\/praxisimpressionen","og_locale":"de_DE","og_type":"article","og_title":"Praxisimpressionen &#8226; Hausarztpraxis Brackenheim","og_description":"Praxis\u00adimpressionen An dieser Stelle m\u00f6chten wir Sie durch unsere modernen Praxisr\u00e4umlichkeiten begleiten und Ihnen bereits vor Ihrem ersten Praxisbesuch einen kleinen Rundgang erm\u00f6glichen. Wir freuen uns auf Sie!","og_url":"https:\/\/hausarzt-brackenheim.de\/home.html\/ueber-uns-html\/praxisimpressionen","og_site_name":"Hausarztpraxis Brackenheim","article_modified_time":"2023-12-05T12:24:48+00:00","og_image":[{"width":1200,"height":675,"url":"https:\/\/hausarzt-brackenheim.de\/wp-content\/uploads\/2024\/07\/hausarztpraxis-schirrmann-stellzig-websitebild-logo.jpg","type":"image\/jpeg"}],"twitter_card":"summary_large_image","twitter_misc":{"Gesch\u00e4tzte Lesezeit":"1\u00a0Minute"},"schema":{"@context":"https:\/\/schema.org","@graph":[{"@type":"WebPage","@id":"https:\/\/hausarzt-brackenheim.de\/home.html\/ueber-uns-html\/praxisimpressionen","url":"https:\/\/hausarzt-brackenheim.de\/home.html\/ueber-uns-html\/praxisimpressionen","name":"Praxisimpressionen &#8226; Hausarztpraxis Brackenheim","isPartOf":{"@id":"https:\/\/hausarzt-brackenheim.de\/home.html\/#website"},"datePublished":"2023-08-01T13:43:48+00:00","dateModified":"2023-12-05T12:24:48+00:00","breadcrumb":{"@id":"https:\/\/hausarzt-brackenheim.de\/home.html\/ueber-uns-html\/praxisimpressionen#breadcrumb"},"inLanguage":"de","potentialAction":[{"@type":"ReadAction","target":["https:\/\/hausarzt-brackenheim.de\/home.html\/ueber-uns-html\/praxisimpressionen"]}]},{"@type":"BreadcrumbList","@id":"https:\/\/hausarzt-brackenheim.de\/home.html\/ueber-uns-html\/praxisimpressionen#breadcrumb","itemListElement":[{"@type":"ListItem","position":1,"name":"Home","item":"https:\/\/hausarzt-brackenheim.de\/home.html\/"},{"@type":"ListItem","position":2,"name":"\u00dcber uns","item":"https:\/\/hausarzt-brackenheim.de\/home.html\/ueber-uns-html"},{"@type":"ListItem","position":3,"name":"Praxisimpressionen"}]},{"@type":"WebSite","@id":"https:\/\/hausarzt-brackenheim.de\/home.html\/#website","url":"https:\/\/hausarzt-brackenheim.de\/home.html\/","name":"Hausarztpraxis Brackenheim","description":"Dr. med. Stellzig-Ullrich | Dr. med. Froihofer | Dr. med. Schirrmann | Frau Schirrmann","publisher":{"@id":"https:\/\/hausarzt-brackenheim.de\/home.html\/#organization"},"alternateName":"Hausarzt in Brackenheim","potentialAction":[{"@type":"SearchAction","target":{"@type":"EntryPoint","urlTemplate":"https:\/\/hausarzt-brackenheim.de\/home.html\/?s={search_term_string}"},"query-input":{"@type":"PropertyValueSpecification","valueRequired":true,"valueName":"search_term_string"}}],"inLanguage":"de"},{"@type":"Organization","@id":"https:\/\/hausarzt-brackenheim.de\/home.html\/#organization","name":"Hausarztpraxis Brackenheim","url":"https:\/\/hausarzt-brackenheim.de\/home.html\/","logo":{"@type":"ImageObject","inLanguage":"de","@id":"https:\/\/hausarzt-brackenheim.de\/home.html\/#\/schema\/logo\/image\/","url":"https:\/\/hausarzt-brackenheim.de\/wp-content\/uploads\/2023\/07\/favicon-Schirrmann-Stellzig.png","contentUrl":"https:\/\/hausarzt-brackenheim.de\/wp-content\/uploads\/2023\/07\/favicon-Schirrmann-Stellzig.png","width":512,"height":512,"caption":"Hausarztpraxis Brackenheim"},"image":{"@id":"https:\/\/hausarzt-brackenheim.de\/home.html\/#\/schema\/logo\/image\/"}}]}},"_links":{"self":[{"href":"https:\/\/hausarzt-brackenheim.de\/home.html\/wp-json\/wp\/v2\/pages\/22","targetHints":{"allow":["GET"]}}],"collection":[{"href":"https:\/\/hausarzt-brackenheim.de\/home.html\/wp-json\/wp\/v2\/pages"}],"about":[{"href":"https:\/\/hausarzt-brackenheim.de\/home.html\/wp-json\/wp\/v2\/types\/page"}],"author":[{"embeddable":true,"href":"https:\/\/hausarzt-brackenheim.de\/home.html\/wp-json\/wp\/v2\/users\/1"}],"replies":[{"embeddable":true,"href":"https:\/\/hausarzt-brackenheim.de\/home.html\/wp-json\/wp\/v2\/comments?post=22"}],"version-history":[{"count":7,"href":"https:\/\/hausarzt-brackenheim.de\/home.html\/wp-json\/wp\/v2\/pages\/22\/revisions"}],"predecessor-version":[{"id":429,"href":"https:\/\/hausarzt-brackenheim.de\/home.html\/wp-json\/wp\/v2\/pages\/22\/revisions\/429"}],"up":[{"embeddable":true,"href":"https:\/\/hausarzt-brackenheim.de\/home.html\/wp-json\/wp\/v2\/pages\/10"}],"wp:attachment":[{"href":"https:\/\/hausarzt-brackenheim.de\/home.html\/wp-json\/wp\/v2\/media?parent=22"}],"curies":[{"name":"wp","href":"https:\/\/api.w.org\/{rel}","templated":true}]}}