{"id":1259,"date":"2025-07-29T09:02:06","date_gmt":"2025-07-29T09:02:06","guid":{"rendered":"https:\/\/hausarzt-brackenheim.de\/home.html\/?page_id=1259"},"modified":"2025-07-29T09:04:23","modified_gmt":"2025-07-29T09:04:23","slug":"barrierefreiheit","status":"publish","type":"page","link":"https:\/\/hausarzt-brackenheim.de\/home.html\/barrierefreiheit","title":{"rendered":"Barrierefreiheit"},"content":{"rendered":"\t\t<div data-elementor-type=\"wp-page\" data-elementor-id=\"1259\" class=\"elementor elementor-1259\" data-elementor-post-type=\"page\">\n\t\t\t\t\t\t<section class=\"elementor-section elementor-top-section elementor-element elementor-element-0d7467f elementor-reverse-tablet elementor-reverse-mobile elementor-section-boxed elementor-section-height-default elementor-section-height-default\" data-id=\"0d7467f\" data-element_type=\"section\" data-e-type=\"section\">\n\t\t\t\t\t\t<div class=\"elementor-container elementor-column-gap-default\">\n\t\t\t\t\t<div class=\"elementor-column elementor-col-100 elementor-top-column elementor-element elementor-element-fe8421d\" data-id=\"fe8421d\" data-element_type=\"column\" data-e-type=\"column\">\n\t\t\t<div class=\"elementor-widget-wrap elementor-element-populated\">\n\t\t\t\t\t\t<div class=\"elementor-element elementor-element-c95cfa0 elementor-widget-tablet__width-initial elementor-widget elementor-widget-heading\" data-id=\"c95cfa0\" data-element_type=\"widget\" data-e-type=\"widget\" data-widget_type=\"heading.default\">\n\t\t\t\t<div class=\"elementor-widget-container\">\n\t\t\t\t\t<h1 class=\"elementor-heading-title elementor-size-default\">Barrierefreiheit<\/h1>\t\t\t\t<\/div>\n\t\t\t\t<\/div>\n\t\t\t\t<div class=\"elementor-element elementor-element-93bcc6b elementor-widget elementor-widget-text-editor\" data-id=\"93bcc6b\" data-element_type=\"widget\" data-e-type=\"widget\" data-widget_type=\"text-editor.default\">\n\t\t\t\t<div class=\"elementor-widget-container\">\n\t\t\t\t\t\t\t\t\t<div class=\"elementor-element elementor-element-b43642d elementor-widget elementor-widget-text-editor\" data-id=\"b43642d\" data-element_type=\"widget\" data-widget_type=\"text-editor.default\"><div class=\"elementor-widget-container\"><p>Wir legen gro\u00dfen Wert darauf, dass unsere Dienstleistungen und Informationen f\u00fcr alle Menschen zug\u00e4nglich sind. Dies betrifft sowohl unsere Praxisr\u00e4ume als auch unsere digitale Pr\u00e4senz.<\/p><div id=\"main-content\"><article id=\"post-557\" class=\"post-557 page type-page status-publish has-post-thumbnail hentry\"><div class=\"entry-content\"><div class=\"et-l et-l--post\"><div class=\"et_builder_inner_content et_pb_gutters3\"><div class=\"et_pb_section et_pb_section_1 et_section_regular\"><div class=\"et_pb_row et_pb_row_1\"><div class=\"et_pb_column et_pb_column_4_4 et_pb_column_2 et_pb_css_mix_blend_mode_passthrough et-last-child\"><div class=\"et_pb_module et_pb_text et_pb_text_1 et_pb_text_align_left et_pb_bg_layout_light\"><div class=\"et_pb_text_inner\"><p>Unsere Website wurde nach den aktuellen Standards der Barrierefreiheit gestaltet. Wir orientieren uns an den Richtlinien der Webcontent Accessibility Guidelines (WCAG) und dem Barrierefreiheitsst\u00e4rkungsgesetz (BFSG), um sicherzustellen, dass unsere Inhalte f\u00fcr alle Nutzerinnen und Nutzer zug\u00e4nglich sind.<\/p><h3>Erkl\u00e4rung zur Barrierefreiheit<\/h3><p>Diese Erkl\u00e4rung zur Barrierefreiheit gilt f\u00fcr die<\/p><\/div><\/div><\/div><\/div><\/div><\/div><\/div><\/div><\/article><\/div><\/div><\/div><div class=\"elementor-element elementor-element-19082b9 elementor-widget elementor-widget-shortcode\" data-id=\"19082b9\" data-element_type=\"widget\" data-widget_type=\"shortcode.default\"><div class=\"elementor-widget-container\"><div class=\"elementor-shortcode\"><div class=\"elementor elementor-79\" data-elementor-type=\"widget\" data-elementor-id=\"79\" data-elementor-post-type=\"elementor_library\"><div class=\"elementor-element elementor-element-10c9fb9a elementor-widget elementor-widget-text-editor\" data-id=\"10c9fb9a\" data-element_type=\"widget\" data-widget_type=\"text-editor.default\"><div class=\"elementor-widget-container\"><p>Website: www.hausarzt-brackenheim.de<\/p><\/div><\/div><\/div><\/div><\/div><\/div><div class=\"elementor-element elementor-element-19db858 elementor-widget elementor-widget-text-editor\" data-id=\"19db858\" data-element_type=\"widget\" data-widget_type=\"text-editor.default\"><div class=\"elementor-widget-container\"><div id=\"main-content\"><article id=\"post-557\" class=\"post-557 page type-page status-publish has-post-thumbnail hentry\"><div class=\"entry-content\"><div class=\"et-l et-l--post\"><div class=\"et_builder_inner_content et_pb_gutters3\"><div class=\"et_pb_section et_pb_section_1 et_section_regular\"><div class=\"et_pb_row et_pb_row_1\"><div class=\"et_pb_column et_pb_column_4_4 et_pb_column_2 et_pb_css_mix_blend_mode_passthrough et-last-child\"><div class=\"et_pb_module et_pb_text et_pb_text_1 et_pb_text_align_left et_pb_bg_layout_light\"><div class=\"et_pb_text_inner\"><h3>Stand der Vereinbarkeit mit den Anforderungen<\/h3><p>Die Anforderungen des Barrierefreiheitsst\u00e4rkungsgesetz (BFSG) und der BITV 2.0 sind noch nicht vollst\u00e4ndig erf\u00fcllt. Einige Inhalte sind noch nicht vollst\u00e4ndig barrierefrei.<\/p><p>Zum Beispiel: Downloads, die vor 2025 eingestellt wurden. Sp\u00e4ter eingestellte PDF-Dateien werden vermehrt in barrierefreier Version erstellt bzw. schnellstm\u00f6glich durch eine solche ersetzt.<\/p><h3>Kontinuierliche Verbesserung<\/h3><p>Wir arbeiten kontinuierlich daran, die Barrierefreiheit unserer Website zu verbessern. Sollten Sie auf Barrieren sto\u00dfen oder Verbesserungsvorschl\u00e4ge haben, freuen wir uns \u00fcber Ihre R\u00fcckmeldung.<\/p><h3>Barrieren melden<\/h3><p>Wenn Sie Barrieren auf unserer Website feststellen oder Anmerkungen zur Barrierefreiheit haben, kontaktieren Sie uns bitte:<\/p><p class=\"tx-webcredit-name\">Gemeinschaftpraxis Frau Schirrmann, Frau Dr. Stellzig-Ullrich, Frau Dr. Froihofer, Herr Dr. Schirrmann <br \/>\u00c4rztinnen f\u00fcr Allgemeinmedizin und Facharzt Innere Medizin<\/p><p class=\"tx-webcredit-address\">Austra\u00dfe 30<br \/>74336 Brackenheim<br \/>Deutschland<\/p><p>Telefon: (0 71 35) 65 28<br \/>Telefax: (0 71 35) 80 46<\/p><p>E-Mail: <a href=\"mailto:team@hausarzt-brackenheim.de\">team@hausarzt-brackenheim.de<\/a><\/p><\/div><\/div><\/div><\/div><\/div><\/div><\/div><\/div><\/article><\/div><\/div><\/div><div class=\"elementor-element elementor-element-058023b elementor-widget elementor-widget-text-editor\" data-id=\"058023b\" data-element_type=\"widget\" data-widget_type=\"text-editor.default\"><div class=\"elementor-widget-container\"><div id=\"main-content\"><article id=\"post-557\" class=\"post-557 page type-page status-publish has-post-thumbnail hentry\"><div class=\"entry-content\"><div class=\"et-l et-l--post\"><div class=\"et_builder_inner_content et_pb_gutters3\"><div class=\"et_pb_section et_pb_section_1 et_section_regular\"><div class=\"et_pb_row et_pb_row_1\"><div class=\"et_pb_column et_pb_column_4_4 et_pb_column_2 et_pb_css_mix_blend_mode_passthrough et-last-child\"><div class=\"et_pb_module et_pb_text et_pb_text_1 et_pb_text_align_left et_pb_bg_layout_light\"><div class=\"et_pb_text_inner\"><div class=\"elementor-text-editor elementor-clearfix\"><h3>Durchsetzungsverfahren<\/h3><\/div><p>Sollte innerhalb von sechs Wochen keine zufriedenstellende Antwort auf Ihre Hinweise oder Anfragen zur Barrierefreiheit erfolgen, k\u00f6nnen Sie sich an die Schlichtungsstelle nach \u00a7 16 BGG wenden:<\/p><p>Schlichtungsstelle BGG<br \/>Mauerstra\u00dfe 53<br \/>10117 Berlin<br \/>Telefon: 030 18 527 2805<br \/>E-Mail:\u00a0<a href=\"mailto:@schlichtungsstelle-bgg.de\">info@schlichtungsstelle-bgg.de<\/a><br \/>Website:\u00a0<a href=\"https:\/\/www.schlichtungsstelle-bgg.de\/\" target=\"_blank\" rel=\"noopener\">www.schlichtungsstelle-bgg.de<\/a><\/p><h3>Erstellung dieser Erkl\u00e4rung<\/h3><p>Diese Erkl\u00e4rung wurde im Juni 2025 erstellt und zuletzt am 30. Juni 2025 \u00fcberpr\u00fcft.<\/p><\/div><\/div><\/div><\/div><\/div><\/div><\/div><\/div><\/article><\/div><\/div><\/div>\t\t\t\t\t\t\t\t<\/div>\n\t\t\t\t<\/div>\n\t\t\t\t\t<\/div>\n\t\t<\/div>\n\t\t\t\t\t<\/div>\n\t\t<\/section>\n\t\t\t\t<\/div>\n\t\t","protected":false},"excerpt":{"rendered":"<p>Barrierefreiheit Wir legen gro\u00dfen Wert darauf, dass unsere Dienstleistungen und Informationen f\u00fcr alle Menschen zug\u00e4nglich sind. Dies betrifft sowohl unsere Praxisr\u00e4ume als auch unsere digitale Pr\u00e4senz. Unsere Website wurde nach den aktuellen Standards der Barrierefreiheit gestaltet. Wir orientieren uns an den Richtlinien der Webcontent Accessibility Guidelines (WCAG) und dem Barrierefreiheitsst\u00e4rkungsgesetz (BFSG), um sicherzustellen, dass unsere [&hellip;]<\/p>\n","protected":false},"author":1,"featured_media":0,"parent":0,"menu_order":100,"comment_status":"closed","ping_status":"closed","template":"","meta":{"footnotes":""},"class_list":["post-1259","page","type-page","status-publish","hentry"],"yoast_head":"<!-- This site is optimized with the Yoast SEO plugin v27.3 - https:\/\/yoast.com\/product\/yoast-seo-wordpress\/ -->\n<title>Barrierefreiheit &#8226; Hausarztpraxis Brackenheim<\/title>\n<meta name=\"robots\" content=\"noindex, follow\" \/>\n<meta property=\"og:locale\" content=\"de_DE\" \/>\n<meta property=\"og:type\" content=\"article\" \/>\n<meta property=\"og:title\" content=\"Barrierefreiheit &#8226; Hausarztpraxis Brackenheim\" \/>\n<meta property=\"og:description\" content=\"Barrierefreiheit Wir legen gro\u00dfen Wert darauf, dass unsere Dienstleistungen und Informationen f\u00fcr alle Menschen zug\u00e4nglich sind. Dies betrifft sowohl unsere Praxisr\u00e4ume als auch unsere digitale Pr\u00e4senz. Unsere Website wurde nach den aktuellen Standards der Barrierefreiheit gestaltet. Wir orientieren uns an den Richtlinien der Webcontent Accessibility Guidelines (WCAG) und dem Barrierefreiheitsst\u00e4rkungsgesetz (BFSG), um sicherzustellen, dass unsere [&hellip;]\" \/>\n<meta property=\"og:url\" content=\"https:\/\/hausarzt-brackenheim.de\/home.html\/barrierefreiheit\" \/>\n<meta property=\"og:site_name\" content=\"Hausarztpraxis Brackenheim\" \/>\n<meta property=\"article:modified_time\" content=\"2025-07-29T09:04:23+00:00\" \/>\n<meta property=\"og:image\" content=\"https:\/\/hausarzt-brackenheim.de\/wp-content\/uploads\/2024\/07\/hausarztpraxis-schirrmann-stellzig-websitebild-logo.jpg\" \/>\n\t<meta property=\"og:image:width\" content=\"1200\" \/>\n\t<meta property=\"og:image:height\" content=\"675\" \/>\n\t<meta property=\"og:image:type\" content=\"image\/jpeg\" \/>\n<meta name=\"twitter:card\" content=\"summary_large_image\" \/>\n<meta name=\"twitter:label1\" content=\"Gesch\u00e4tzte Lesezeit\" \/>\n\t<meta name=\"twitter:data1\" content=\"3\u00a0Minuten\" \/>\n<script type=\"application\/ld+json\" class=\"yoast-schema-graph\">{\"@context\":\"https:\\\/\\\/schema.org\",\"@graph\":[{\"@type\":\"WebPage\",\"@id\":\"https:\\\/\\\/hausarzt-brackenheim.de\\\/home.html\\\/barrierefreiheit\",\"url\":\"https:\\\/\\\/hausarzt-brackenheim.de\\\/home.html\\\/barrierefreiheit\",\"name\":\"Barrierefreiheit &#8226; Hausarztpraxis Brackenheim\",\"isPartOf\":{\"@id\":\"https:\\\/\\\/hausarzt-brackenheim.de\\\/home.html\\\/#website\"},\"datePublished\":\"2025-07-29T09:02:06+00:00\",\"dateModified\":\"2025-07-29T09:04:23+00:00\",\"breadcrumb\":{\"@id\":\"https:\\\/\\\/hausarzt-brackenheim.de\\\/home.html\\\/barrierefreiheit#breadcrumb\"},\"inLanguage\":\"de\",\"potentialAction\":[{\"@type\":\"ReadAction\",\"target\":[\"https:\\\/\\\/hausarzt-brackenheim.de\\\/home.html\\\/barrierefreiheit\"]}]},{\"@type\":\"BreadcrumbList\",\"@id\":\"https:\\\/\\\/hausarzt-brackenheim.de\\\/home.html\\\/barrierefreiheit#breadcrumb\",\"itemListElement\":[{\"@type\":\"ListItem\",\"position\":1,\"name\":\"Home\",\"item\":\"https:\\\/\\\/hausarzt-brackenheim.de\\\/home.html\\\/\"},{\"@type\":\"ListItem\",\"position\":2,\"name\":\"Barrierefreiheit\"}]},{\"@type\":\"WebSite\",\"@id\":\"https:\\\/\\\/hausarzt-brackenheim.de\\\/home.html\\\/#website\",\"url\":\"https:\\\/\\\/hausarzt-brackenheim.de\\\/home.html\\\/\",\"name\":\"Hausarztpraxis Brackenheim\",\"description\":\"Dr. med. Stellzig-Ullrich | Dr. med. Froihofer | Dr. med. Schirrmann | Frau Schirrmann\",\"publisher\":{\"@id\":\"https:\\\/\\\/hausarzt-brackenheim.de\\\/home.html\\\/#organization\"},\"alternateName\":\"Hausarzt in Brackenheim\",\"potentialAction\":[{\"@type\":\"SearchAction\",\"target\":{\"@type\":\"EntryPoint\",\"urlTemplate\":\"https:\\\/\\\/hausarzt-brackenheim.de\\\/home.html\\\/?s={search_term_string}\"},\"query-input\":{\"@type\":\"PropertyValueSpecification\",\"valueRequired\":true,\"valueName\":\"search_term_string\"}}],\"inLanguage\":\"de\"},{\"@type\":\"Organization\",\"@id\":\"https:\\\/\\\/hausarzt-brackenheim.de\\\/home.html\\\/#organization\",\"name\":\"Hausarztpraxis Brackenheim\",\"url\":\"https:\\\/\\\/hausarzt-brackenheim.de\\\/home.html\\\/\",\"logo\":{\"@type\":\"ImageObject\",\"inLanguage\":\"de\",\"@id\":\"https:\\\/\\\/hausarzt-brackenheim.de\\\/home.html\\\/#\\\/schema\\\/logo\\\/image\\\/\",\"url\":\"https:\\\/\\\/hausarzt-brackenheim.de\\\/wp-content\\\/uploads\\\/2023\\\/07\\\/favicon-Schirrmann-Stellzig.png\",\"contentUrl\":\"https:\\\/\\\/hausarzt-brackenheim.de\\\/wp-content\\\/uploads\\\/2023\\\/07\\\/favicon-Schirrmann-Stellzig.png\",\"width\":512,\"height\":512,\"caption\":\"Hausarztpraxis Brackenheim\"},\"image\":{\"@id\":\"https:\\\/\\\/hausarzt-brackenheim.de\\\/home.html\\\/#\\\/schema\\\/logo\\\/image\\\/\"}}]}<\/script>\n<!-- \/ Yoast SEO plugin. -->","yoast_head_json":{"title":"Barrierefreiheit &#8226; Hausarztpraxis Brackenheim","robots":{"index":"noindex","follow":"follow"},"og_locale":"de_DE","og_type":"article","og_title":"Barrierefreiheit &#8226; Hausarztpraxis Brackenheim","og_description":"Barrierefreiheit Wir legen gro\u00dfen Wert darauf, dass unsere Dienstleistungen und Informationen f\u00fcr alle Menschen zug\u00e4nglich sind. Dies betrifft sowohl unsere Praxisr\u00e4ume als auch unsere digitale Pr\u00e4senz. Unsere Website wurde nach den aktuellen Standards der Barrierefreiheit gestaltet. Wir orientieren uns an den Richtlinien der Webcontent Accessibility Guidelines (WCAG) und dem Barrierefreiheitsst\u00e4rkungsgesetz (BFSG), um sicherzustellen, dass unsere [&hellip;]","og_url":"https:\/\/hausarzt-brackenheim.de\/home.html\/barrierefreiheit","og_site_name":"Hausarztpraxis Brackenheim","article_modified_time":"2025-07-29T09:04:23+00:00","og_image":[{"width":1200,"height":675,"url":"https:\/\/hausarzt-brackenheim.de\/wp-content\/uploads\/2024\/07\/hausarztpraxis-schirrmann-stellzig-websitebild-logo.jpg","type":"image\/jpeg"}],"twitter_card":"summary_large_image","twitter_misc":{"Gesch\u00e4tzte Lesezeit":"3\u00a0Minuten"},"schema":{"@context":"https:\/\/schema.org","@graph":[{"@type":"WebPage","@id":"https:\/\/hausarzt-brackenheim.de\/home.html\/barrierefreiheit","url":"https:\/\/hausarzt-brackenheim.de\/home.html\/barrierefreiheit","name":"Barrierefreiheit &#8226; Hausarztpraxis Brackenheim","isPartOf":{"@id":"https:\/\/hausarzt-brackenheim.de\/home.html\/#website"},"datePublished":"2025-07-29T09:02:06+00:00","dateModified":"2025-07-29T09:04:23+00:00","breadcrumb":{"@id":"https:\/\/hausarzt-brackenheim.de\/home.html\/barrierefreiheit#breadcrumb"},"inLanguage":"de","potentialAction":[{"@type":"ReadAction","target":["https:\/\/hausarzt-brackenheim.de\/home.html\/barrierefreiheit"]}]},{"@type":"BreadcrumbList","@id":"https:\/\/hausarzt-brackenheim.de\/home.html\/barrierefreiheit#breadcrumb","itemListElement":[{"@type":"ListItem","position":1,"name":"Home","item":"https:\/\/hausarzt-brackenheim.de\/home.html\/"},{"@type":"ListItem","position":2,"name":"Barrierefreiheit"}]},{"@type":"WebSite","@id":"https:\/\/hausarzt-brackenheim.de\/home.html\/#website","url":"https:\/\/hausarzt-brackenheim.de\/home.html\/","name":"Hausarztpraxis Brackenheim","description":"Dr. med. Stellzig-Ullrich | Dr. med. Froihofer | Dr. med. Schirrmann | Frau Schirrmann","publisher":{"@id":"https:\/\/hausarzt-brackenheim.de\/home.html\/#organization"},"alternateName":"Hausarzt in Brackenheim","potentialAction":[{"@type":"SearchAction","target":{"@type":"EntryPoint","urlTemplate":"https:\/\/hausarzt-brackenheim.de\/home.html\/?s={search_term_string}"},"query-input":{"@type":"PropertyValueSpecification","valueRequired":true,"valueName":"search_term_string"}}],"inLanguage":"de"},{"@type":"Organization","@id":"https:\/\/hausarzt-brackenheim.de\/home.html\/#organization","name":"Hausarztpraxis Brackenheim","url":"https:\/\/hausarzt-brackenheim.de\/home.html\/","logo":{"@type":"ImageObject","inLanguage":"de","@id":"https:\/\/hausarzt-brackenheim.de\/home.html\/#\/schema\/logo\/image\/","url":"https:\/\/hausarzt-brackenheim.de\/wp-content\/uploads\/2023\/07\/favicon-Schirrmann-Stellzig.png","contentUrl":"https:\/\/hausarzt-brackenheim.de\/wp-content\/uploads\/2023\/07\/favicon-Schirrmann-Stellzig.png","width":512,"height":512,"caption":"Hausarztpraxis Brackenheim"},"image":{"@id":"https:\/\/hausarzt-brackenheim.de\/home.html\/#\/schema\/logo\/image\/"}}]}},"_links":{"self":[{"href":"https:\/\/hausarzt-brackenheim.de\/home.html\/wp-json\/wp\/v2\/pages\/1259","targetHints":{"allow":["GET"]}}],"collection":[{"href":"https:\/\/hausarzt-brackenheim.de\/home.html\/wp-json\/wp\/v2\/pages"}],"about":[{"href":"https:\/\/hausarzt-brackenheim.de\/home.html\/wp-json\/wp\/v2\/types\/page"}],"author":[{"embeddable":true,"href":"https:\/\/hausarzt-brackenheim.de\/home.html\/wp-json\/wp\/v2\/users\/1"}],"replies":[{"embeddable":true,"href":"https:\/\/hausarzt-brackenheim.de\/home.html\/wp-json\/wp\/v2\/comments?post=1259"}],"version-history":[{"count":7,"href":"https:\/\/hausarzt-brackenheim.de\/home.html\/wp-json\/wp\/v2\/pages\/1259\/revisions"}],"predecessor-version":[{"id":1267,"href":"https:\/\/hausarzt-brackenheim.de\/home.html\/wp-json\/wp\/v2\/pages\/1259\/revisions\/1267"}],"wp:attachment":[{"href":"https:\/\/hausarzt-brackenheim.de\/home.html\/wp-json\/wp\/v2\/media?parent=1259"}],"curies":[{"name":"wp","href":"https:\/\/api.w.org\/{rel}","templated":true}]}}