{"id":1082,"date":"2025-01-06T21:12:32","date_gmt":"2025-01-06T21:12:32","guid":{"rendered":"https:\/\/hausarzt-brackenheim.de\/home.html\/?page_id=1082"},"modified":"2025-12-08T09:52:05","modified_gmt":"2025-12-08T09:52:05","slug":"stellenangebote","status":"publish","type":"page","link":"https:\/\/hausarzt-brackenheim.de\/home.html\/stellenangebote","title":{"rendered":"Stellenangebote"},"content":{"rendered":"\t\t<div data-elementor-type=\"wp-page\" data-elementor-id=\"1082\" class=\"elementor elementor-1082\" data-elementor-post-type=\"page\">\n\t\t\t\t\t\t<section class=\"elementor-section elementor-top-section elementor-element elementor-element-38e0cc2 elementor-section-full_width elementor-section-height-min-height elementor-section-items-stretch elementor-section-content-bottom elementor-section-height-default\" data-id=\"38e0cc2\" data-element_type=\"section\" data-e-type=\"section\" data-settings=\"{&quot;background_background&quot;:&quot;classic&quot;}\">\n\t\t\t\t\t\t<div class=\"elementor-container elementor-column-gap-no\">\n\t\t\t\t\t<div class=\"elementor-column elementor-col-50 elementor-top-column elementor-element elementor-element-ecd4361\" data-id=\"ecd4361\" data-element_type=\"column\" data-e-type=\"column\" data-settings=\"{&quot;background_background&quot;:&quot;classic&quot;}\">\n\t\t\t<div class=\"elementor-widget-wrap elementor-element-populated\">\n\t\t\t\t\t\t<div class=\"elementor-element elementor-element-f8677dd animated-slow elementor-invisible elementor-widget elementor-widget-heading\" data-id=\"f8677dd\" data-element_type=\"widget\" data-e-type=\"widget\" data-settings=\"{&quot;_animation&quot;:&quot;fadeInLeft&quot;}\" data-widget_type=\"heading.default\">\n\t\t\t\t<div class=\"elementor-widget-container\">\n\t\t\t\t\t<h2 class=\"elementor-heading-title elementor-size-default\">Stellenangebote<\/h2>\t\t\t\t<\/div>\n\t\t\t\t<\/div>\n\t\t\t\t<div class=\"elementor-element elementor-element-b7ef8b4 animated-slow elementor-invisible elementor-widget elementor-widget-heading\" data-id=\"b7ef8b4\" data-element_type=\"widget\" data-e-type=\"widget\" data-settings=\"{&quot;_animation&quot;:&quot;fadeInLeft&quot;}\" data-widget_type=\"heading.default\">\n\t\t\t\t<div class=\"elementor-widget-container\">\n\t\t\t\t\t<h4 class=\"elementor-heading-title elementor-size-default\">in unserer Hausarztpraxis in Brackenheim<\/h4>\t\t\t\t<\/div>\n\t\t\t\t<\/div>\n\t\t\t\t\t<\/div>\n\t\t<\/div>\n\t\t\t\t<div class=\"elementor-column elementor-col-50 elementor-top-column elementor-element elementor-element-7c587c6\" data-id=\"7c587c6\" data-element_type=\"column\" data-e-type=\"column\">\n\t\t\t<div class=\"elementor-widget-wrap elementor-element-populated\">\n\t\t\t\t\t\t<div class=\"elementor-element elementor-element-381543e animated-slow elementor-invisible elementor-widget elementor-widget-image\" data-id=\"381543e\" data-element_type=\"widget\" data-e-type=\"widget\" data-settings=\"{&quot;_animation&quot;:&quot;fadeInRight&quot;}\" data-widget_type=\"image.default\">\n\t\t\t\t<div class=\"elementor-widget-container\">\n\t\t\t\t\t\t\t\t\t\t\t\t\t\t\t<img decoding=\"async\" src=\"https:\/\/hausarzt-brackenheim.de\/wp-content\/uploads\/elementor\/thumbs\/Hausarztpraxis-Schirrmann-Stellzig-Home-Header-qabn2fl9xx8tc9ivgrfm51jit8a6k2wpywis89rc3e.jpg\" title=\"Hausarztpraxis-Schirrmann-Stellzig-Home-Header\" alt=\"Hausarztpraxis-Schirrmann-Stellzig-Home-Header\" loading=\"lazy\" \/>\t\t\t\t\t\t\t\t\t\t\t\t\t\t\t<\/div>\n\t\t\t\t<\/div>\n\t\t\t\t\t<\/div>\n\t\t<\/div>\n\t\t\t\t\t<\/div>\n\t\t<\/section>\n\t\t\t\t<section class=\"elementor-section elementor-top-section elementor-element elementor-element-b502315 elementor-reverse-tablet elementor-reverse-mobile elementor-section-boxed elementor-section-height-default elementor-section-height-default\" data-id=\"b502315\" data-element_type=\"section\" data-e-type=\"section\">\n\t\t\t\t\t\t<div class=\"elementor-container elementor-column-gap-default\">\n\t\t\t\t\t<div class=\"elementor-column elementor-col-50 elementor-top-column elementor-element elementor-element-2f22ee2\" data-id=\"2f22ee2\" data-element_type=\"column\" data-e-type=\"column\">\n\t\t\t<div class=\"elementor-widget-wrap elementor-element-populated\">\n\t\t\t\t\t\t<div class=\"elementor-element elementor-element-75ba9dd elementor-widget-tablet__width-initial elementor-widget elementor-widget-heading\" data-id=\"75ba9dd\" data-element_type=\"widget\" data-e-type=\"widget\" data-widget_type=\"heading.default\">\n\t\t\t\t<div class=\"elementor-widget-container\">\n\t\t\t\t\t<h1 class=\"elementor-heading-title elementor-size-default\">Stellenangebote<\/h1>\t\t\t\t<\/div>\n\t\t\t\t<\/div>\n\t\t\t\t<div class=\"elementor-element elementor-element-276dd8f elementor-widget-tablet__width-initial elementor-widget elementor-widget-heading\" data-id=\"276dd8f\" data-element_type=\"widget\" data-e-type=\"widget\" data-widget_type=\"heading.default\">\n\t\t\t\t<div class=\"elementor-widget-container\">\n\t\t\t\t\t<h2 class=\"elementor-heading-title elementor-size-default\">in unserer Hausarztpraxis in Brackenheim<\/h2>\t\t\t\t<\/div>\n\t\t\t\t<\/div>\n\t\t\t\t<div class=\"elementor-element elementor-element-da3d8f1 elementor-widget elementor-widget-text-editor\" data-id=\"da3d8f1\" data-element_type=\"widget\" data-e-type=\"widget\" data-widget_type=\"text-editor.default\">\n\t\t\t\t<div class=\"elementor-widget-container\">\n\t\t\t\t\t\t\t\t\t<h2 style=\"color: #478994; font-family: Jost; font-weight: bold; font-size: 28px; text-transform: uppercase; letter-spacing: 0.5px;\" data-sourcepos=\"1:1-1:90\">Medizinische Fachangestellte (m\/w\/d)\u00a0<\/h2><p data-sourcepos=\"3:1-3:189\">Wir, die Hausarztpraxis Brackenheim, suchen zur Verst\u00e4rkung unseres jungen und dynamischen Teams eine engagierte und freundliche Medizinische Fachangestellte (m\/w\/d) in Voll- oder Teilzeit.<\/p><p data-sourcepos=\"5:1-5:13\"><strong>\u00dcber uns:<\/strong><\/p><p data-sourcepos=\"7:1-7:375\">Wir sind ein modernes und kollegiales \u00c4rzteteam, das das gesamte Spektrum der Hausarztmedizin abdeckt. In unserer digitalisierten Praxis legen wir Wert auf eine angenehme Arbeitsatmosph\u00e4re, flache Hierarchien und die M\u00f6glichkeit zur eigenst\u00e4ndigen Arbeitsgestaltung durch delegative Arbeitsprozesse. Wir bieten Ihnen einen sicheren Arbeitsplatz mit \u00fcbertariflicher Bezahlung.<\/p><p data-sourcepos=\"9:1-9:18\"><strong>Ihre Aufgaben:<\/strong><\/p><ul data-sourcepos=\"11:1-17:0\"><li data-sourcepos=\"11:1-11:43\">Empfang und Betreuung unserer Patienten<\/li><li data-sourcepos=\"12:1-12:43\">Terminmanagement und Praxisorganisation<\/li><li data-sourcepos=\"13:1-13:49\">Assistenz bei Untersuchungen und Behandlungen<\/li><li data-sourcepos=\"14:1-14:88\">Durchf\u00fchrung von Blutentnahmen, EKG und Lungenfunktionstests (je nach Qualifikation)<\/li><li data-sourcepos=\"15:1-15:51\">Verwaltung von Patientenakten und Dokumentation<\/li><li data-sourcepos=\"16:1-17:0\">Abrechnungswesen<\/li><\/ul><div>\u00a0<\/div><p data-sourcepos=\"18:1-18:15\"><strong>Ihr Profil:<\/strong><\/p><ul data-sourcepos=\"20:1-26:0\"><li data-sourcepos=\"20:1-20:72\">Abgeschlossene Ausbildung zur Medizinischen Fachangestellten (m\/w\/d)<\/li><li data-sourcepos=\"21:1-21:52\">Freundliches und patientenorientiertes Auftreten<\/li><li data-sourcepos=\"22:1-22:37\">Teamf\u00e4higkeit und Zuverl\u00e4ssigkeit<\/li><li data-sourcepos=\"23:1-23:47\">Selbstst\u00e4ndige und sorgf\u00e4ltige Arbeitsweise<\/li><li data-sourcepos=\"24:1-24:23\">Gute EDV-Kenntnisse<\/li><li data-sourcepos=\"25:1-26:0\">Idealerweise Erfahrung in der Hausarztpraxis, aber auch Berufsanf\u00e4nger sind herzlich willkommen<\/li><\/ul><div>\u00a0<\/div><p data-sourcepos=\"27:1-27:21\"><strong>Wir bieten Ihnen:<\/strong><\/p><ul data-sourcepos=\"29:1-36:0\"><li data-sourcepos=\"29:1-29:28\">\u00dcbertarifliche Bezahlung<\/li><li data-sourcepos=\"30:1-30:50\">Ein modernes und digitalisiertes Arbeitsumfeld<\/li><li data-sourcepos=\"31:1-31:40\">Ein kollegiales und motiviertes Team<\/li><li data-sourcepos=\"32:1-32:50\">Flache Hierarchien und kurze Entscheidungswege<\/li><li data-sourcepos=\"33:1-33:45\">M\u00f6glichkeiten zur Fort- und Weiterbildung wie VERAH, Physician Assistent o.\u00e4.<\/li><li data-sourcepos=\"34:1-34:68\">Eigenst\u00e4ndige Arbeitsgestaltung durch delegative Arbeitsprozesse<\/li><li data-sourcepos=\"35:1-36:0\">Flexible Arbeitszeiten (in Teilzeit nach Absprache m\u00f6glich)<\/li><\/ul><div>\u00a0<\/div><h2 style=\"color: #478994; font-family: Jost; font-weight: bold; font-size: 28px; text-transform: uppercase; letter-spacing: 0.5px;\" data-sourcepos=\"1:1-1:90\">Primary Care Manager PCM (m\/w\/d) oder Physician Assistent PA (m\/w\/d)<\/h2><div style=\"color: #000000; font-family: Catamaran; font-size: 16px; font-weight: 100; letter-spacing: 0.2px; text-transform: none;\">Zur Verst\u00e4rkung unsere interdisziplin\u00e4ren Teams und unserer H\u00c4PPI-Praxis-Struktur suchen wir eine ausgebildete PCM oder PA.\u00a0<\/div><h2 style=\"color: #478994; font-family: Jost; font-weight: bold; font-size: 28px; text-transform: uppercase; letter-spacing: 0.5px;\" data-sourcepos=\"1:1-1:90\">Arzt \/ \u00c4rztin in Anstellung (m\/w\/d)\u00a0<\/h2><div>Da wir Mitglied in der Verbundweiterbildung der Universit\u00e4t Heidelberg sowie Lehrpraxis derselben sind und Mitglied im Weiterbildungsverbund der\u00a0<span style=\"letter-spacing: 0.2px; font-size: 1rem;\">Stadt Heilbronn, stellen wir gerne Kollegen in Weiterbildung in unserer Praxis an. Wir haben die Weiterbildungserm\u00e4chtigung nach neuer Weiterbildungsordnung (WBO 2020) f\u00fcr 24 Monate in gemeinschaftlicher Aus\u00fcbung. Die Praxis bietet ein sehr breites Spektrum der haus\u00e4rztlichen Versorgung.<\/span><\/div><div><span style=\"letter-spacing: 0.2px; font-size: 1rem;\">\u00a0<\/span><\/div><p data-sourcepos=\"37:1-37:42\"><strong>Haben wir Ihr Interesse geweckt?<\/strong><\/p><p data-sourcepos=\"39:1-39:181\">Dann freuen wir uns auf Ihre aussagekr\u00e4ftige Bewerbung (mit Lebenslauf, Zeugnissen und fr\u00fchestm\u00f6glichem<sup data-turn-source-index=\"1\">\u00a0<\/sup>Eintrittstermin) per E-Mail an\u00a0<strong><a href=\"mailto:arzt@hausarzt-brackenheim.de\"><span style=\"color: var( --e-global-color-text ); font-family: var( --e-global-typography-text-font-family ); font-size: 1rem; letter-spacing: var( --e-global-typography-text-letter-spacing );\">arzt@hausarzt-brackenheim.de<\/span><\/a><\/strong><span style=\"color: var( --e-global-color-text ); font-family: var( --e-global-typography-text-font-family ); font-size: 1rem; font-weight: var( --e-global-typography-text-font-weight ); letter-spacing: var( --e-global-typography-text-letter-spacing );\">\u00a0oder per Post an die Adresse der Praxis und zu H\u00e4nden Dr. M. Schirrmann.<\/span><\/p><p data-sourcepos=\"39:1-39:181\"><span style=\"color: var( --e-global-color-text ); font-family: var( --e-global-typography-text-font-family ); font-size: 1rem; font-weight: var( --e-global-typography-text-font-weight ); letter-spacing: var( --e-global-typography-text-letter-spacing );\">\u00a0<\/span><\/p><div><div><div><div data-test-id=\"sources-carousel-source\"><div><div><div>\u00a0<\/div><\/div><\/div><\/div><\/div><\/div><\/div><p data-sourcepos=\"41:1-41:26\"><span style=\"color: var( --e-global-color-text ); font-family: var( --e-global-typography-text-font-family ); font-size: 1rem; font-weight: var( --e-global-typography-text-font-weight ); letter-spacing: var( --e-global-typography-text-letter-spacing );\">F\u00fcr R\u00fcckfragen stehen wir Ihnen werktags gerne unter 01590 6478962 zur Verf\u00fcgung.<\/span><\/p><p data-sourcepos=\"47:1-47:46\"><strong>Wir freuen uns darauf, Sie kennenzulernen!<\/strong><\/p><p data-sourcepos=\"49:1-49:30\"><strong>Hausarztpraxis Brackenheim<\/strong><\/p>\t\t\t\t\t\t\t\t<\/div>\n\t\t\t\t<\/div>\n\t\t\t\t\t<\/div>\n\t\t<\/div>\n\t\t\t\t<div class=\"elementor-column elementor-col-50 elementor-top-column elementor-element elementor-element-a76d20b elementor-hidden-tablet elementor-hidden-mobile\" data-id=\"a76d20b\" data-element_type=\"column\" data-e-type=\"column\">\n\t\t\t<div class=\"elementor-widget-wrap\">\n\t\t\t\t\t\t\t<\/div>\n\t\t<\/div>\n\t\t\t\t\t<\/div>\n\t\t<\/section>\n\t\t\t\t<\/div>\n\t\t","protected":false},"excerpt":{"rendered":"<p>Stellenangebote in unserer Hausarztpraxis in Brackenheim Stellenangebote in unserer Hausarztpraxis in Brackenheim Medizinische Fachangestellte (m\/w\/d)\u00a0 Wir, die Hausarztpraxis Brackenheim, suchen zur Verst\u00e4rkung unseres jungen und dynamischen Teams eine engagierte und freundliche Medizinische Fachangestellte (m\/w\/d) in Voll- oder Teilzeit. \u00dcber uns: Wir sind ein modernes und kollegiales \u00c4rzteteam, das das gesamte Spektrum der Hausarztmedizin abdeckt. In [&hellip;]<\/p>\n","protected":false},"author":5,"featured_media":0,"parent":0,"menu_order":5,"comment_status":"closed","ping_status":"closed","template":"","meta":{"footnotes":""},"class_list":["post-1082","page","type-page","status-publish","hentry"],"yoast_head":"<!-- This site is optimized with the Yoast SEO plugin v27.3 - https:\/\/yoast.com\/product\/yoast-seo-wordpress\/ -->\n<title>Stellenangebote &#8226; Hausarztpraxis Brackenheim<\/title>\n<meta name=\"robots\" content=\"index, follow, max-snippet:-1, max-image-preview:large, max-video-preview:-1\" \/>\n<link rel=\"canonical\" href=\"https:\/\/hausarzt-brackenheim.de\/home.html\/stellenangebote\" \/>\n<meta property=\"og:locale\" content=\"de_DE\" \/>\n<meta property=\"og:type\" content=\"article\" \/>\n<meta property=\"og:title\" content=\"Stellenangebote &#8226; Hausarztpraxis Brackenheim\" \/>\n<meta property=\"og:description\" content=\"Stellenangebote in unserer Hausarztpraxis in Brackenheim Stellenangebote in unserer Hausarztpraxis in Brackenheim Medizinische Fachangestellte (m\/w\/d)\u00a0 Wir, die Hausarztpraxis Brackenheim, suchen zur Verst\u00e4rkung unseres jungen und dynamischen Teams eine engagierte und freundliche Medizinische Fachangestellte (m\/w\/d) in Voll- oder Teilzeit. \u00dcber uns: Wir sind ein modernes und kollegiales \u00c4rzteteam, das das gesamte Spektrum der Hausarztmedizin abdeckt. In [&hellip;]\" \/>\n<meta property=\"og:url\" content=\"https:\/\/hausarzt-brackenheim.de\/home.html\/stellenangebote\" \/>\n<meta property=\"og:site_name\" content=\"Hausarztpraxis Brackenheim\" \/>\n<meta property=\"article:modified_time\" content=\"2025-12-08T09:52:05+00:00\" \/>\n<meta property=\"og:image\" content=\"https:\/\/hausarzt-brackenheim.de\/wp-content\/uploads\/elementor\/thumbs\/Hausarztpraxis-Schirrmann-Stellzig-Home-Header-qabn2fl9xx8tc9ivgrfm51jit8a6k2wpywis89rc3e.jpg\" \/>\n<meta name=\"twitter:card\" content=\"summary_large_image\" \/>\n<meta name=\"twitter:label1\" content=\"Gesch\u00e4tzte Lesezeit\" \/>\n\t<meta name=\"twitter:data1\" content=\"3\u00a0Minuten\" \/>\n<script type=\"application\/ld+json\" class=\"yoast-schema-graph\">{\"@context\":\"https:\\\/\\\/schema.org\",\"@graph\":[{\"@type\":\"WebPage\",\"@id\":\"https:\\\/\\\/hausarzt-brackenheim.de\\\/home.html\\\/stellenangebote\",\"url\":\"https:\\\/\\\/hausarzt-brackenheim.de\\\/home.html\\\/stellenangebote\",\"name\":\"Stellenangebote &#8226; Hausarztpraxis Brackenheim\",\"isPartOf\":{\"@id\":\"https:\\\/\\\/hausarzt-brackenheim.de\\\/home.html\\\/#website\"},\"primaryImageOfPage\":{\"@id\":\"https:\\\/\\\/hausarzt-brackenheim.de\\\/home.html\\\/stellenangebote#primaryimage\"},\"image\":{\"@id\":\"https:\\\/\\\/hausarzt-brackenheim.de\\\/home.html\\\/stellenangebote#primaryimage\"},\"thumbnailUrl\":\"https:\\\/\\\/hausarzt-brackenheim.de\\\/wp-content\\\/uploads\\\/elementor\\\/thumbs\\\/Hausarztpraxis-Schirrmann-Stellzig-Home-Header-qabn2fl9xx8tc9ivgrfm51jit8a6k2wpywis89rc3e.jpg\",\"datePublished\":\"2025-01-06T21:12:32+00:00\",\"dateModified\":\"2025-12-08T09:52:05+00:00\",\"breadcrumb\":{\"@id\":\"https:\\\/\\\/hausarzt-brackenheim.de\\\/home.html\\\/stellenangebote#breadcrumb\"},\"inLanguage\":\"de\",\"potentialAction\":[{\"@type\":\"ReadAction\",\"target\":[\"https:\\\/\\\/hausarzt-brackenheim.de\\\/home.html\\\/stellenangebote\"]}]},{\"@type\":\"ImageObject\",\"inLanguage\":\"de\",\"@id\":\"https:\\\/\\\/hausarzt-brackenheim.de\\\/home.html\\\/stellenangebote#primaryimage\",\"url\":\"https:\\\/\\\/hausarzt-brackenheim.de\\\/wp-content\\\/uploads\\\/elementor\\\/thumbs\\\/Hausarztpraxis-Schirrmann-Stellzig-Home-Header-qabn2fl9xx8tc9ivgrfm51jit8a6k2wpywis89rc3e.jpg\",\"contentUrl\":\"https:\\\/\\\/hausarzt-brackenheim.de\\\/wp-content\\\/uploads\\\/elementor\\\/thumbs\\\/Hausarztpraxis-Schirrmann-Stellzig-Home-Header-qabn2fl9xx8tc9ivgrfm51jit8a6k2wpywis89rc3e.jpg\"},{\"@type\":\"BreadcrumbList\",\"@id\":\"https:\\\/\\\/hausarzt-brackenheim.de\\\/home.html\\\/stellenangebote#breadcrumb\",\"itemListElement\":[{\"@type\":\"ListItem\",\"position\":1,\"name\":\"Home\",\"item\":\"https:\\\/\\\/hausarzt-brackenheim.de\\\/home.html\\\/\"},{\"@type\":\"ListItem\",\"position\":2,\"name\":\"Stellenangebote\"}]},{\"@type\":\"WebSite\",\"@id\":\"https:\\\/\\\/hausarzt-brackenheim.de\\\/home.html\\\/#website\",\"url\":\"https:\\\/\\\/hausarzt-brackenheim.de\\\/home.html\\\/\",\"name\":\"Hausarztpraxis Brackenheim\",\"description\":\"Dr. med. Stellzig-Ullrich | Dr. med. Froihofer | Dr. med. Schirrmann | Frau Schirrmann\",\"publisher\":{\"@id\":\"https:\\\/\\\/hausarzt-brackenheim.de\\\/home.html\\\/#organization\"},\"alternateName\":\"Hausarzt in Brackenheim\",\"potentialAction\":[{\"@type\":\"SearchAction\",\"target\":{\"@type\":\"EntryPoint\",\"urlTemplate\":\"https:\\\/\\\/hausarzt-brackenheim.de\\\/home.html\\\/?s={search_term_string}\"},\"query-input\":{\"@type\":\"PropertyValueSpecification\",\"valueRequired\":true,\"valueName\":\"search_term_string\"}}],\"inLanguage\":\"de\"},{\"@type\":\"Organization\",\"@id\":\"https:\\\/\\\/hausarzt-brackenheim.de\\\/home.html\\\/#organization\",\"name\":\"Hausarztpraxis Brackenheim\",\"url\":\"https:\\\/\\\/hausarzt-brackenheim.de\\\/home.html\\\/\",\"logo\":{\"@type\":\"ImageObject\",\"inLanguage\":\"de\",\"@id\":\"https:\\\/\\\/hausarzt-brackenheim.de\\\/home.html\\\/#\\\/schema\\\/logo\\\/image\\\/\",\"url\":\"https:\\\/\\\/hausarzt-brackenheim.de\\\/wp-content\\\/uploads\\\/2023\\\/07\\\/favicon-Schirrmann-Stellzig.png\",\"contentUrl\":\"https:\\\/\\\/hausarzt-brackenheim.de\\\/wp-content\\\/uploads\\\/2023\\\/07\\\/favicon-Schirrmann-Stellzig.png\",\"width\":512,\"height\":512,\"caption\":\"Hausarztpraxis Brackenheim\"},\"image\":{\"@id\":\"https:\\\/\\\/hausarzt-brackenheim.de\\\/home.html\\\/#\\\/schema\\\/logo\\\/image\\\/\"}}]}<\/script>\n<!-- \/ Yoast SEO plugin. -->","yoast_head_json":{"title":"Stellenangebote &#8226; Hausarztpraxis Brackenheim","robots":{"index":"index","follow":"follow","max-snippet":"max-snippet:-1","max-image-preview":"max-image-preview:large","max-video-preview":"max-video-preview:-1"},"canonical":"https:\/\/hausarzt-brackenheim.de\/home.html\/stellenangebote","og_locale":"de_DE","og_type":"article","og_title":"Stellenangebote &#8226; Hausarztpraxis Brackenheim","og_description":"Stellenangebote in unserer Hausarztpraxis in Brackenheim Stellenangebote in unserer Hausarztpraxis in Brackenheim Medizinische Fachangestellte (m\/w\/d)\u00a0 Wir, die Hausarztpraxis Brackenheim, suchen zur Verst\u00e4rkung unseres jungen und dynamischen Teams eine engagierte und freundliche Medizinische Fachangestellte (m\/w\/d) in Voll- oder Teilzeit. \u00dcber uns: Wir sind ein modernes und kollegiales \u00c4rzteteam, das das gesamte Spektrum der Hausarztmedizin abdeckt. In [&hellip;]","og_url":"https:\/\/hausarzt-brackenheim.de\/home.html\/stellenangebote","og_site_name":"Hausarztpraxis Brackenheim","article_modified_time":"2025-12-08T09:52:05+00:00","og_image":[{"url":"https:\/\/hausarzt-brackenheim.de\/wp-content\/uploads\/elementor\/thumbs\/Hausarztpraxis-Schirrmann-Stellzig-Home-Header-qabn2fl9xx8tc9ivgrfm51jit8a6k2wpywis89rc3e.jpg","type":"","width":"","height":""}],"twitter_card":"summary_large_image","twitter_misc":{"Gesch\u00e4tzte Lesezeit":"3\u00a0Minuten"},"schema":{"@context":"https:\/\/schema.org","@graph":[{"@type":"WebPage","@id":"https:\/\/hausarzt-brackenheim.de\/home.html\/stellenangebote","url":"https:\/\/hausarzt-brackenheim.de\/home.html\/stellenangebote","name":"Stellenangebote &#8226; Hausarztpraxis Brackenheim","isPartOf":{"@id":"https:\/\/hausarzt-brackenheim.de\/home.html\/#website"},"primaryImageOfPage":{"@id":"https:\/\/hausarzt-brackenheim.de\/home.html\/stellenangebote#primaryimage"},"image":{"@id":"https:\/\/hausarzt-brackenheim.de\/home.html\/stellenangebote#primaryimage"},"thumbnailUrl":"https:\/\/hausarzt-brackenheim.de\/wp-content\/uploads\/elementor\/thumbs\/Hausarztpraxis-Schirrmann-Stellzig-Home-Header-qabn2fl9xx8tc9ivgrfm51jit8a6k2wpywis89rc3e.jpg","datePublished":"2025-01-06T21:12:32+00:00","dateModified":"2025-12-08T09:52:05+00:00","breadcrumb":{"@id":"https:\/\/hausarzt-brackenheim.de\/home.html\/stellenangebote#breadcrumb"},"inLanguage":"de","potentialAction":[{"@type":"ReadAction","target":["https:\/\/hausarzt-brackenheim.de\/home.html\/stellenangebote"]}]},{"@type":"ImageObject","inLanguage":"de","@id":"https:\/\/hausarzt-brackenheim.de\/home.html\/stellenangebote#primaryimage","url":"https:\/\/hausarzt-brackenheim.de\/wp-content\/uploads\/elementor\/thumbs\/Hausarztpraxis-Schirrmann-Stellzig-Home-Header-qabn2fl9xx8tc9ivgrfm51jit8a6k2wpywis89rc3e.jpg","contentUrl":"https:\/\/hausarzt-brackenheim.de\/wp-content\/uploads\/elementor\/thumbs\/Hausarztpraxis-Schirrmann-Stellzig-Home-Header-qabn2fl9xx8tc9ivgrfm51jit8a6k2wpywis89rc3e.jpg"},{"@type":"BreadcrumbList","@id":"https:\/\/hausarzt-brackenheim.de\/home.html\/stellenangebote#breadcrumb","itemListElement":[{"@type":"ListItem","position":1,"name":"Home","item":"https:\/\/hausarzt-brackenheim.de\/home.html\/"},{"@type":"ListItem","position":2,"name":"Stellenangebote"}]},{"@type":"WebSite","@id":"https:\/\/hausarzt-brackenheim.de\/home.html\/#website","url":"https:\/\/hausarzt-brackenheim.de\/home.html\/","name":"Hausarztpraxis Brackenheim","description":"Dr. med. Stellzig-Ullrich | Dr. med. Froihofer | Dr. med. Schirrmann | Frau Schirrmann","publisher":{"@id":"https:\/\/hausarzt-brackenheim.de\/home.html\/#organization"},"alternateName":"Hausarzt in Brackenheim","potentialAction":[{"@type":"SearchAction","target":{"@type":"EntryPoint","urlTemplate":"https:\/\/hausarzt-brackenheim.de\/home.html\/?s={search_term_string}"},"query-input":{"@type":"PropertyValueSpecification","valueRequired":true,"valueName":"search_term_string"}}],"inLanguage":"de"},{"@type":"Organization","@id":"https:\/\/hausarzt-brackenheim.de\/home.html\/#organization","name":"Hausarztpraxis Brackenheim","url":"https:\/\/hausarzt-brackenheim.de\/home.html\/","logo":{"@type":"ImageObject","inLanguage":"de","@id":"https:\/\/hausarzt-brackenheim.de\/home.html\/#\/schema\/logo\/image\/","url":"https:\/\/hausarzt-brackenheim.de\/wp-content\/uploads\/2023\/07\/favicon-Schirrmann-Stellzig.png","contentUrl":"https:\/\/hausarzt-brackenheim.de\/wp-content\/uploads\/2023\/07\/favicon-Schirrmann-Stellzig.png","width":512,"height":512,"caption":"Hausarztpraxis Brackenheim"},"image":{"@id":"https:\/\/hausarzt-brackenheim.de\/home.html\/#\/schema\/logo\/image\/"}}]}},"_links":{"self":[{"href":"https:\/\/hausarzt-brackenheim.de\/home.html\/wp-json\/wp\/v2\/pages\/1082","targetHints":{"allow":["GET"]}}],"collection":[{"href":"https:\/\/hausarzt-brackenheim.de\/home.html\/wp-json\/wp\/v2\/pages"}],"about":[{"href":"https:\/\/hausarzt-brackenheim.de\/home.html\/wp-json\/wp\/v2\/types\/page"}],"author":[{"embeddable":true,"href":"https:\/\/hausarzt-brackenheim.de\/home.html\/wp-json\/wp\/v2\/users\/5"}],"replies":[{"embeddable":true,"href":"https:\/\/hausarzt-brackenheim.de\/home.html\/wp-json\/wp\/v2\/comments?post=1082"}],"version-history":[{"count":25,"href":"https:\/\/hausarzt-brackenheim.de\/home.html\/wp-json\/wp\/v2\/pages\/1082\/revisions"}],"predecessor-version":[{"id":1321,"href":"https:\/\/hausarzt-brackenheim.de\/home.html\/wp-json\/wp\/v2\/pages\/1082\/revisions\/1321"}],"wp:attachment":[{"href":"https:\/\/hausarzt-brackenheim.de\/home.html\/wp-json\/wp\/v2\/media?parent=1082"}],"curies":[{"name":"wp","href":"https:\/\/api.w.org\/{rel}","templated":true}]}}