{"id":1030,"date":"2024-10-14T14:58:26","date_gmt":"2024-10-14T14:58:26","guid":{"rendered":"https:\/\/hausarzt-brackenheim.de\/home.html\/?page_id=1030"},"modified":"2025-12-08T08:40:05","modified_gmt":"2025-12-08T08:40:05","slug":"frau-karin-luetzner","status":"publish","type":"page","link":"https:\/\/hausarzt-brackenheim.de\/home.html\/ueber-uns-html\/frau-karin-luetzner","title":{"rendered":"Frau Dr. med. L\u00fctzner"},"content":{"rendered":"\t\t<div data-elementor-type=\"wp-page\" data-elementor-id=\"1030\" class=\"elementor elementor-1030\" data-elementor-post-type=\"page\">\n\t\t\t\t<div class=\"elementor-element elementor-element-3f7c7d0 e-con-full e-flex e-con e-parent\" data-id=\"3f7c7d0\" data-element_type=\"container\" data-e-type=\"container\" data-settings=\"{&quot;background_background&quot;:&quot;classic&quot;}\">\n\t\t<div class=\"elementor-element elementor-element-5435878 e-con-full e-flex e-con e-child\" data-id=\"5435878\" data-element_type=\"container\" data-e-type=\"container\" data-settings=\"{&quot;background_background&quot;:&quot;classic&quot;}\">\n\t\t\t\t<div class=\"elementor-element elementor-element-0af41ec animated-slow elementor-invisible elementor-widget elementor-widget-heading\" data-id=\"0af41ec\" data-element_type=\"widget\" data-e-type=\"widget\" data-settings=\"{&quot;_animation&quot;:&quot;fadeInLeft&quot;}\" data-widget_type=\"heading.default\">\n\t\t\t\t<div class=\"elementor-widget-container\">\n\t\t\t\t\t<h2 class=\"elementor-heading-title elementor-size-default\">Frau Dr. med.  L\u00fctzner<\/h2>\t\t\t\t<\/div>\n\t\t\t\t<\/div>\n\t\t\t\t<div class=\"elementor-element elementor-element-9a88412 animated-slow elementor-invisible elementor-widget elementor-widget-heading\" data-id=\"9a88412\" data-element_type=\"widget\" data-e-type=\"widget\" data-settings=\"{&quot;_animation&quot;:&quot;fadeInLeft&quot;}\" data-widget_type=\"heading.default\">\n\t\t\t\t<div class=\"elementor-widget-container\">\n\t\t\t\t\t<h3 class=\"elementor-heading-title elementor-size-default\">Weiterbildungsassistentin<\/h3>\t\t\t\t<\/div>\n\t\t\t\t<\/div>\n\t\t\t\t<div class=\"elementor-element elementor-element-4ec4222 elementor-widget__width-initial elementor-widget elementor-widget-text-editor\" data-id=\"4ec4222\" data-element_type=\"widget\" data-e-type=\"widget\" data-widget_type=\"text-editor.default\">\n\t\t\t\t<div class=\"elementor-widget-container\">\n\t\t\t\t\t\t\t\t\t<p><b>Studium<\/b><\/p><p><b>2009 \u2013 2015\u00a0\u00a0\u00a0\u00a0\u00a0\u00a0\u00a0\u00a0\u00a0\u00a0\u00a0\u00a0\u00a0\u00a0\u00a0\u00a0<\/b><\/p><p>Medizinstudium an der Universit\u00e4t Ulm<\/p><p><strong>\u00a0<\/strong><\/p><p><b>Beruflicher Werdegang<\/b><\/p><p><strong>2016 \u2013 2017<\/strong> \u00a0\u00a0\u00a0<\/p><p>Klinik f\u00fcr Orthop\u00e4die und Unfallchirurgie, Hand- und Wiederherstellungschirurgie am Klinikum Kempten (Allg\u00e4u)<\/p><p><b>2018<\/b><\/p><p>An\u00e4sthesiologische sowie internistische Intensivmedizin am Klinikum Kempten (Allg\u00e4u)<\/p><p><b>2019 \u2013 2020 \u00a0\u00a0\u00a0<\/b><\/p><p>Klinik f\u00fcr Innere Medizin am Klinikum Kempten (Allg\u00e4u)<\/p><p><b>seit\u00a0 10\/2024<\/b><\/p><p>\u00c4rztin in Weiterbildung f\u00fcr Allgemeinmedizin unter den Drs. Froihofer und Schirrmann<\/p><p><strong>\u00a0<\/strong><\/p><p><b>Zusatzbezeichnung<\/b><\/p><p><b>2020\u00a0\u00a0\u00a0\u00a0\u00a0\u00a0\u00a0\u00a0\u00a0\u00a0\u00a0\u00a0\u00a0\u00a0\u00a0 <\/b><\/p><p>Erwerb der Zusatzbezeichnung Notfallmedizin<\/p>\t\t\t\t\t\t\t\t<\/div>\n\t\t\t\t<\/div>\n\t\t\t\t<\/div>\n\t\t<div class=\"elementor-element elementor-element-f589656 e-con-full e-flex e-con e-child\" data-id=\"f589656\" data-element_type=\"container\" data-e-type=\"container\">\n\t\t\t\t<div class=\"elementor-element elementor-element-56612fd animated-slow elementor-invisible elementor-widget elementor-widget-image\" data-id=\"56612fd\" data-element_type=\"widget\" data-e-type=\"widget\" data-settings=\"{&quot;_animation&quot;:&quot;fadeInRight&quot;}\" data-widget_type=\"image.default\">\n\t\t\t\t<div class=\"elementor-widget-container\">\n\t\t\t\t\t\t\t\t\t\t\t\t\t\t\t<img fetchpriority=\"high\" decoding=\"async\" width=\"2324\" height=\"2324\" src=\"https:\/\/hausarzt-brackenheim.de\/wp-content\/uploads\/2025\/05\/RDR_0026_farbe.jpg\" class=\"attachment-full size-full wp-image-1129\" alt=\"\" srcset=\"https:\/\/hausarzt-brackenheim.de\/wp-content\/uploads\/2025\/05\/RDR_0026_farbe.jpg 2324w, https:\/\/hausarzt-brackenheim.de\/wp-content\/uploads\/2025\/05\/RDR_0026_farbe-300x300.jpg 300w, https:\/\/hausarzt-brackenheim.de\/wp-content\/uploads\/2025\/05\/RDR_0026_farbe-1024x1024.jpg 1024w, https:\/\/hausarzt-brackenheim.de\/wp-content\/uploads\/2025\/05\/RDR_0026_farbe-150x150.jpg 150w, https:\/\/hausarzt-brackenheim.de\/wp-content\/uploads\/2025\/05\/RDR_0026_farbe-768x768.jpg 768w, https:\/\/hausarzt-brackenheim.de\/wp-content\/uploads\/2025\/05\/RDR_0026_farbe-1536x1536.jpg 1536w, https:\/\/hausarzt-brackenheim.de\/wp-content\/uploads\/2025\/05\/RDR_0026_farbe-2048x2048.jpg 2048w\" sizes=\"(max-width: 2324px) 100vw, 2324px\" \/>\t\t\t\t\t\t\t\t\t\t\t\t\t\t\t<\/div>\n\t\t\t\t<\/div>\n\t\t\t\t<\/div>\n\t\t\t\t<\/div>\n\t\t\t\t<\/div>\n\t\t","protected":false},"excerpt":{"rendered":"<p>Frau Dr. med. L\u00fctzner Weiterbildungsassistentin Studium 2009 \u2013 2015\u00a0\u00a0\u00a0\u00a0\u00a0\u00a0\u00a0\u00a0\u00a0\u00a0\u00a0\u00a0\u00a0\u00a0\u00a0\u00a0 Medizinstudium an der Universit\u00e4t Ulm \u00a0 Beruflicher Werdegang 2016 \u2013 2017 \u00a0\u00a0\u00a0 Klinik f\u00fcr Orthop\u00e4die und Unfallchirurgie, Hand- und Wiederherstellungschirurgie am Klinikum Kempten (Allg\u00e4u) 2018 An\u00e4sthesiologische sowie internistische Intensivmedizin am Klinikum Kempten (Allg\u00e4u) 2019 \u2013 2020 \u00a0\u00a0\u00a0 Klinik f\u00fcr Innere Medizin am Klinikum Kempten (Allg\u00e4u) seit\u00a0 [&hellip;]<\/p>\n","protected":false},"author":1,"featured_media":0,"parent":10,"menu_order":40,"comment_status":"closed","ping_status":"closed","template":"","meta":{"footnotes":""},"class_list":["post-1030","page","type-page","status-publish","hentry"],"yoast_head":"<!-- This site is optimized with the Yoast SEO plugin v27.3 - https:\/\/yoast.com\/product\/yoast-seo-wordpress\/ -->\n<title>Frau Dr. med. L\u00fctzner &#8226; Hausarztpraxis Brackenheim<\/title>\n<meta name=\"robots\" content=\"index, follow, max-snippet:-1, max-image-preview:large, max-video-preview:-1\" \/>\n<link rel=\"canonical\" href=\"https:\/\/hausarzt-brackenheim.de\/home.html\/ueber-uns-html\/frau-karin-luetzner\" \/>\n<meta property=\"og:locale\" content=\"de_DE\" \/>\n<meta property=\"og:type\" content=\"article\" \/>\n<meta property=\"og:title\" content=\"Frau Dr. med. L\u00fctzner &#8226; Hausarztpraxis Brackenheim\" \/>\n<meta property=\"og:description\" content=\"Frau Dr. med. L\u00fctzner Weiterbildungsassistentin Studium 2009 \u2013 2015\u00a0\u00a0\u00a0\u00a0\u00a0\u00a0\u00a0\u00a0\u00a0\u00a0\u00a0\u00a0\u00a0\u00a0\u00a0\u00a0 Medizinstudium an der Universit\u00e4t Ulm \u00a0 Beruflicher Werdegang 2016 \u2013 2017 \u00a0\u00a0\u00a0 Klinik f\u00fcr Orthop\u00e4die und Unfallchirurgie, Hand- und Wiederherstellungschirurgie am Klinikum Kempten (Allg\u00e4u) 2018 An\u00e4sthesiologische sowie internistische Intensivmedizin am Klinikum Kempten (Allg\u00e4u) 2019 \u2013 2020 \u00a0\u00a0\u00a0 Klinik f\u00fcr Innere Medizin am Klinikum Kempten (Allg\u00e4u) seit\u00a0 [&hellip;]\" \/>\n<meta property=\"og:url\" content=\"https:\/\/hausarzt-brackenheim.de\/home.html\/ueber-uns-html\/frau-karin-luetzner\" \/>\n<meta property=\"og:site_name\" content=\"Hausarztpraxis Brackenheim\" \/>\n<meta property=\"article:modified_time\" content=\"2025-12-08T08:40:05+00:00\" \/>\n<meta property=\"og:image\" content=\"https:\/\/hausarzt-brackenheim.de\/wp-content\/uploads\/2025\/05\/RDR_0026_farbe-1024x1024.jpg\" \/>\n\t<meta property=\"og:image:width\" content=\"1024\" \/>\n\t<meta property=\"og:image:height\" content=\"1024\" \/>\n\t<meta property=\"og:image:type\" content=\"image\/jpeg\" \/>\n<meta name=\"twitter:card\" content=\"summary_large_image\" \/>\n<meta name=\"twitter:label1\" content=\"Gesch\u00e4tzte Lesezeit\" \/>\n\t<meta name=\"twitter:data1\" content=\"1\u00a0Minute\" \/>\n<script type=\"application\/ld+json\" class=\"yoast-schema-graph\">{\"@context\":\"https:\\\/\\\/schema.org\",\"@graph\":[{\"@type\":\"WebPage\",\"@id\":\"https:\\\/\\\/hausarzt-brackenheim.de\\\/home.html\\\/ueber-uns-html\\\/frau-karin-luetzner\",\"url\":\"https:\\\/\\\/hausarzt-brackenheim.de\\\/home.html\\\/ueber-uns-html\\\/frau-karin-luetzner\",\"name\":\"Frau Dr. med. L\u00fctzner &#8226; Hausarztpraxis Brackenheim\",\"isPartOf\":{\"@id\":\"https:\\\/\\\/hausarzt-brackenheim.de\\\/home.html\\\/#website\"},\"primaryImageOfPage\":{\"@id\":\"https:\\\/\\\/hausarzt-brackenheim.de\\\/home.html\\\/ueber-uns-html\\\/frau-karin-luetzner#primaryimage\"},\"image\":{\"@id\":\"https:\\\/\\\/hausarzt-brackenheim.de\\\/home.html\\\/ueber-uns-html\\\/frau-karin-luetzner#primaryimage\"},\"thumbnailUrl\":\"https:\\\/\\\/hausarzt-brackenheim.de\\\/wp-content\\\/uploads\\\/2025\\\/05\\\/RDR_0026_farbe.jpg\",\"datePublished\":\"2024-10-14T14:58:26+00:00\",\"dateModified\":\"2025-12-08T08:40:05+00:00\",\"breadcrumb\":{\"@id\":\"https:\\\/\\\/hausarzt-brackenheim.de\\\/home.html\\\/ueber-uns-html\\\/frau-karin-luetzner#breadcrumb\"},\"inLanguage\":\"de\",\"potentialAction\":[{\"@type\":\"ReadAction\",\"target\":[\"https:\\\/\\\/hausarzt-brackenheim.de\\\/home.html\\\/ueber-uns-html\\\/frau-karin-luetzner\"]}]},{\"@type\":\"ImageObject\",\"inLanguage\":\"de\",\"@id\":\"https:\\\/\\\/hausarzt-brackenheim.de\\\/home.html\\\/ueber-uns-html\\\/frau-karin-luetzner#primaryimage\",\"url\":\"https:\\\/\\\/hausarzt-brackenheim.de\\\/wp-content\\\/uploads\\\/2025\\\/05\\\/RDR_0026_farbe.jpg\",\"contentUrl\":\"https:\\\/\\\/hausarzt-brackenheim.de\\\/wp-content\\\/uploads\\\/2025\\\/05\\\/RDR_0026_farbe.jpg\"},{\"@type\":\"BreadcrumbList\",\"@id\":\"https:\\\/\\\/hausarzt-brackenheim.de\\\/home.html\\\/ueber-uns-html\\\/frau-karin-luetzner#breadcrumb\",\"itemListElement\":[{\"@type\":\"ListItem\",\"position\":1,\"name\":\"Home\",\"item\":\"https:\\\/\\\/hausarzt-brackenheim.de\\\/home.html\\\/\"},{\"@type\":\"ListItem\",\"position\":2,\"name\":\"\u00dcber uns\",\"item\":\"https:\\\/\\\/hausarzt-brackenheim.de\\\/home.html\\\/ueber-uns-html\"},{\"@type\":\"ListItem\",\"position\":3,\"name\":\"Frau Dr. med. L\u00fctzner\"}]},{\"@type\":\"WebSite\",\"@id\":\"https:\\\/\\\/hausarzt-brackenheim.de\\\/home.html\\\/#website\",\"url\":\"https:\\\/\\\/hausarzt-brackenheim.de\\\/home.html\\\/\",\"name\":\"Hausarztpraxis Brackenheim\",\"description\":\"Dr. med. Stellzig-Ullrich | Dr. med. Froihofer | Dr. med. Schirrmann | Frau Schirrmann\",\"publisher\":{\"@id\":\"https:\\\/\\\/hausarzt-brackenheim.de\\\/home.html\\\/#organization\"},\"alternateName\":\"Hausarzt in Brackenheim\",\"potentialAction\":[{\"@type\":\"SearchAction\",\"target\":{\"@type\":\"EntryPoint\",\"urlTemplate\":\"https:\\\/\\\/hausarzt-brackenheim.de\\\/home.html\\\/?s={search_term_string}\"},\"query-input\":{\"@type\":\"PropertyValueSpecification\",\"valueRequired\":true,\"valueName\":\"search_term_string\"}}],\"inLanguage\":\"de\"},{\"@type\":\"Organization\",\"@id\":\"https:\\\/\\\/hausarzt-brackenheim.de\\\/home.html\\\/#organization\",\"name\":\"Hausarztpraxis Brackenheim\",\"url\":\"https:\\\/\\\/hausarzt-brackenheim.de\\\/home.html\\\/\",\"logo\":{\"@type\":\"ImageObject\",\"inLanguage\":\"de\",\"@id\":\"https:\\\/\\\/hausarzt-brackenheim.de\\\/home.html\\\/#\\\/schema\\\/logo\\\/image\\\/\",\"url\":\"https:\\\/\\\/hausarzt-brackenheim.de\\\/wp-content\\\/uploads\\\/2023\\\/07\\\/favicon-Schirrmann-Stellzig.png\",\"contentUrl\":\"https:\\\/\\\/hausarzt-brackenheim.de\\\/wp-content\\\/uploads\\\/2023\\\/07\\\/favicon-Schirrmann-Stellzig.png\",\"width\":512,\"height\":512,\"caption\":\"Hausarztpraxis Brackenheim\"},\"image\":{\"@id\":\"https:\\\/\\\/hausarzt-brackenheim.de\\\/home.html\\\/#\\\/schema\\\/logo\\\/image\\\/\"}}]}<\/script>\n<!-- \/ Yoast SEO plugin. -->","yoast_head_json":{"title":"Frau Dr. med. L\u00fctzner &#8226; Hausarztpraxis Brackenheim","robots":{"index":"index","follow":"follow","max-snippet":"max-snippet:-1","max-image-preview":"max-image-preview:large","max-video-preview":"max-video-preview:-1"},"canonical":"https:\/\/hausarzt-brackenheim.de\/home.html\/ueber-uns-html\/frau-karin-luetzner","og_locale":"de_DE","og_type":"article","og_title":"Frau Dr. med. L\u00fctzner &#8226; Hausarztpraxis Brackenheim","og_description":"Frau Dr. med. L\u00fctzner Weiterbildungsassistentin Studium 2009 \u2013 2015\u00a0\u00a0\u00a0\u00a0\u00a0\u00a0\u00a0\u00a0\u00a0\u00a0\u00a0\u00a0\u00a0\u00a0\u00a0\u00a0 Medizinstudium an der Universit\u00e4t Ulm \u00a0 Beruflicher Werdegang 2016 \u2013 2017 \u00a0\u00a0\u00a0 Klinik f\u00fcr Orthop\u00e4die und Unfallchirurgie, Hand- und Wiederherstellungschirurgie am Klinikum Kempten (Allg\u00e4u) 2018 An\u00e4sthesiologische sowie internistische Intensivmedizin am Klinikum Kempten (Allg\u00e4u) 2019 \u2013 2020 \u00a0\u00a0\u00a0 Klinik f\u00fcr Innere Medizin am Klinikum Kempten (Allg\u00e4u) seit\u00a0 [&hellip;]","og_url":"https:\/\/hausarzt-brackenheim.de\/home.html\/ueber-uns-html\/frau-karin-luetzner","og_site_name":"Hausarztpraxis Brackenheim","article_modified_time":"2025-12-08T08:40:05+00:00","og_image":[{"width":1024,"height":1024,"url":"https:\/\/hausarzt-brackenheim.de\/wp-content\/uploads\/2025\/05\/RDR_0026_farbe-1024x1024.jpg","type":"image\/jpeg"}],"twitter_card":"summary_large_image","twitter_misc":{"Gesch\u00e4tzte Lesezeit":"1\u00a0Minute"},"schema":{"@context":"https:\/\/schema.org","@graph":[{"@type":"WebPage","@id":"https:\/\/hausarzt-brackenheim.de\/home.html\/ueber-uns-html\/frau-karin-luetzner","url":"https:\/\/hausarzt-brackenheim.de\/home.html\/ueber-uns-html\/frau-karin-luetzner","name":"Frau Dr. med. L\u00fctzner &#8226; Hausarztpraxis Brackenheim","isPartOf":{"@id":"https:\/\/hausarzt-brackenheim.de\/home.html\/#website"},"primaryImageOfPage":{"@id":"https:\/\/hausarzt-brackenheim.de\/home.html\/ueber-uns-html\/frau-karin-luetzner#primaryimage"},"image":{"@id":"https:\/\/hausarzt-brackenheim.de\/home.html\/ueber-uns-html\/frau-karin-luetzner#primaryimage"},"thumbnailUrl":"https:\/\/hausarzt-brackenheim.de\/wp-content\/uploads\/2025\/05\/RDR_0026_farbe.jpg","datePublished":"2024-10-14T14:58:26+00:00","dateModified":"2025-12-08T08:40:05+00:00","breadcrumb":{"@id":"https:\/\/hausarzt-brackenheim.de\/home.html\/ueber-uns-html\/frau-karin-luetzner#breadcrumb"},"inLanguage":"de","potentialAction":[{"@type":"ReadAction","target":["https:\/\/hausarzt-brackenheim.de\/home.html\/ueber-uns-html\/frau-karin-luetzner"]}]},{"@type":"ImageObject","inLanguage":"de","@id":"https:\/\/hausarzt-brackenheim.de\/home.html\/ueber-uns-html\/frau-karin-luetzner#primaryimage","url":"https:\/\/hausarzt-brackenheim.de\/wp-content\/uploads\/2025\/05\/RDR_0026_farbe.jpg","contentUrl":"https:\/\/hausarzt-brackenheim.de\/wp-content\/uploads\/2025\/05\/RDR_0026_farbe.jpg"},{"@type":"BreadcrumbList","@id":"https:\/\/hausarzt-brackenheim.de\/home.html\/ueber-uns-html\/frau-karin-luetzner#breadcrumb","itemListElement":[{"@type":"ListItem","position":1,"name":"Home","item":"https:\/\/hausarzt-brackenheim.de\/home.html\/"},{"@type":"ListItem","position":2,"name":"\u00dcber uns","item":"https:\/\/hausarzt-brackenheim.de\/home.html\/ueber-uns-html"},{"@type":"ListItem","position":3,"name":"Frau Dr. med. L\u00fctzner"}]},{"@type":"WebSite","@id":"https:\/\/hausarzt-brackenheim.de\/home.html\/#website","url":"https:\/\/hausarzt-brackenheim.de\/home.html\/","name":"Hausarztpraxis Brackenheim","description":"Dr. med. Stellzig-Ullrich | Dr. med. Froihofer | Dr. med. Schirrmann | Frau Schirrmann","publisher":{"@id":"https:\/\/hausarzt-brackenheim.de\/home.html\/#organization"},"alternateName":"Hausarzt in Brackenheim","potentialAction":[{"@type":"SearchAction","target":{"@type":"EntryPoint","urlTemplate":"https:\/\/hausarzt-brackenheim.de\/home.html\/?s={search_term_string}"},"query-input":{"@type":"PropertyValueSpecification","valueRequired":true,"valueName":"search_term_string"}}],"inLanguage":"de"},{"@type":"Organization","@id":"https:\/\/hausarzt-brackenheim.de\/home.html\/#organization","name":"Hausarztpraxis Brackenheim","url":"https:\/\/hausarzt-brackenheim.de\/home.html\/","logo":{"@type":"ImageObject","inLanguage":"de","@id":"https:\/\/hausarzt-brackenheim.de\/home.html\/#\/schema\/logo\/image\/","url":"https:\/\/hausarzt-brackenheim.de\/wp-content\/uploads\/2023\/07\/favicon-Schirrmann-Stellzig.png","contentUrl":"https:\/\/hausarzt-brackenheim.de\/wp-content\/uploads\/2023\/07\/favicon-Schirrmann-Stellzig.png","width":512,"height":512,"caption":"Hausarztpraxis Brackenheim"},"image":{"@id":"https:\/\/hausarzt-brackenheim.de\/home.html\/#\/schema\/logo\/image\/"}}]}},"_links":{"self":[{"href":"https:\/\/hausarzt-brackenheim.de\/home.html\/wp-json\/wp\/v2\/pages\/1030","targetHints":{"allow":["GET"]}}],"collection":[{"href":"https:\/\/hausarzt-brackenheim.de\/home.html\/wp-json\/wp\/v2\/pages"}],"about":[{"href":"https:\/\/hausarzt-brackenheim.de\/home.html\/wp-json\/wp\/v2\/types\/page"}],"author":[{"embeddable":true,"href":"https:\/\/hausarzt-brackenheim.de\/home.html\/wp-json\/wp\/v2\/users\/1"}],"replies":[{"embeddable":true,"href":"https:\/\/hausarzt-brackenheim.de\/home.html\/wp-json\/wp\/v2\/comments?post=1030"}],"version-history":[{"count":36,"href":"https:\/\/hausarzt-brackenheim.de\/home.html\/wp-json\/wp\/v2\/pages\/1030\/revisions"}],"predecessor-version":[{"id":1312,"href":"https:\/\/hausarzt-brackenheim.de\/home.html\/wp-json\/wp\/v2\/pages\/1030\/revisions\/1312"}],"up":[{"embeddable":true,"href":"https:\/\/hausarzt-brackenheim.de\/home.html\/wp-json\/wp\/v2\/pages\/10"}],"wp:attachment":[{"href":"https:\/\/hausarzt-brackenheim.de\/home.html\/wp-json\/wp\/v2\/media?parent=1030"}],"curies":[{"name":"wp","href":"https:\/\/api.w.org\/{rel}","templated":true}]}}