{"id":1023,"date":"2024-10-14T14:56:54","date_gmt":"2024-10-14T14:56:54","guid":{"rendered":"https:\/\/hausarzt-brackenheim.de\/home.html\/?page_id=1023"},"modified":"2025-09-25T10:03:14","modified_gmt":"2025-09-25T10:03:14","slug":"frau-ramona-blinkle","status":"publish","type":"page","link":"https:\/\/hausarzt-brackenheim.de\/home.html\/ueber-uns-html\/frau-ramona-blinkle","title":{"rendered":"Frau Ramona Blinkle"},"content":{"rendered":"\t\t<div data-elementor-type=\"wp-page\" data-elementor-id=\"1023\" class=\"elementor elementor-1023\" data-elementor-post-type=\"page\">\n\t\t\t\t<div class=\"elementor-element elementor-element-3f7c7d0 e-con-full e-flex e-con e-parent\" data-id=\"3f7c7d0\" data-element_type=\"container\" data-e-type=\"container\" data-settings=\"{&quot;background_background&quot;:&quot;classic&quot;}\">\n\t\t<div class=\"elementor-element elementor-element-5435878 e-con-full e-flex e-con e-child\" data-id=\"5435878\" data-element_type=\"container\" data-e-type=\"container\" data-settings=\"{&quot;background_background&quot;:&quot;classic&quot;}\">\n\t\t\t\t<div class=\"elementor-element elementor-element-0af41ec animated-slow elementor-invisible elementor-widget elementor-widget-heading\" data-id=\"0af41ec\" data-element_type=\"widget\" data-e-type=\"widget\" data-settings=\"{&quot;_animation&quot;:&quot;fadeInLeft&quot;}\" data-widget_type=\"heading.default\">\n\t\t\t\t<div class=\"elementor-widget-container\">\n\t\t\t\t\t<h2 class=\"elementor-heading-title elementor-size-default\">Frau Ramona Blinkle<\/h2>\t\t\t\t<\/div>\n\t\t\t\t<\/div>\n\t\t\t\t<div class=\"elementor-element elementor-element-dfbce79 animated-slow elementor-invisible elementor-widget elementor-widget-heading\" data-id=\"dfbce79\" data-element_type=\"widget\" data-e-type=\"widget\" data-settings=\"{&quot;_animation&quot;:&quot;fadeInLeft&quot;}\" data-widget_type=\"heading.default\">\n\t\t\t\t<div class=\"elementor-widget-container\">\n\t\t\t\t\t<h3 class=\"elementor-heading-title elementor-size-default\">Physician Assistent<\/h3>\t\t\t\t<\/div>\n\t\t\t\t<\/div>\n\t\t\t\t<div class=\"elementor-element elementor-element-4ec4222 elementor-widget__width-initial elementor-widget elementor-widget-text-editor\" data-id=\"4ec4222\" data-element_type=\"widget\" data-e-type=\"widget\" data-widget_type=\"text-editor.default\">\n\t\t\t\t<div class=\"elementor-widget-container\">\n\t\t\t\t\t\t\t\t\t<p>Frau Blinkle verst\u00e4rkt unser Team \u00e4rztlicherseits, nachdem sie ein zus\u00e4tzliches 3j\u00e4hriges Studium nach ihrer Ausbildung zur medizinischen Fachangestellten und VERAH absolviert hat. Damit ist sie bestens qualifiziert, um delegativ Arbeitsinhalte selbstst\u00e4ndig zu \u00fcbernehmen und damit das \u00c4rzteteam zu entlasten. Wir freuen uns mit Frau Blinkle zusammen ein innovatives Arbeitskonzept zur Verbesserung der haus\u00e4rztlichen Versorgung umsetzen zu k\u00f6nnen.<\/p>\t\t\t\t\t\t\t\t<\/div>\n\t\t\t\t<\/div>\n\t\t\t\t<\/div>\n\t\t<div class=\"elementor-element elementor-element-f589656 e-con-full e-flex e-con e-child\" data-id=\"f589656\" data-element_type=\"container\" data-e-type=\"container\">\n\t\t\t\t<div class=\"elementor-element elementor-element-56612fd animated-slow elementor-invisible elementor-widget elementor-widget-image\" data-id=\"56612fd\" data-element_type=\"widget\" data-e-type=\"widget\" data-settings=\"{&quot;_animation&quot;:&quot;fadeInRight&quot;}\" data-widget_type=\"image.default\">\n\t\t\t\t<div class=\"elementor-widget-container\">\n\t\t\t\t\t\t\t\t\t\t\t\t\t\t\t<img fetchpriority=\"high\" decoding=\"async\" width=\"2240\" height=\"2240\" src=\"https:\/\/hausarzt-brackenheim.de\/wp-content\/uploads\/2025\/05\/RDR_9938_farbe.jpg\" class=\"attachment-full size-full wp-image-1130\" alt=\"\" srcset=\"https:\/\/hausarzt-brackenheim.de\/wp-content\/uploads\/2025\/05\/RDR_9938_farbe.jpg 2240w, https:\/\/hausarzt-brackenheim.de\/wp-content\/uploads\/2025\/05\/RDR_9938_farbe-300x300.jpg 300w, https:\/\/hausarzt-brackenheim.de\/wp-content\/uploads\/2025\/05\/RDR_9938_farbe-1024x1024.jpg 1024w, https:\/\/hausarzt-brackenheim.de\/wp-content\/uploads\/2025\/05\/RDR_9938_farbe-150x150.jpg 150w, https:\/\/hausarzt-brackenheim.de\/wp-content\/uploads\/2025\/05\/RDR_9938_farbe-768x768.jpg 768w, https:\/\/hausarzt-brackenheim.de\/wp-content\/uploads\/2025\/05\/RDR_9938_farbe-1536x1536.jpg 1536w, https:\/\/hausarzt-brackenheim.de\/wp-content\/uploads\/2025\/05\/RDR_9938_farbe-2048x2048.jpg 2048w\" sizes=\"(max-width: 2240px) 100vw, 2240px\" \/>\t\t\t\t\t\t\t\t\t\t\t\t\t\t\t<\/div>\n\t\t\t\t<\/div>\n\t\t\t\t<\/div>\n\t\t\t\t<\/div>\n\t\t<div class=\"elementor-element elementor-element-65eb9a4 e-con-full elementor-hidden-desktop elementor-hidden-tablet elementor-hidden-mobile e-flex e-con e-parent\" data-id=\"65eb9a4\" data-element_type=\"container\" data-e-type=\"container\" data-settings=\"{&quot;background_background&quot;:&quot;classic&quot;}\">\n\t\t<div class=\"elementor-element elementor-element-9090162 e-con-full e-flex e-con e-child\" data-id=\"9090162\" data-element_type=\"container\" data-e-type=\"container\" data-settings=\"{&quot;background_background&quot;:&quot;classic&quot;}\">\n\t\t\t\t<div class=\"elementor-element elementor-element-f355420 animated-slow elementor-invisible elementor-widget elementor-widget-heading\" data-id=\"f355420\" data-element_type=\"widget\" data-e-type=\"widget\" data-settings=\"{&quot;_animation&quot;:&quot;fadeInLeft&quot;}\" data-widget_type=\"heading.default\">\n\t\t\t\t<div class=\"elementor-widget-container\">\n\t\t\t\t\t<h2 class=\"elementor-heading-title elementor-size-default\">FRAU SCHIRRMANN<\/h2>\t\t\t\t<\/div>\n\t\t\t\t<\/div>\n\t\t\t\t<div class=\"elementor-element elementor-element-674b400 elementor-widget__width-initial elementor-widget elementor-widget-text-editor\" data-id=\"674b400\" data-element_type=\"widget\" data-e-type=\"widget\" data-widget_type=\"text-editor.default\">\n\t\t\t\t<div class=\"elementor-widget-container\">\n\t\t\t\t\t\t\t\t\t<p><strong>1971-1973:<\/strong><br \/>Ausbildung zur Medizinisch-Technischen Assistentin in T\u00fcbingen<\/p><p>\u00a0<\/p><p><strong>1973-1976: <\/strong><br \/>T\u00e4tigkeit als MTA in T\u00fcbingen und Lahr<\/p><p>\u00a0<\/p><p><strong>1976-1982: <\/strong><br \/>Medizinstudium an den Universit\u00e4ten Regensburg und M\u00fcnchen<\/p><p>\u00a0<\/p><p><strong>1983-1987: <\/strong><br \/>Klinische T\u00e4tigkeit am Krankenhaus Brackenheim (Chirugie und Innere)<\/p><p>\u00a0<\/p><p><strong>1987: <\/strong><br \/>Facharztanerkennung Allgemeinmedizin<\/p><p>\u00a0<\/p><p><strong>1988:<\/strong><br \/>\u00dcbernahme der Praxis Dr. Romberg<\/p><p>\u00a0<\/p><p><strong>1993: <\/strong><br \/>Gr\u00fcndung der Gemeinschaftspraxis mit Frau Dr. Stellzig-Ullrich in der Rosengasse 5<\/p><p>\u00a0<\/p><p><strong>2017: <\/strong><br \/>Neubezug der Praxisr\u00e4ume in der Austrasse 30<\/p><p>\u00a0<\/p><p><strong>2020: <\/strong><br \/>Abgabe der Praxis an die Nachfolger und weitere T\u00e4tigkeit als angestellte \u00c4rztin in der Praxis<\/p>\t\t\t\t\t\t\t\t<\/div>\n\t\t\t\t<\/div>\n\t\t\t\t<\/div>\n\t\t<div class=\"elementor-element elementor-element-6951f5f e-con-full e-flex e-con e-child\" data-id=\"6951f5f\" data-element_type=\"container\" data-e-type=\"container\">\n\t\t\t\t<div class=\"elementor-element elementor-element-bbedad6 animated-slow elementor-invisible elementor-widget elementor-widget-image\" data-id=\"bbedad6\" data-element_type=\"widget\" data-e-type=\"widget\" data-settings=\"{&quot;_animation&quot;:&quot;fadeInRight&quot;}\" data-widget_type=\"image.default\">\n\t\t\t\t<div class=\"elementor-widget-container\">\n\t\t\t\t\t\t\t\t\t\t\t\t\t\t\t<img decoding=\"async\" width=\"1000\" height=\"1000\" src=\"https:\/\/hausarzt-brackenheim.de\/wp-content\/uploads\/2023\/08\/Hausarztpraxis-Schirrmann-Stellzig-Home-Schirrmann.jpg\" class=\"attachment-full size-full wp-image-191\" alt=\"\" srcset=\"https:\/\/hausarzt-brackenheim.de\/wp-content\/uploads\/2023\/08\/Hausarztpraxis-Schirrmann-Stellzig-Home-Schirrmann.jpg 1000w, https:\/\/hausarzt-brackenheim.de\/wp-content\/uploads\/2023\/08\/Hausarztpraxis-Schirrmann-Stellzig-Home-Schirrmann-300x300.jpg 300w, https:\/\/hausarzt-brackenheim.de\/wp-content\/uploads\/2023\/08\/Hausarztpraxis-Schirrmann-Stellzig-Home-Schirrmann-150x150.jpg 150w, https:\/\/hausarzt-brackenheim.de\/wp-content\/uploads\/2023\/08\/Hausarztpraxis-Schirrmann-Stellzig-Home-Schirrmann-768x768.jpg 768w\" sizes=\"(max-width: 1000px) 100vw, 1000px\" \/>\t\t\t\t\t\t\t\t\t\t\t\t\t\t\t<\/div>\n\t\t\t\t<\/div>\n\t\t\t\t<\/div>\n\t\t\t\t<\/div>\n\t\t\t\t<\/div>\n\t\t","protected":false},"excerpt":{"rendered":"<p>Frau Ramona Blinkle Physician Assistent Frau Blinkle verst\u00e4rkt unser Team \u00e4rztlicherseits, nachdem sie ein zus\u00e4tzliches 3j\u00e4hriges Studium nach ihrer Ausbildung zur medizinischen Fachangestellten und VERAH absolviert hat. Damit ist sie bestens qualifiziert, um delegativ Arbeitsinhalte selbstst\u00e4ndig zu \u00fcbernehmen und damit das \u00c4rzteteam zu entlasten. Wir freuen uns mit Frau Blinkle zusammen ein innovatives Arbeitskonzept zur [&hellip;]<\/p>\n","protected":false},"author":1,"featured_media":0,"parent":10,"menu_order":40,"comment_status":"closed","ping_status":"closed","template":"","meta":{"footnotes":""},"class_list":["post-1023","page","type-page","status-publish","hentry"],"yoast_head":"<!-- This site is optimized with the Yoast SEO plugin v27.3 - https:\/\/yoast.com\/product\/yoast-seo-wordpress\/ -->\n<title>Frau Ramona Blinkle &#8226; Hausarztpraxis Brackenheim<\/title>\n<meta name=\"robots\" content=\"index, follow, max-snippet:-1, max-image-preview:large, max-video-preview:-1\" \/>\n<link rel=\"canonical\" href=\"https:\/\/hausarzt-brackenheim.de\/home.html\/ueber-uns-html\/frau-ramona-blinkle\" \/>\n<meta property=\"og:locale\" content=\"de_DE\" \/>\n<meta property=\"og:type\" content=\"article\" \/>\n<meta property=\"og:title\" content=\"Frau Ramona Blinkle &#8226; Hausarztpraxis Brackenheim\" \/>\n<meta property=\"og:description\" content=\"Frau Ramona Blinkle Physician Assistent Frau Blinkle verst\u00e4rkt unser Team \u00e4rztlicherseits, nachdem sie ein zus\u00e4tzliches 3j\u00e4hriges Studium nach ihrer Ausbildung zur medizinischen Fachangestellten und VERAH absolviert hat. Damit ist sie bestens qualifiziert, um delegativ Arbeitsinhalte selbstst\u00e4ndig zu \u00fcbernehmen und damit das \u00c4rzteteam zu entlasten. Wir freuen uns mit Frau Blinkle zusammen ein innovatives Arbeitskonzept zur [&hellip;]\" \/>\n<meta property=\"og:url\" content=\"https:\/\/hausarzt-brackenheim.de\/home.html\/ueber-uns-html\/frau-ramona-blinkle\" \/>\n<meta property=\"og:site_name\" content=\"Hausarztpraxis Brackenheim\" \/>\n<meta property=\"article:modified_time\" content=\"2025-09-25T10:03:14+00:00\" \/>\n<meta property=\"og:image\" content=\"https:\/\/hausarzt-brackenheim.de\/wp-content\/uploads\/2025\/05\/RDR_9938_farbe.jpg\" \/>\n<meta name=\"twitter:card\" content=\"summary_large_image\" \/>\n<meta name=\"twitter:label1\" content=\"Gesch\u00e4tzte Lesezeit\" \/>\n\t<meta name=\"twitter:data1\" content=\"2\u00a0Minuten\" \/>\n<script type=\"application\/ld+json\" class=\"yoast-schema-graph\">{\"@context\":\"https:\\\/\\\/schema.org\",\"@graph\":[{\"@type\":\"WebPage\",\"@id\":\"https:\\\/\\\/hausarzt-brackenheim.de\\\/home.html\\\/ueber-uns-html\\\/frau-ramona-blinkle\",\"url\":\"https:\\\/\\\/hausarzt-brackenheim.de\\\/home.html\\\/ueber-uns-html\\\/frau-ramona-blinkle\",\"name\":\"Frau Ramona Blinkle &#8226; Hausarztpraxis Brackenheim\",\"isPartOf\":{\"@id\":\"https:\\\/\\\/hausarzt-brackenheim.de\\\/home.html\\\/#website\"},\"primaryImageOfPage\":{\"@id\":\"https:\\\/\\\/hausarzt-brackenheim.de\\\/home.html\\\/ueber-uns-html\\\/frau-ramona-blinkle#primaryimage\"},\"image\":{\"@id\":\"https:\\\/\\\/hausarzt-brackenheim.de\\\/home.html\\\/ueber-uns-html\\\/frau-ramona-blinkle#primaryimage\"},\"thumbnailUrl\":\"https:\\\/\\\/hausarzt-brackenheim.de\\\/wp-content\\\/uploads\\\/2025\\\/05\\\/RDR_9938_farbe.jpg\",\"datePublished\":\"2024-10-14T14:56:54+00:00\",\"dateModified\":\"2025-09-25T10:03:14+00:00\",\"breadcrumb\":{\"@id\":\"https:\\\/\\\/hausarzt-brackenheim.de\\\/home.html\\\/ueber-uns-html\\\/frau-ramona-blinkle#breadcrumb\"},\"inLanguage\":\"de\",\"potentialAction\":[{\"@type\":\"ReadAction\",\"target\":[\"https:\\\/\\\/hausarzt-brackenheim.de\\\/home.html\\\/ueber-uns-html\\\/frau-ramona-blinkle\"]}]},{\"@type\":\"ImageObject\",\"inLanguage\":\"de\",\"@id\":\"https:\\\/\\\/hausarzt-brackenheim.de\\\/home.html\\\/ueber-uns-html\\\/frau-ramona-blinkle#primaryimage\",\"url\":\"https:\\\/\\\/hausarzt-brackenheim.de\\\/wp-content\\\/uploads\\\/2025\\\/05\\\/RDR_9938_farbe.jpg\",\"contentUrl\":\"https:\\\/\\\/hausarzt-brackenheim.de\\\/wp-content\\\/uploads\\\/2025\\\/05\\\/RDR_9938_farbe.jpg\"},{\"@type\":\"BreadcrumbList\",\"@id\":\"https:\\\/\\\/hausarzt-brackenheim.de\\\/home.html\\\/ueber-uns-html\\\/frau-ramona-blinkle#breadcrumb\",\"itemListElement\":[{\"@type\":\"ListItem\",\"position\":1,\"name\":\"Home\",\"item\":\"https:\\\/\\\/hausarzt-brackenheim.de\\\/home.html\\\/\"},{\"@type\":\"ListItem\",\"position\":2,\"name\":\"\u00dcber uns\",\"item\":\"https:\\\/\\\/hausarzt-brackenheim.de\\\/home.html\\\/ueber-uns-html\"},{\"@type\":\"ListItem\",\"position\":3,\"name\":\"Frau Ramona Blinkle\"}]},{\"@type\":\"WebSite\",\"@id\":\"https:\\\/\\\/hausarzt-brackenheim.de\\\/home.html\\\/#website\",\"url\":\"https:\\\/\\\/hausarzt-brackenheim.de\\\/home.html\\\/\",\"name\":\"Hausarztpraxis Brackenheim\",\"description\":\"Dr. med. Stellzig-Ullrich | Dr. med. Froihofer | Dr. med. Schirrmann | Frau Schirrmann\",\"publisher\":{\"@id\":\"https:\\\/\\\/hausarzt-brackenheim.de\\\/home.html\\\/#organization\"},\"alternateName\":\"Hausarzt in Brackenheim\",\"potentialAction\":[{\"@type\":\"SearchAction\",\"target\":{\"@type\":\"EntryPoint\",\"urlTemplate\":\"https:\\\/\\\/hausarzt-brackenheim.de\\\/home.html\\\/?s={search_term_string}\"},\"query-input\":{\"@type\":\"PropertyValueSpecification\",\"valueRequired\":true,\"valueName\":\"search_term_string\"}}],\"inLanguage\":\"de\"},{\"@type\":\"Organization\",\"@id\":\"https:\\\/\\\/hausarzt-brackenheim.de\\\/home.html\\\/#organization\",\"name\":\"Hausarztpraxis Brackenheim\",\"url\":\"https:\\\/\\\/hausarzt-brackenheim.de\\\/home.html\\\/\",\"logo\":{\"@type\":\"ImageObject\",\"inLanguage\":\"de\",\"@id\":\"https:\\\/\\\/hausarzt-brackenheim.de\\\/home.html\\\/#\\\/schema\\\/logo\\\/image\\\/\",\"url\":\"https:\\\/\\\/hausarzt-brackenheim.de\\\/wp-content\\\/uploads\\\/2023\\\/07\\\/favicon-Schirrmann-Stellzig.png\",\"contentUrl\":\"https:\\\/\\\/hausarzt-brackenheim.de\\\/wp-content\\\/uploads\\\/2023\\\/07\\\/favicon-Schirrmann-Stellzig.png\",\"width\":512,\"height\":512,\"caption\":\"Hausarztpraxis Brackenheim\"},\"image\":{\"@id\":\"https:\\\/\\\/hausarzt-brackenheim.de\\\/home.html\\\/#\\\/schema\\\/logo\\\/image\\\/\"}}]}<\/script>\n<!-- \/ Yoast SEO plugin. -->","yoast_head_json":{"title":"Frau Ramona Blinkle &#8226; Hausarztpraxis Brackenheim","robots":{"index":"index","follow":"follow","max-snippet":"max-snippet:-1","max-image-preview":"max-image-preview:large","max-video-preview":"max-video-preview:-1"},"canonical":"https:\/\/hausarzt-brackenheim.de\/home.html\/ueber-uns-html\/frau-ramona-blinkle","og_locale":"de_DE","og_type":"article","og_title":"Frau Ramona Blinkle &#8226; Hausarztpraxis Brackenheim","og_description":"Frau Ramona Blinkle Physician Assistent Frau Blinkle verst\u00e4rkt unser Team \u00e4rztlicherseits, nachdem sie ein zus\u00e4tzliches 3j\u00e4hriges Studium nach ihrer Ausbildung zur medizinischen Fachangestellten und VERAH absolviert hat. Damit ist sie bestens qualifiziert, um delegativ Arbeitsinhalte selbstst\u00e4ndig zu \u00fcbernehmen und damit das \u00c4rzteteam zu entlasten. Wir freuen uns mit Frau Blinkle zusammen ein innovatives Arbeitskonzept zur [&hellip;]","og_url":"https:\/\/hausarzt-brackenheim.de\/home.html\/ueber-uns-html\/frau-ramona-blinkle","og_site_name":"Hausarztpraxis Brackenheim","article_modified_time":"2025-09-25T10:03:14+00:00","og_image":[{"url":"https:\/\/hausarzt-brackenheim.de\/wp-content\/uploads\/2025\/05\/RDR_9938_farbe.jpg","type":"","width":"","height":""}],"twitter_card":"summary_large_image","twitter_misc":{"Gesch\u00e4tzte Lesezeit":"2\u00a0Minuten"},"schema":{"@context":"https:\/\/schema.org","@graph":[{"@type":"WebPage","@id":"https:\/\/hausarzt-brackenheim.de\/home.html\/ueber-uns-html\/frau-ramona-blinkle","url":"https:\/\/hausarzt-brackenheim.de\/home.html\/ueber-uns-html\/frau-ramona-blinkle","name":"Frau Ramona Blinkle &#8226; Hausarztpraxis Brackenheim","isPartOf":{"@id":"https:\/\/hausarzt-brackenheim.de\/home.html\/#website"},"primaryImageOfPage":{"@id":"https:\/\/hausarzt-brackenheim.de\/home.html\/ueber-uns-html\/frau-ramona-blinkle#primaryimage"},"image":{"@id":"https:\/\/hausarzt-brackenheim.de\/home.html\/ueber-uns-html\/frau-ramona-blinkle#primaryimage"},"thumbnailUrl":"https:\/\/hausarzt-brackenheim.de\/wp-content\/uploads\/2025\/05\/RDR_9938_farbe.jpg","datePublished":"2024-10-14T14:56:54+00:00","dateModified":"2025-09-25T10:03:14+00:00","breadcrumb":{"@id":"https:\/\/hausarzt-brackenheim.de\/home.html\/ueber-uns-html\/frau-ramona-blinkle#breadcrumb"},"inLanguage":"de","potentialAction":[{"@type":"ReadAction","target":["https:\/\/hausarzt-brackenheim.de\/home.html\/ueber-uns-html\/frau-ramona-blinkle"]}]},{"@type":"ImageObject","inLanguage":"de","@id":"https:\/\/hausarzt-brackenheim.de\/home.html\/ueber-uns-html\/frau-ramona-blinkle#primaryimage","url":"https:\/\/hausarzt-brackenheim.de\/wp-content\/uploads\/2025\/05\/RDR_9938_farbe.jpg","contentUrl":"https:\/\/hausarzt-brackenheim.de\/wp-content\/uploads\/2025\/05\/RDR_9938_farbe.jpg"},{"@type":"BreadcrumbList","@id":"https:\/\/hausarzt-brackenheim.de\/home.html\/ueber-uns-html\/frau-ramona-blinkle#breadcrumb","itemListElement":[{"@type":"ListItem","position":1,"name":"Home","item":"https:\/\/hausarzt-brackenheim.de\/home.html\/"},{"@type":"ListItem","position":2,"name":"\u00dcber uns","item":"https:\/\/hausarzt-brackenheim.de\/home.html\/ueber-uns-html"},{"@type":"ListItem","position":3,"name":"Frau Ramona Blinkle"}]},{"@type":"WebSite","@id":"https:\/\/hausarzt-brackenheim.de\/home.html\/#website","url":"https:\/\/hausarzt-brackenheim.de\/home.html\/","name":"Hausarztpraxis Brackenheim","description":"Dr. med. Stellzig-Ullrich | Dr. med. Froihofer | Dr. med. Schirrmann | Frau Schirrmann","publisher":{"@id":"https:\/\/hausarzt-brackenheim.de\/home.html\/#organization"},"alternateName":"Hausarzt in Brackenheim","potentialAction":[{"@type":"SearchAction","target":{"@type":"EntryPoint","urlTemplate":"https:\/\/hausarzt-brackenheim.de\/home.html\/?s={search_term_string}"},"query-input":{"@type":"PropertyValueSpecification","valueRequired":true,"valueName":"search_term_string"}}],"inLanguage":"de"},{"@type":"Organization","@id":"https:\/\/hausarzt-brackenheim.de\/home.html\/#organization","name":"Hausarztpraxis Brackenheim","url":"https:\/\/hausarzt-brackenheim.de\/home.html\/","logo":{"@type":"ImageObject","inLanguage":"de","@id":"https:\/\/hausarzt-brackenheim.de\/home.html\/#\/schema\/logo\/image\/","url":"https:\/\/hausarzt-brackenheim.de\/wp-content\/uploads\/2023\/07\/favicon-Schirrmann-Stellzig.png","contentUrl":"https:\/\/hausarzt-brackenheim.de\/wp-content\/uploads\/2023\/07\/favicon-Schirrmann-Stellzig.png","width":512,"height":512,"caption":"Hausarztpraxis Brackenheim"},"image":{"@id":"https:\/\/hausarzt-brackenheim.de\/home.html\/#\/schema\/logo\/image\/"}}]}},"_links":{"self":[{"href":"https:\/\/hausarzt-brackenheim.de\/home.html\/wp-json\/wp\/v2\/pages\/1023","targetHints":{"allow":["GET"]}}],"collection":[{"href":"https:\/\/hausarzt-brackenheim.de\/home.html\/wp-json\/wp\/v2\/pages"}],"about":[{"href":"https:\/\/hausarzt-brackenheim.de\/home.html\/wp-json\/wp\/v2\/types\/page"}],"author":[{"embeddable":true,"href":"https:\/\/hausarzt-brackenheim.de\/home.html\/wp-json\/wp\/v2\/users\/1"}],"replies":[{"embeddable":true,"href":"https:\/\/hausarzt-brackenheim.de\/home.html\/wp-json\/wp\/v2\/comments?post=1023"}],"version-history":[{"count":15,"href":"https:\/\/hausarzt-brackenheim.de\/home.html\/wp-json\/wp\/v2\/pages\/1023\/revisions"}],"predecessor-version":[{"id":1158,"href":"https:\/\/hausarzt-brackenheim.de\/home.html\/wp-json\/wp\/v2\/pages\/1023\/revisions\/1158"}],"up":[{"embeddable":true,"href":"https:\/\/hausarzt-brackenheim.de\/home.html\/wp-json\/wp\/v2\/pages\/10"}],"wp:attachment":[{"href":"https:\/\/hausarzt-brackenheim.de\/home.html\/wp-json\/wp\/v2\/media?parent=1023"}],"curies":[{"name":"wp","href":"https:\/\/api.w.org\/{rel}","templated":true}]}}